{"id":826,"date":"2024-02-15T13:28:51","date_gmt":"2024-02-15T13:28:51","guid":{"rendered":"https:\/\/quarty-demo.bslthemes.com\/?page_id=826"},"modified":"2024-02-17T16:32:46","modified_gmt":"2024-02-17T16:32:46","slug":"blog","status":"publish","type":"page","link":"https:\/\/rhbgrass.com\/en\/blog\/","title":{"rendered":"Blog"},"content":{"rendered":"<div data-elementor-type=\"wp-page\" data-elementor-id=\"826\" class=\"elementor elementor-826\">\n\t\t\t\t\t\t<section class=\"elementor-section elementor-top-section elementor-element elementor-element-66cb952 elementor-section-full_width elementor-section-height-default elementor-section-height-default\" data-id=\"66cb952\" data-element_type=\"section\">\n\t\t\t\t\t\t<div class=\"elementor-container elementor-column-gap-no\">\n\t\t\t\t\t<div class=\"elementor-column elementor-col-100 elementor-top-column elementor-element elementor-element-edca18a\" data-id=\"edca18a\" data-element_type=\"column\">\n\t\t\t<div class=\"elementor-widget-wrap elementor-element-populated\">\n\t\t\t\t\t\t<div class=\"elementor-element elementor-element-681945f elementor-widget elementor-widget-quarty-blog-grid\" data-id=\"681945f\" data-element_type=\"widget\" data-widget_type=\"quarty-blog-grid.default\">\n\t\t\t\t<div class=\"elementor-widget-container\">\n\t\t\t\t\t\n\t\t<div class=\"qrt-section qrt-section-sf\">\n\t\t\t<div class=\"row\">\n\t\t\t  \t\t\t  <div class=\"col-lg-12\">\n\t\t\t    <h3 class=\"qrt-mb-40 qrt-title-h\">\n\t\t\t    \t<span >\n\t\t          \t\tBlog\t\t        \t<\/span>\n\t\t\t    <\/h3>\n\t\t\t  <\/div>\n\t\t\t  \n\t\t\t  \t\t  \t  \t\t\t  <div class=\"col-lg-4\">\n\t\t\t  \t\n\n\n<div id=\"post-6832\" class=\"qrt-post-frame post-6832 post type-post status-publish format-standard has-post-thumbnail hentry category-suni-cim\">\n  <a href=\"https:\/\/rhbgrass.com\/en\/artificial-grass-carpet\/\" class=\"qrt-post-thumb qrt-cursor-scale qrt-anima-link\">\n        <img decoding=\"async\" src=\"https:\/\/rhbgrass.com\/wp-content\/uploads\/2023\/11\/football-field-background-pqn06selw0z8lv0h.jpg\" alt=\"Artificial Grass Carpet Types\">\n            <div class=\"qrt-post-date\">\n            <span>\n      \t<i class=\"fa fa-user-o\"><\/i>\n      \t<span class=\"qrt-el-category\">Artificial Grass<\/span>      <\/span>\n            <span><i class=\"fa fa-clock-o\"><\/i> February 8, 2024<\/span>\n    <\/div>\n      <\/a>\n  <div class=\"qrt-post-descr\">\n    <div>\n      <h4 class=\"qrt-cursor-color qrt-post-title\"><a href=\"https:\/\/rhbgrass.com\/en\/artificial-grass-carpet\/\" class=\"qrt-anima-link\">Artificial Grass Carpet Types<\/a><\/h4>\n            <div class=\"qrt-port-short-text\"><p>Artificial turf, also known as artificial grass, is a type of ground covering that is similar to real grass but produced from synthetic fiber material. It is generally preferred in sports fields and landscaping. Artificial turf is sometimes also called \"artificial turf carpet\" because it is laid on the application area.<\/p>\n<\/div>\n          <\/div>\n  <\/div>\n<\/div>\t\t\t  <\/div>\n\t\t\t  \t\t\t  <div class=\"col-lg-4\">\n\t\t\t  \t\n\n\n<div id=\"post-3433\" class=\"qrt-post-frame post-3433 post type-post status-publish format-standard has-post-thumbnail hentry category-suni-cim\">\n  <a href=\"https:\/\/rhbgrass.com\/en\/waterproof-natural-grass\/\" class=\"qrt-post-thumb qrt-cursor-scale qrt-anima-link\">\n        <img decoding=\"async\" src=\"https:\/\/rhbgrass.com\/wp-content\/uploads\/2023\/11\/suni-cim-hali-950x950.webp\" alt=\"What are Waterproof Artificial Grass Carpets?\">\n            <div class=\"qrt-post-date\">\n            <span>\n      \t<i class=\"fa fa-user-o\"><\/i>\n      \t<span class=\"qrt-el-category\">Artificial Grass<\/span>      <\/span>\n            <span><i class=\"fa fa-clock-o\"><\/i> November 6, 2023<\/span>\n    <\/div>\n      <\/a>\n  <div class=\"qrt-post-descr\">\n    <div>\n      <h4 class=\"qrt-cursor-color qrt-post-title\"><a href=\"https:\/\/rhbgrass.com\/en\/waterproof-natural-grass\/\" class=\"qrt-anima-link\">What are Waterproof Artificial Grass Carpets?<\/a><\/h4>\n            <div class=\"qrt-port-short-text\"><p>Solution to the Problems of Natural Grass Artificial turf carpets are the solution to the problems of natural grass with the premium, affordable and durable options offered by RHB Group... <span class=\"qrt-el-more\"><a href=\"https:\/\/rhbgrass.com\/en\/waterproof-natural-grass\/\" class=\"qrt-link qrt-color-link qrt-cursor-scale qrt-w-chevron\">Read more<\/a><\/span><\/p>\n<\/div>\n          <\/div>\n  <\/div>\n<\/div>\t\t\t  <\/div>\n\t\t\t  \t\t\t  <div class=\"col-lg-4\">\n\t\t\t  \t\n\n\n<div id=\"post-7296\" class=\"qrt-post-frame post-7296 post type-post status-publish format-standard has-post-thumbnail hentry category-suni-cim tag-grass tag-turf\">\n  <a href=\"https:\/\/rhbgrass.com\/en\/how-high-quality-synthetic-grass-is-made\/\" class=\"qrt-post-thumb qrt-cursor-scale qrt-anima-link\">\n        <img decoding=\"async\" src=\"https:\/\/rhbgrass.com\/wp-content\/uploads\/2024\/08\/kategorija-isskustvennyj-gazon.jpg\" alt=\"How High-Quality Synthetic Grass is Made\">\n            <div class=\"qrt-post-date\">\n            <span>\n      \t<i class=\"fa fa-user-o\"><\/i>\n      \t<span class=\"qrt-el-category\">Artificial Grass<\/span>      <\/span>\n            <span><i class=\"fa fa-clock-o\"><\/i> August 27, 2024<\/span>\n    <\/div>\n      <\/a>\n  <div class=\"qrt-post-descr\">\n    <div>\n      <h4 class=\"qrt-cursor-color qrt-post-title\"><a href=\"https:\/\/rhbgrass.com\/en\/how-high-quality-synthetic-grass-is-made\/\" class=\"qrt-anima-link\">How High-Quality Synthetic Grass is Made<\/a><\/h4>\n            <div class=\"qrt-port-short-text\"><p>Discover how RHB Grass manufactures high-quality synthetic grass using advanced materials and technology. Learn about the production process, including fibers, backing, tufting, and quality control.<\/p>\n<\/div>\n          <\/div>\n  <\/div>\n<\/div>\t\t\t  <\/div>\n\t\t\t  \t\t\t  <div class=\"col-lg-4\">\n\t\t\t  \t\n\n\n<div id=\"post-7292\" class=\"qrt-post-frame post-7292 post type-post status-publish format-standard hentry category-suni-cim\">\n  <a href=\"https:\/\/rhbgrass.com\/en\/artifiicial-turf-manufacturing\/\" class=\"qrt-post-thumb qrt-post-thumb-empty qrt-cursor-scale qrt-anima-link\">\n            <div class=\"qrt-post-date\">\n            <span>\n      \t<i class=\"fa fa-user-o\"><\/i>\n      \t<span class=\"qrt-el-category\">Artificial Grass<\/span>      <\/span>\n            <span><i class=\"fa fa-clock-o\"><\/i> August 14, 2024<\/span>\n    <\/div>\n      <\/a>\n  <div class=\"qrt-post-descr\">\n    <div>\n      <h4 class=\"qrt-cursor-color qrt-post-title\"><a href=\"https:\/\/rhbgrass.com\/en\/artifiicial-turf-manufacturing\/\" class=\"qrt-anima-link\">The Evolution of Artificial Turf Manufacturing at RHB Grass<\/a><\/h4>\n            <div class=\"qrt-port-short-text\"><p>At RHB Grass, we are proud to be at the forefront of artificial turf manufacturing, delivering high-quality products that cater&#8230; <span class=\"qrt-el-more\"><a href=\"https:\/\/rhbgrass.com\/en\/artifiicial-turf-manufacturing\/\" class=\"qrt-link qrt-color-link qrt-cursor-scale qrt-w-chevron\">Read more<\/a><\/span><\/p>\n<\/div>\n          <\/div>\n  <\/div>\n<\/div>\t\t\t  <\/div>\n\t\t\t  \t\t\t  <div class=\"col-lg-4\">\n\t\t\t  \t\n\n\n<div id=\"post-7183\" class=\"qrt-post-frame post-7183 post type-post status-publish format-standard has-post-thumbnail hentry category-suni-cim\">\n  <a href=\"https:\/\/rhbgrass.com\/en\/acik-hava-futbol-sahasi-olusturmak\/\" class=\"qrt-post-thumb qrt-cursor-scale qrt-anima-link\">\n        <img decoding=\"async\" src=\"https:\/\/rhbgrass.com\/wp-content\/uploads\/2024\/03\/a3015acd-9b92-4e84-bbbe-9b7cbfd49506.jpeg\" alt=\"A\u00e7\u0131k Hava Futbol Sahas\u0131 Olu\u015fturmak \u0130\u00e7in 5 Temel Husus\">\n            <div class=\"qrt-post-date\">\n            <span>\n      \t<i class=\"fa fa-user-o\"><\/i>\n      \t<span class=\"qrt-el-category\">Artificial Grass<\/span>      <\/span>\n            <span><i class=\"fa fa-clock-o\"><\/i> March 25, 2024<\/span>\n    <\/div>\n      <\/a>\n  <div class=\"qrt-post-descr\">\n    <div>\n      <h4 class=\"qrt-cursor-color qrt-post-title\"><a href=\"https:\/\/rhbgrass.com\/en\/acik-hava-futbol-sahasi-olusturmak\/\" class=\"qrt-anima-link\">A\u00e7\u0131k Hava Futbol Sahas\u0131 Olu\u015fturmak \u0130\u00e7in 5 Temel Husus<\/a><\/h4>\n            <div class=\"qrt-port-short-text\"><p>Futbol, d\u00fcnyan\u0131n en b\u00fcy\u00fck sporlar\u0131ndan biridir ve \u00e7e\u015fitli y\u00fczeylerde oynayan bir\u00e7ok ki\u015finin ilgisini \u00e7ekmektedir. Dolay\u0131s\u0131yla, bir hal\u0131 saha in\u015fa etmeyi&#8230; <span class=\"qrt-el-more\"><a href=\"https:\/\/rhbgrass.com\/en\/acik-hava-futbol-sahasi-olusturmak\/\" class=\"qrt-link qrt-color-link qrt-cursor-scale qrt-w-chevron\">Read more<\/a><\/span><\/p>\n<\/div>\n          <\/div>\n  <\/div>\n<\/div>\t\t\t  <\/div>\n\t\t\t  \t\t\t  <div class=\"col-lg-4\">\n\t\t\t  \t\n\n\n<div id=\"post-3736\" class=\"qrt-post-frame post-3736 post type-post status-publish format-standard has-post-thumbnail hentry category-suni-cim tag-suni-cim-2024\">\n  <a href=\"https:\/\/rhbgrass.com\/en\/multi-purpose-carpet-field-construction\/\" class=\"qrt-post-thumb qrt-cursor-scale qrt-anima-link\">\n        <img decoding=\"async\" src=\"https:\/\/rhbgrass.com\/wp-content\/uploads\/2023\/11\/1be36128-7587-48de-a060-94cdb14f6e94.jpeg\" alt=\"What is Multi-Purpose Astroturf Construction?\">\n            <div class=\"qrt-post-date\">\n            <span>\n      \t<i class=\"fa fa-user-o\"><\/i>\n      \t<span class=\"qrt-el-category\">Artificial Grass<\/span>      <\/span>\n            <span><i class=\"fa fa-clock-o\"><\/i> February 29, 2024<\/span>\n    <\/div>\n      <\/a>\n  <div class=\"qrt-post-descr\">\n    <div>\n      <h4 class=\"qrt-cursor-color qrt-post-title\"><a href=\"https:\/\/rhbgrass.com\/en\/multi-purpose-carpet-field-construction\/\" class=\"qrt-anima-link\">What is Multi-Purpose Astroturf Construction?<\/a><\/h4>\n            <div class=\"qrt-port-short-text\"><p>Your Needs for a Quality and Durable Sports Field Multi-purpose astroturf pitches have become a popular choice in sports fields. This... <span class=\"qrt-el-more\"><a href=\"https:\/\/rhbgrass.com\/en\/multi-purpose-carpet-field-construction\/\" class=\"qrt-link qrt-color-link qrt-cursor-scale qrt-w-chevron\">Read more<\/a><\/span><\/p>\n<\/div>\n          <\/div>\n  <\/div>\n<\/div>\t\t\t  <\/div>\n\t\t\t  \t\t\t  <div class=\"col-lg-4\">\n\t\t\t  \t\n\n\n<div id=\"post-6882\" class=\"qrt-post-frame post-6882 post type-post status-publish format-standard has-post-thumbnail hentry category-suni-cim\">\n  <a href=\"https:\/\/rhbgrass.com\/en\/saving-with-artificial-grass\/\" class=\"qrt-post-thumb qrt-cursor-scale qrt-anima-link\">\n        <img decoding=\"async\" src=\"https:\/\/rhbgrass.com\/wp-content\/uploads\/2024\/02\/79da8a2e-e215-4b40-8f3e-6697625e664f.jpeg\" alt=\"How Can You Save Money and Time with Artificial Grass?\">\n            <div class=\"qrt-post-date\">\n            <span>\n      \t<i class=\"fa fa-user-o\"><\/i>\n      \t<span class=\"qrt-el-category\">Artificial Grass<\/span>      <\/span>\n            <span><i class=\"fa fa-clock-o\"><\/i> February 20, 2024<\/span>\n    <\/div>\n      <\/a>\n  <div class=\"qrt-post-descr\">\n    <div>\n      <h4 class=\"qrt-cursor-color qrt-post-title\"><a href=\"https:\/\/rhbgrass.com\/en\/saving-with-artificial-grass\/\" class=\"qrt-anima-link\">How Can You Save Money and Time with Artificial Grass?<\/a><\/h4>\n            <div class=\"qrt-port-short-text\"><p>Artificial grass is proving to be a cost-effective alternative to the ongoing expenses associated with natural lawn maintenance. Critics argue that the initial cost is a... <span class=\"qrt-el-more\"><a href=\"https:\/\/rhbgrass.com\/en\/saving-with-artificial-grass\/\" class=\"qrt-link qrt-color-link qrt-cursor-scale qrt-w-chevron\">Read more<\/a><\/span><\/p>\n<\/div>\n          <\/div>\n  <\/div>\n<\/div>\t\t\t  <\/div>\n\t\t\t  \t\t\t  <div class=\"col-lg-4\">\n\t\t\t  \t\n\n\n<div id=\"post-6874\" class=\"qrt-post-frame post-6874 post type-post status-publish format-standard has-post-thumbnail hentry category-suni-cim\">\n  <a href=\"https:\/\/rhbgrass.com\/en\/artificial-grass-care\/\" class=\"qrt-post-thumb qrt-cursor-scale qrt-anima-link\">\n        <img decoding=\"async\" src=\"https:\/\/rhbgrass.com\/wp-content\/uploads\/2024\/02\/e544bebb-6b88-42d8-9714-4a151a798208.jpeg\" alt=\"How to Care for Artificial Grass?\">\n            <div class=\"qrt-post-date\">\n            <span>\n      \t<i class=\"fa fa-user-o\"><\/i>\n      \t<span class=\"qrt-el-category\">Artificial Grass<\/span>      <\/span>\n            <span><i class=\"fa fa-clock-o\"><\/i> February 13, 2024<\/span>\n    <\/div>\n      <\/a>\n  <div class=\"qrt-post-descr\">\n    <div>\n      <h4 class=\"qrt-cursor-color qrt-post-title\"><a href=\"https:\/\/rhbgrass.com\/en\/artificial-grass-care\/\" class=\"qrt-anima-link\">How to Care for Artificial Grass?<\/a><\/h4>\n            <div class=\"qrt-port-short-text\"><p>Artificial Grass Maintenance: Long Lasting and Economical Solution Artificial turf maintenance is a long-lasting and economical solution that requires easier maintenance... <span class=\"qrt-el-more\"><a href=\"https:\/\/rhbgrass.com\/en\/artificial-grass-care\/\" class=\"qrt-link qrt-color-link qrt-cursor-scale qrt-w-chevron\">Read more<\/a><\/span><\/p>\n<\/div>\n          <\/div>\n  <\/div>\n<\/div>\t\t\t  <\/div>\n\t\t\t  \t\t\t  \n\n\t\t\t\t\t\t<div class=\"col-lg-12\">\n\t\t\t\t\t            <div class=\"pagination qrt-blog-pagination\">\n\t                <span aria-current=\"page\" class=\"page-numbers current\">1<\/span>\n<a class=\"page-numbers\" href=\"https:\/\/rhbgrass.com\/en\/wp-json\/wp\/v2\/pages\/826\/page\/2\/\">2<\/a>\n<a class=\"page-numbers\" href=\"https:\/\/rhbgrass.com\/en\/wp-json\/wp\/v2\/pages\/826\/page\/3\/\">3<\/a>\n<a class=\"next page-numbers\" href=\"https:\/\/rhbgrass.com\/en\/wp-json\/wp\/v2\/pages\/826\/page\/2\/\">Next<\/a>\t            <\/div>\n          \t\t\n\t\t    \t\t\t\t<\/div>\n          \t\n          \t<\/div>\n\t\t<\/div>\n\n\n\t\t\t\t\t\t<\/div>\n\t\t\t\t<\/div>\n\t\t\t\t\t<\/div>\n\t\t<\/div>\n\t\t\t\t\t<\/div>\n\t\t<\/section>\n\t\t\t\t<\/div>","protected":false},"excerpt":{"rendered":"<p>Blog Design, Events, Technology September 24, 2020 Follow your own design process. My job is simple and sophisticated, so it&#8230; <span class=\"qrt-el-more\"><a href=\"https:\/\/rhbgrass.com\/en\/artificial-grass-care\/\" class=\"qrt-link qrt-color-link qrt-cursor-scale qrt-w-chevron\">Read more<\/a><\/span><\/p>","protected":false},"author":1,"featured_media":2507,"parent":0,"menu_order":0,"comment_status":"closed","ping_status":"closed","template":"template-layout-builder.php","meta":{"cybocfi_hide_featured_image":"yes","footnotes":""},"class_list":["post-826","page","type-page","status-publish","has-post-thumbnail","hentry"],"acf":[],"yoast_head":"<!-- This site is optimized with the Yoast SEO plugin v24.8.1 - https:\/\/yoast.com\/wordpress\/plugins\/seo\/ -->\n<title>Blog<\/title>\n<meta name=\"description\" content=\"Blog Design, Events, Technology September 24, 2020 Follow your own design process. My job is simple and sophisticated, so it is possible to describe and\" \/>\n<meta name=\"robots\" content=\"index, follow, max-snippet:-1, max-image-preview:large, max-video-preview:-1\" \/>\n<link rel=\"canonical\" href=\"https:\/\/rhbgrass.com\/en\/blog\/\" \/>\n<meta property=\"og:locale\" content=\"en_US\" \/>\n<meta property=\"og:type\" content=\"article\" \/>\n<meta property=\"og:title\" content=\"Blog\" \/>\n<meta property=\"og:description\" content=\"Blog Design, Events, Technology September 24, 2020 Follow your own design process. My job is simple and sophisticated, so it is possible to describe and\" \/>\n<meta property=\"og:url\" content=\"https:\/\/rhbgrass.com\/en\/blog\/\" \/>\n<meta property=\"og:site_name\" content=\"RHB Grass\" \/>\n<meta property=\"article:modified_time\" content=\"2024-02-17T16:32:46+00:00\" \/>\n<meta property=\"og:image\" content=\"https:\/\/rhbgrass.com\/wp-content\/uploads\/2023\/10\/cropped-rhb-forest-green.png\" \/>\n\t<meta property=\"og:image:width\" content=\"512\" \/>\n\t<meta property=\"og:image:height\" content=\"512\" \/>\n\t<meta property=\"og:image:type\" content=\"image\/png\" \/>\n<meta name=\"twitter:card\" content=\"summary_large_image\" \/>\n<meta name=\"twitter:label1\" content=\"Est. reading time\" \/>\n\t<meta name=\"twitter:data1\" content=\"3 minutes\" \/>\n<script type=\"application\/ld+json\" class=\"yoast-schema-graph\">{\"@context\":\"https:\/\/schema.org\",\"@graph\":[{\"@type\":\"WebPage\",\"@id\":\"https:\/\/rhbgrass.com\/blog\/\",\"url\":\"https:\/\/rhbgrass.com\/blog\/\",\"name\":\"Blog\",\"isPartOf\":{\"@id\":\"https:\/\/rhbgrass.com\/#website\"},\"primaryImageOfPage\":{\"@id\":\"https:\/\/rhbgrass.com\/blog\/#primaryimage\"},\"image\":{\"@id\":\"https:\/\/rhbgrass.com\/blog\/#primaryimage\"},\"thumbnailUrl\":\"https:\/\/rhbgrass.com\/wp-content\/uploads\/2023\/10\/cropped-rhb-forest-green.png\",\"datePublished\":\"2024-02-15T13:28:51+00:00\",\"dateModified\":\"2024-02-17T16:32:46+00:00\",\"description\":\"Blog Design, Events, Technology September 24, 2020 Follow your own design process. My job is simple and sophisticated, so it is possible to describe and\",\"breadcrumb\":{\"@id\":\"https:\/\/rhbgrass.com\/blog\/#breadcrumb\"},\"inLanguage\":\"en-US\",\"potentialAction\":[{\"@type\":\"ReadAction\",\"target\":[\"https:\/\/rhbgrass.com\/blog\/\"]}]},{\"@type\":\"BreadcrumbList\",\"@id\":\"https:\/\/rhbgrass.com\/blog\/#breadcrumb\",\"itemListElement\":[{\"@type\":\"ListItem\",\"position\":1,\"name\":\"Suni \u00c7im Hal\u0131 Malzemeleri\",\"item\":\"https:\/\/rhbgrass.com\/\"},{\"@type\":\"ListItem\",\"position\":2,\"name\":\"Blog\"}]},{\"@type\":\"WebSite\",\"@id\":\"https:\/\/rhbgrass.com\/#website\",\"url\":\"https:\/\/rhbgrass.com\/\",\"name\":\"RHB Grass\",\"description\":\"Global Suni \u00c7im Hal\u0131 ve Yap\u0131 Malzeme Tedarik\u00e7isi\",\"publisher\":{\"@id\":\"https:\/\/rhbgrass.com\/#organization\"},\"alternateName\":\"Suni \u00c7im Malzemeleri Tedarik\u00e7isi\",\"potentialAction\":[{\"@type\":\"SearchAction\",\"target\":{\"@type\":\"EntryPoint\",\"urlTemplate\":\"https:\/\/rhbgrass.com\/?s={search_term_string}\"},\"query-input\":{\"@type\":\"PropertyValueSpecification\",\"valueRequired\":true,\"valueName\":\"search_term_string\"}}],\"inLanguage\":\"en-US\"},{\"@type\":\"Organization\",\"@id\":\"https:\/\/rhbgrass.com\/#organization\",\"name\":\"RHB Grass - Suni \u00c7im ve Yap\u0131 Malzeme Tedarik\u00e7isi\",\"alternateName\":\"RHB Grass - Artificial Grass and Building Material Supplier\",\"url\":\"https:\/\/rhbgrass.com\/\",\"logo\":{\"@type\":\"ImageObject\",\"inLanguage\":\"en-US\",\"@id\":\"https:\/\/rhbgrass.com\/#\/schema\/logo\/image\/\",\"url\":\"https:\/\/rhbgrass.com\/wp-content\/uploads\/2023\/10\/cropped-rhb-forest-green.png\",\"contentUrl\":\"https:\/\/rhbgrass.com\/wp-content\/uploads\/2023\/10\/cropped-rhb-forest-green.png\",\"width\":512,\"height\":512,\"caption\":\"RHB Grass - Suni \u00c7im ve Yap\u0131 Malzeme Tedarik\u00e7isi\"},\"image\":{\"@id\":\"https:\/\/rhbgrass.com\/#\/schema\/logo\/image\/\"},\"sameAs\":[\"https:\/\/www.instagram.com\/rhbgrass\/\"]}]}<\/script>\n<!-- \/ Yoast SEO plugin. -->","yoast_head_json":{"title":"Blog","description":"Blog Design, Events, Technology September 24, 2020 Follow your own design process. My job is simple and sophisticated, so it is possible to describe and","robots":{"index":"index","follow":"follow","max-snippet":"max-snippet:-1","max-image-preview":"max-image-preview:large","max-video-preview":"max-video-preview:-1"},"canonical":"https:\/\/rhbgrass.com\/en\/blog\/","og_locale":"en_US","og_type":"article","og_title":"Blog","og_description":"Blog Design, Events, Technology September 24, 2020 Follow your own design process. My job is simple and sophisticated, so it is possible to describe and","og_url":"https:\/\/rhbgrass.com\/en\/blog\/","og_site_name":"RHB Grass","article_modified_time":"2024-02-17T16:32:46+00:00","og_image":[{"width":512,"height":512,"url":"https:\/\/rhbgrass.com\/wp-content\/uploads\/2023\/10\/cropped-rhb-forest-green.png","type":"image\/png"}],"twitter_card":"summary_large_image","twitter_misc":{"Est. reading time":"3 minutes"},"schema":{"@context":"https:\/\/schema.org","@graph":[{"@type":"WebPage","@id":"https:\/\/rhbgrass.com\/blog\/","url":"https:\/\/rhbgrass.com\/blog\/","name":"Blog","isPartOf":{"@id":"https:\/\/rhbgrass.com\/#website"},"primaryImageOfPage":{"@id":"https:\/\/rhbgrass.com\/blog\/#primaryimage"},"image":{"@id":"https:\/\/rhbgrass.com\/blog\/#primaryimage"},"thumbnailUrl":"https:\/\/rhbgrass.com\/wp-content\/uploads\/2023\/10\/cropped-rhb-forest-green.png","datePublished":"2024-02-15T13:28:51+00:00","dateModified":"2024-02-17T16:32:46+00:00","description":"Blog Design, Events, Technology September 24, 2020 Follow your own design process. My job is simple and sophisticated, so it is possible to describe and","breadcrumb":{"@id":"https:\/\/rhbgrass.com\/blog\/#breadcrumb"},"inLanguage":"en-US","potentialAction":[{"@type":"ReadAction","target":["https:\/\/rhbgrass.com\/blog\/"]}]},{"@type":"BreadcrumbList","@id":"https:\/\/rhbgrass.com\/blog\/#breadcrumb","itemListElement":[{"@type":"ListItem","position":1,"name":"Suni \u00c7im Hal\u0131 Malzemeleri","item":"https:\/\/rhbgrass.com\/"},{"@type":"ListItem","position":2,"name":"Blog"}]},{"@type":"WebSite","@id":"https:\/\/rhbgrass.com\/#website","url":"https:\/\/rhbgrass.com\/","name":"RHB Grass","description":"Global Suni \u00c7im Hal\u0131 ve Yap\u0131 Malzeme Tedarik\u00e7isi","publisher":{"@id":"https:\/\/rhbgrass.com\/#organization"},"alternateName":"Suni \u00c7im Malzemeleri Tedarik\u00e7isi","potentialAction":[{"@type":"SearchAction","target":{"@type":"EntryPoint","urlTemplate":"https:\/\/rhbgrass.com\/?s={search_term_string}"},"query-input":{"@type":"PropertyValueSpecification","valueRequired":true,"valueName":"search_term_string"}}],"inLanguage":"en-US"},{"@type":"Organization","@id":"https:\/\/rhbgrass.com\/#organization","name":"RHB Grass - Suni \u00c7im ve Yap\u0131 Malzeme Tedarik\u00e7isi","alternateName":"RHB Grass - Artificial Grass and Building Material Supplier","url":"https:\/\/rhbgrass.com\/","logo":{"@type":"ImageObject","inLanguage":"en-US","@id":"https:\/\/rhbgrass.com\/#\/schema\/logo\/image\/","url":"https:\/\/rhbgrass.com\/wp-content\/uploads\/2023\/10\/cropped-rhb-forest-green.png","contentUrl":"https:\/\/rhbgrass.com\/wp-content\/uploads\/2023\/10\/cropped-rhb-forest-green.png","width":512,"height":512,"caption":"RHB Grass - Suni \u00c7im ve Yap\u0131 Malzeme Tedarik\u00e7isi"},"image":{"@id":"https:\/\/rhbgrass.com\/#\/schema\/logo\/image\/"},"sameAs":["https:\/\/www.instagram.com\/rhbgrass\/"]}]}},"_links":{"self":[{"href":"https:\/\/rhbgrass.com\/en\/wp-json\/wp\/v2\/pages\/826","targetHints":{"allow":["GET"]}}],"collection":[{"href":"https:\/\/rhbgrass.com\/en\/wp-json\/wp\/v2\/pages"}],"about":[{"href":"https:\/\/rhbgrass.com\/en\/wp-json\/wp\/v2\/types\/page"}],"author":[{"embeddable":true,"href":"https:\/\/rhbgrass.com\/en\/wp-json\/wp\/v2\/users\/1"}],"replies":[{"embeddable":true,"href":"https:\/\/rhbgrass.com\/en\/wp-json\/wp\/v2\/comments?post=826"}],"version-history":[{"count":0,"href":"https:\/\/rhbgrass.com\/en\/wp-json\/wp\/v2\/pages\/826\/revisions"}],"wp:featuredmedia":[{"embeddable":true,"href":"https:\/\/rhbgrass.com\/en\/wp-json\/wp\/v2\/media\/2507"}],"wp:attachment":[{"href":"https:\/\/rhbgrass.com\/en\/wp-json\/wp\/v2\/media?parent=826"}],"curies":[{"name":"wp","href":"https:\/\/api.w.org\/{rel}","templated":true}]}}