{"id":6168,"date":"2023-12-05T13:08:41","date_gmt":"2023-12-05T13:08:41","guid":{"rendered":"https:\/\/rhbgrass.com\/?page_id=6168"},"modified":"2024-03-05T21:51:16","modified_gmt":"2024-03-05T21:51:16","slug":"voleybol-ekipmanlari","status":"publish","type":"page","link":"https:\/\/rhbgrass.com\/en\/volleyball-equipment\/","title":{"rendered":"Volleyball Equipment"},"content":{"rendered":"<div data-elementor-type=\"wp-page\" data-elementor-id=\"6168\" class=\"elementor elementor-6168\">\n\t\t\t\t\t\t<section class=\"elementor-section elementor-top-section elementor-element elementor-element-52b3c17 elementor-section-full_width elementor-section-height-default elementor-section-height-default\" data-id=\"52b3c17\" data-element_type=\"section\">\n\t\t\t\t\t\t<div class=\"elementor-container elementor-column-gap-no\">\n\t\t\t\t\t<div class=\"elementor-column elementor-col-100 elementor-top-column elementor-element elementor-element-bb186ce\" data-id=\"bb186ce\" data-element_type=\"column\">\n\t\t\t<div class=\"elementor-widget-wrap elementor-element-populated\">\n\t\t\t\t\t\t<div class=\"elementor-element elementor-element-b5f60cb elementor-widget elementor-widget-quarty-portfolio\" data-id=\"b5f60cb\" data-element_type=\"widget\" data-widget_type=\"quarty-portfolio.default\">\n\t\t\t\t<div class=\"elementor-widget-container\">\n\t\t\t\t\t\n\t\t<div class=\"qrt-section qrt-section-sf\">\n\t\t\t\t\t\t<div class=\"row\">\n\t\t\t  <div class=\"col-lg-12\">\n\t\t\t    <h1 class=\"qrt-mb-40 qrt-title-h\">\n\t\t\t    \t<span >\n\t\t          \t\tVolleyball Equipment \t\t        \t<\/span>\n\t\t\t    <\/h1>\n\t\t\t  <\/div>\n\t\t\t<\/div>\n\t\t\t\n\t\t\t\n                        <div class=\"qrt-masonry-grid qrt-mb-40 qrt-grid-2-col qrt-gallery qrt-grid-masonry qrt-grid-hide-name qrt-grid-hide-link\">\n\n              <div class=\"qrt-grid-sizer\"><\/div>\n\n                           \t\n\n<div class=\"qrt-masonry-grid-item qrt-masonry-grid-item-50 category-voleybol\">\n  <div class=\"qrt-work-item\">\n        <div class=\"qrt-cursor-scale qrt-work-cover-frame\">\n      <a href=\"https:\/\/rhbgrass.com\/en\/portfolio\/item\/stretch-volleyball-pole\/\" class=\"qrt-anima-link\">\n        <img decoding=\"async\" src=\"https:\/\/rhbgrass.com\/wp-content\/uploads\/2023\/11\/voleybol-diregi-el-gerdirmeli-72961.png\" alt=\"Volleyball Pole with Turnbuckle\">\n      <\/a>\n      <div class=\"qrt-item-zoom qrt-cursor-color\"><i class=\"fas fa-expand\"><\/i><\/div>\n      <div class=\"qrt-work-category\"><span>Volleyball Equipment <\/span><\/div>\n    <\/div>\n        <div class=\"qrt-work-descr\">\n            <h4 class=\"qrt-cursor-color qrt-white\">\n        <a href=\"https:\/\/rhbgrass.com\/en\/portfolio\/item\/stretch-volleyball-pole\/\" class=\"qrt-anima-link\">Volleyball Pole with Turnbuckle<\/a>\n      <\/h4>\n            <a href=\"https:\/\/rhbgrass.com\/en\/portfolio\/item\/stretch-volleyball-pole\/\" class=\"qrt-cursor-scale qrt-work-more qrt-anima-link\"><i class=\"fas fa-arrow-right\"><\/i><\/a>\n    <\/div>\n  <\/div>\n<\/div>          \t               \t\n\n<div class=\"qrt-masonry-grid-item qrt-masonry-grid-item-50 category-voleybol\">\n  <div class=\"qrt-work-item\">\n        <div class=\"qrt-cursor-scale qrt-work-cover-frame\">\n      <a href=\"https:\/\/rhbgrass.com\/en\/portfolio\/item\/jack-system-volleyball-pole\/\" class=\"qrt-anima-link\">\n        <img decoding=\"async\" src=\"https:\/\/rhbgrass.com\/wp-content\/uploads\/2023\/11\/adelinspor-aluminyum-voleybol-diregi-kriko-sisteml-sabit-voleybol-direkleri-adelinspor-318569-12-B.jpg\" alt=\"Volleyball Pole with Jacking System\">\n      <\/a>\n      <div class=\"qrt-item-zoom qrt-cursor-color\"><i class=\"fas fa-expand\"><\/i><\/div>\n      <div class=\"qrt-work-category\"><span>Volleyball Equipment <\/span><\/div>\n    <\/div>\n        <div class=\"qrt-work-descr\">\n            <h4 class=\"qrt-cursor-color qrt-white\">\n        <a href=\"https:\/\/rhbgrass.com\/en\/portfolio\/item\/jack-system-volleyball-pole\/\" class=\"qrt-anima-link\">Volleyball Pole with Jacking System<\/a>\n      <\/h4>\n            <a href=\"https:\/\/rhbgrass.com\/en\/portfolio\/item\/jack-system-volleyball-pole\/\" class=\"qrt-cursor-scale qrt-work-more qrt-anima-link\"><i class=\"fas fa-arrow-right\"><\/i><\/a>\n    <\/div>\n  <\/div>\n<\/div>          \t               \t\n\n<div class=\"qrt-masonry-grid-item qrt-masonry-grid-item-50 category-voleybol\">\n  <div class=\"qrt-work-item\">\n        <div class=\"qrt-cursor-scale qrt-work-cover-frame\">\n      <a href=\"https:\/\/rhbgrass.com\/en\/portfolio\/item\/volleyball-pole-jack-system-strap\/\" class=\"qrt-anima-link\">\n        <img decoding=\"async\" src=\"https:\/\/rhbgrass.com\/wp-content\/uploads\/2023\/11\/voleybol-diregi-kriko-sistemli-mapali-73910.png\" alt=\"Volleyball Pole Jack\">\n      <\/a>\n      <div class=\"qrt-item-zoom qrt-cursor-color\"><i class=\"fas fa-expand\"><\/i><\/div>\n      <div class=\"qrt-work-category\"><span>Volleyball Equipment <\/span><\/div>\n    <\/div>\n        <div class=\"qrt-work-descr\">\n            <h4 class=\"qrt-cursor-color qrt-white\">\n        <a href=\"https:\/\/rhbgrass.com\/en\/portfolio\/item\/volleyball-pole-jack-system-strap\/\" class=\"qrt-anima-link\">Volleyball Pole Jack<\/a>\n      <\/h4>\n            <a href=\"https:\/\/rhbgrass.com\/en\/portfolio\/item\/volleyball-pole-jack-system-strap\/\" class=\"qrt-cursor-scale qrt-work-more qrt-anima-link\"><i class=\"fas fa-arrow-right\"><\/i><\/a>\n    <\/div>\n  <\/div>\n<\/div>          \t               \t\n\n<div class=\"qrt-masonry-grid-item qrt-masonry-grid-item-50 category-voleybol\">\n  <div class=\"qrt-work-item\">\n        <div class=\"qrt-cursor-scale qrt-work-cover-frame\">\n      <a href=\"https:\/\/rhbgrass.com\/en\/portfolio\/item\/aluminum-height-adjustable-volleyball-pole\/\" class=\"qrt-anima-link\">\n        <img decoding=\"async\" src=\"https:\/\/rhbgrass.com\/wp-content\/uploads\/2023\/11\/ms-206-aluminyum-yukseklik-ayarli.-1.jpg\" alt=\"Aluminum Volleyball Pole\">\n      <\/a>\n      <div class=\"qrt-item-zoom qrt-cursor-color\"><i class=\"fas fa-expand\"><\/i><\/div>\n      <div class=\"qrt-work-category\"><span>Volleyball Equipment <\/span><\/div>\n    <\/div>\n        <div class=\"qrt-work-descr\">\n            <h4 class=\"qrt-cursor-color qrt-white\">\n        <a href=\"https:\/\/rhbgrass.com\/en\/portfolio\/item\/aluminum-height-adjustable-volleyball-pole\/\" class=\"qrt-anima-link\">Aluminum Volleyball Pole<\/a>\n      <\/h4>\n            <a href=\"https:\/\/rhbgrass.com\/en\/portfolio\/item\/aluminum-height-adjustable-volleyball-pole\/\" class=\"qrt-cursor-scale qrt-work-more qrt-anima-link\"><i class=\"fas fa-arrow-right\"><\/i><\/a>\n    <\/div>\n  <\/div>\n<\/div>          \t               \t\n\n<div class=\"qrt-masonry-grid-item qrt-masonry-grid-item-50 category-voleybol\">\n  <div class=\"qrt-work-item\">\n        <div class=\"qrt-cursor-scale qrt-work-cover-frame\">\n      <a href=\"https:\/\/rhbgrass.com\/en\/portfolio\/item\/volleyball-referee-seat\/\" class=\"qrt-anima-link\">\n        <img decoding=\"async\" src=\"https:\/\/rhbgrass.com\/wp-content\/uploads\/2023\/11\/voleybol-hakem-standi-yukseklik-ayarli-metal-vly009-1-cover.webp\" alt=\"Volleyball Referee Chair\">\n      <\/a>\n      <div class=\"qrt-item-zoom qrt-cursor-color\"><i class=\"fas fa-expand\"><\/i><\/div>\n      <div class=\"qrt-work-category\"><span>Volleyball Equipment <\/span><\/div>\n    <\/div>\n        <div class=\"qrt-work-descr\">\n            <h4 class=\"qrt-cursor-color qrt-white\">\n        <a href=\"https:\/\/rhbgrass.com\/en\/portfolio\/item\/volleyball-referee-seat\/\" class=\"qrt-anima-link\">Volleyball Referee Chair<\/a>\n      <\/h4>\n            <a href=\"https:\/\/rhbgrass.com\/en\/portfolio\/item\/volleyball-referee-seat\/\" class=\"qrt-cursor-scale qrt-work-more qrt-anima-link\"><i class=\"fas fa-arrow-right\"><\/i><\/a>\n    <\/div>\n  <\/div>\n<\/div>          \t               \t\n\n<div class=\"qrt-masonry-grid-item qrt-masonry-grid-item-50 category-voleybol\">\n  <div class=\"qrt-work-item\">\n        <div class=\"qrt-cursor-scale qrt-work-cover-frame\">\n      <a href=\"https:\/\/rhbgrass.com\/en\/portfolio\/item\/volleyball-pole-telescopic-2\/\" class=\"qrt-anima-link\">\n        <img decoding=\"async\" src=\"https:\/\/rhbgrass.com\/wp-content\/uploads\/2023\/11\/voleybol-direk-agirligi-seyyar-71560.jpg\" alt=\"Volleyball Pole Weight\">\n      <\/a>\n      <div class=\"qrt-item-zoom qrt-cursor-color\"><i class=\"fas fa-expand\"><\/i><\/div>\n      <div class=\"qrt-work-category\"><span>Volleyball Equipment <\/span><\/div>\n    <\/div>\n        <div class=\"qrt-work-descr\">\n            <h4 class=\"qrt-cursor-color qrt-white\">\n        <a href=\"https:\/\/rhbgrass.com\/en\/portfolio\/item\/volleyball-pole-telescopic-2\/\" class=\"qrt-anima-link\">Volleyball Pole Weight<\/a>\n      <\/h4>\n            <a href=\"https:\/\/rhbgrass.com\/en\/portfolio\/item\/volleyball-pole-telescopic-2\/\" class=\"qrt-cursor-scale qrt-work-more qrt-anima-link\"><i class=\"fas fa-arrow-right\"><\/i><\/a>\n    <\/div>\n  <\/div>\n<\/div>          \t               \t\n\n<div class=\"qrt-masonry-grid-item qrt-masonry-grid-item-50 category-voleybol\">\n  <div class=\"qrt-work-item\">\n        <div class=\"qrt-cursor-scale qrt-work-cover-frame\">\n      <a href=\"https:\/\/rhbgrass.com\/en\/portfolio\/item\/volleyball-pole-telescopic\/\" class=\"qrt-anima-link\">\n        <img decoding=\"async\" src=\"https:\/\/rhbgrass.com\/wp-content\/uploads\/2023\/11\/0_org_zoom-cover.webp\" alt=\"Volleyball pole telescopic\">\n      <\/a>\n      <div class=\"qrt-item-zoom qrt-cursor-color\"><i class=\"fas fa-expand\"><\/i><\/div>\n      <div class=\"qrt-work-category\"><span>Volleyball Equipment <\/span><\/div>\n    <\/div>\n        <div class=\"qrt-work-descr\">\n            <h4 class=\"qrt-cursor-color qrt-white\">\n        <a href=\"https:\/\/rhbgrass.com\/en\/portfolio\/item\/volleyball-pole-telescopic\/\" class=\"qrt-anima-link\">Volleyball pole telescopic<\/a>\n      <\/h4>\n            <a href=\"https:\/\/rhbgrass.com\/en\/portfolio\/item\/volleyball-pole-telescopic\/\" class=\"qrt-cursor-scale qrt-work-more qrt-anima-link\"><i class=\"fas fa-arrow-right\"><\/i><\/a>\n    <\/div>\n  <\/div>\n<\/div>          \t               \t\n\n<div class=\"qrt-masonry-grid-item qrt-masonry-grid-item-50 category-voleybol\">\n  <div class=\"qrt-work-item\">\n        <div class=\"qrt-cursor-scale qrt-work-cover-frame\">\n      <a href=\"https:\/\/rhbgrass.com\/en\/portfolio\/item\/volleyball-pole-telescopic-metal\/\" class=\"qrt-anima-link\">\n        <img decoding=\"async\" src=\"https:\/\/rhbgrass.com\/wp-content\/uploads\/2023\/11\/221.webp\" alt=\"Volleyball pole metal\">\n      <\/a>\n      <div class=\"qrt-item-zoom qrt-cursor-color\"><i class=\"fas fa-expand\"><\/i><\/div>\n      <div class=\"qrt-work-category\"><span>Volleyball Equipment <\/span><\/div>\n    <\/div>\n        <div class=\"qrt-work-descr\">\n            <h4 class=\"qrt-cursor-color qrt-white\">\n        <a href=\"https:\/\/rhbgrass.com\/en\/portfolio\/item\/volleyball-pole-telescopic-metal\/\" class=\"qrt-anima-link\">Volleyball pole metal<\/a>\n      <\/h4>\n            <a href=\"https:\/\/rhbgrass.com\/en\/portfolio\/item\/volleyball-pole-telescopic-metal\/\" class=\"qrt-cursor-scale qrt-work-more qrt-anima-link\"><i class=\"fas fa-arrow-right\"><\/i><\/a>\n    <\/div>\n  <\/div>\n<\/div>          \t               \t\n\n<div class=\"qrt-masonry-grid-item qrt-masonry-grid-item-50 category-voleybol\">\n  <div class=\"qrt-work-item\">\n        <div class=\"qrt-cursor-scale qrt-work-cover-frame\">\n      <a href=\"https:\/\/rhbgrass.com\/en\/portfolio\/item\/volleyball-and-tennis-post\/\" class=\"qrt-anima-link\">\n        <img decoding=\"async\" src=\"https:\/\/rhbgrass.com\/wp-content\/uploads\/2023\/11\/voleybol-ve-tenis-diregi-ortak-direk-gerdirmeli-voleybol-tenis-badminton-ortak-direkler-adelinspor-321848-13-B.jpg\" alt=\"Volleyball and Tennis Pole\">\n      <\/a>\n      <div class=\"qrt-item-zoom qrt-cursor-color\"><i class=\"fas fa-expand\"><\/i><\/div>\n      <div class=\"qrt-work-category\"><span>Volleyball Equipment <\/span><\/div>\n    <\/div>\n        <div class=\"qrt-work-descr\">\n            <h4 class=\"qrt-cursor-color qrt-white\">\n        <a href=\"https:\/\/rhbgrass.com\/en\/portfolio\/item\/volleyball-and-tennis-post\/\" class=\"qrt-anima-link\">Volleyball and Tennis Pole<\/a>\n      <\/h4>\n            <a href=\"https:\/\/rhbgrass.com\/en\/portfolio\/item\/volleyball-and-tennis-post\/\" class=\"qrt-cursor-scale qrt-work-more qrt-anima-link\"><i class=\"fas fa-arrow-right\"><\/i><\/a>\n    <\/div>\n  <\/div>\n<\/div>          \t               \t\n\n<div class=\"qrt-masonry-grid-item qrt-masonry-grid-item-50 category-voleybol\">\n  <div class=\"qrt-work-item\">\n        <div class=\"qrt-cursor-scale qrt-work-cover-frame\">\n      <a href=\"https:\/\/rhbgrass.com\/en\/portfolio\/item\/tennis-post-and-net\/\" class=\"qrt-anima-link\">\n        <img decoding=\"async\" src=\"https:\/\/rhbgrass.com\/wp-content\/uploads\/2023\/11\/adelinspor-premium-tenis-filesi-1-m-95-m-premium-tenis-filesi-adelinspor-320073-18-B.jpg\" alt=\"Tennis Pole and Net\">\n      <\/a>\n      <div class=\"qrt-item-zoom qrt-cursor-color\"><i class=\"fas fa-expand\"><\/i><\/div>\n      <div class=\"qrt-work-category\"><span>Volleyball Equipment <\/span><\/div>\n    <\/div>\n        <div class=\"qrt-work-descr\">\n            <h4 class=\"qrt-cursor-color qrt-white\">\n        <a href=\"https:\/\/rhbgrass.com\/en\/portfolio\/item\/tennis-post-and-net\/\" class=\"qrt-anima-link\">Tennis Pole and Net<\/a>\n      <\/h4>\n            <a href=\"https:\/\/rhbgrass.com\/en\/portfolio\/item\/tennis-post-and-net\/\" class=\"qrt-cursor-scale qrt-work-more qrt-anima-link\"><i class=\"fas fa-arrow-right\"><\/i><\/a>\n    <\/div>\n  <\/div>\n<\/div>          \t              <\/div>\n            \n\t\t  \t\t\t      <div class=\"pagination qrt-blog-pagination\">\n\t\t    \t\t\t\t\t  <\/div>\n\t\t\t\n\t\t\t        <\/div>\n\n\t\t\t\t\t\t<\/div>\n\t\t\t\t<\/div>\n\t\t\t\t\t<\/div>\n\t\t<\/div>\n\t\t\t\t\t<\/div>\n\t\t<\/section>\n\t\t\t\t<section class=\"elementor-section elementor-top-section elementor-element elementor-element-833bbe0 elementor-section-full_width elementor-section-height-default elementor-section-height-default\" data-id=\"833bbe0\" data-element_type=\"section\">\n\t\t\t\t\t\t<div class=\"elementor-container elementor-column-gap-no\">\n\t\t\t\t\t<div class=\"elementor-column elementor-col-100 elementor-top-column elementor-element elementor-element-ab61bfb\" data-id=\"ab61bfb\" data-element_type=\"column\">\n\t\t\t<div class=\"elementor-widget-wrap elementor-element-populated\">\n\t\t\t\t\t\t<div class=\"elementor-element elementor-element-269f601 elementor-widget elementor-widget-quarty-cta\" data-id=\"269f601\" data-element_type=\"widget\" data-widget_type=\"quarty-cta.default\">\n\t\t\t\t<div class=\"elementor-widget-container\">\n\t\t\t\t\t\n\t\t<div class=\"row\">\n          <div class=\"col-lg-12\">\n            <div class=\"qrt-call-to-action\">\n                            <h4>\n              \t<span >\n\t          \t\tDo you have a project?\t        \t<\/span>\n              <\/h4>\n                                          <a href=\"\/en\/quarty\/contact\/\" class=\"qrt-btn qrt-btn-sm qrt-btn-color qrt-cursor-scale qrt-anima-link\">\n              \t<span >\n\t          \t\tLet's discuss\t        \t<\/span>\n              <\/a>\n                          <\/div>\n          <\/div>\n        <\/div>\n\n\t\t\t\t\t\t<\/div>\n\t\t\t\t<\/div>\n\t\t\t\t\t<\/div>\n\t\t<\/div>\n\t\t\t\t\t<\/div>\n\t\t<\/section>\n\t\t\t\t<\/div>","protected":false},"excerpt":{"rendered":"<p>Voleybol Ekipmanlar\u0131 Voleybol Ekipmanlar\u0131 Gerdirmeli Voleybol Dire\u011fi Voleybol Ekipmanlar\u0131 Kriko Sistemli Voleybol Dire\u011fi Voleybol Ekipmanlar\u0131 Voleybol Dire\u011fi Kriko Voleybol Ekipmanlar\u0131&#8230; <span class=\"qrt-el-more\"><a href=\"https:\/\/rhbgrass.com\/en\/portfolio\/item\/tennis-post-and-net\/\" class=\"qrt-link qrt-color-link qrt-cursor-scale qrt-w-chevron\">Read more<\/a><\/span><\/p>","protected":false},"author":1,"featured_media":2606,"parent":0,"menu_order":0,"comment_status":"closed","ping_status":"closed","template":"template-layout-builder.php","meta":{"cybocfi_hide_featured_image":"","footnotes":""},"class_list":["post-6168","page","type-page","status-publish","has-post-thumbnail","hentry"],"acf":[],"yoast_head":"<!-- This site is optimized with the Yoast SEO plugin v24.8.1 - https:\/\/yoast.com\/wordpress\/plugins\/seo\/ -->\n<title>Voleybol Ekipmanlar\u0131<\/title>\n<meta name=\"description\" content=\"Voleybol Ekipmanlar\u0131 Voleybol Ekipmanlar\u0131 Gerdirmeli Voleybol Dire\u011fi Voleybol Ekipmanlar\u0131 Kriko Sistemli Voleybol Dire\u011fi Voleybol Ekipmanlar\u0131 Voleybol\" \/>\n<meta name=\"robots\" content=\"index, follow, max-snippet:-1, max-image-preview:large, max-video-preview:-1\" \/>\n<link rel=\"canonical\" href=\"https:\/\/rhbgrass.com\/en\/volleyball-equipment\/\" \/>\n<meta property=\"og:locale\" content=\"en_US\" \/>\n<meta property=\"og:type\" content=\"article\" \/>\n<meta property=\"og:title\" content=\"Voleybol Ekipmanlar\u0131\" \/>\n<meta property=\"og:description\" content=\"Voleybol Ekipmanlar\u0131 Voleybol Ekipmanlar\u0131 Gerdirmeli Voleybol Dire\u011fi Voleybol Ekipmanlar\u0131 Kriko Sistemli Voleybol Dire\u011fi Voleybol Ekipmanlar\u0131 Voleybol\" \/>\n<meta property=\"og:url\" content=\"https:\/\/rhbgrass.com\/en\/volleyball-equipment\/\" \/>\n<meta property=\"og:site_name\" content=\"RHB Grass\" \/>\n<meta property=\"article:modified_time\" content=\"2024-03-05T21:51:16+00:00\" \/>\n<meta property=\"og:image\" content=\"https:\/\/rhbgrass.com\/wp-content\/uploads\/2020\/09\/tennis-4755841_960_720.jpg\" \/>\n\t<meta property=\"og:image:width\" content=\"960\" \/>\n\t<meta property=\"og:image:height\" content=\"640\" \/>\n\t<meta property=\"og:image:type\" content=\"image\/jpeg\" \/>\n<meta name=\"twitter:card\" content=\"summary_large_image\" \/>\n<meta name=\"twitter:label1\" content=\"Est. reading time\" \/>\n\t<meta name=\"twitter:data1\" content=\"3 minutes\" \/>\n<script type=\"application\/ld+json\" class=\"yoast-schema-graph\">{\"@context\":\"https:\/\/schema.org\",\"@graph\":[{\"@type\":\"WebPage\",\"@id\":\"https:\/\/rhbgrass.com\/voleybol-ekipmanlari\/\",\"url\":\"https:\/\/rhbgrass.com\/voleybol-ekipmanlari\/\",\"name\":\"Voleybol Ekipmanlar\u0131\",\"isPartOf\":{\"@id\":\"https:\/\/rhbgrass.com\/#website\"},\"primaryImageOfPage\":{\"@id\":\"https:\/\/rhbgrass.com\/voleybol-ekipmanlari\/#primaryimage\"},\"image\":{\"@id\":\"https:\/\/rhbgrass.com\/voleybol-ekipmanlari\/#primaryimage\"},\"thumbnailUrl\":\"https:\/\/rhbgrass.com\/wp-content\/uploads\/2020\/09\/tennis-4755841_960_720.jpg\",\"datePublished\":\"2023-12-05T13:08:41+00:00\",\"dateModified\":\"2024-03-05T21:51:16+00:00\",\"description\":\"Voleybol Ekipmanlar\u0131 Voleybol Ekipmanlar\u0131 Gerdirmeli Voleybol Dire\u011fi Voleybol Ekipmanlar\u0131 Kriko Sistemli Voleybol Dire\u011fi Voleybol Ekipmanlar\u0131 Voleybol\",\"breadcrumb\":{\"@id\":\"https:\/\/rhbgrass.com\/voleybol-ekipmanlari\/#breadcrumb\"},\"inLanguage\":\"en-US\",\"potentialAction\":[{\"@type\":\"ReadAction\",\"target\":[\"https:\/\/rhbgrass.com\/voleybol-ekipmanlari\/\"]}]},{\"@type\":\"ImageObject\",\"inLanguage\":\"en-US\",\"@id\":\"https:\/\/rhbgrass.com\/voleybol-ekipmanlari\/#primaryimage\",\"url\":\"https:\/\/rhbgrass.com\/wp-content\/uploads\/2020\/09\/tennis-4755841_960_720.jpg\",\"contentUrl\":\"https:\/\/rhbgrass.com\/wp-content\/uploads\/2020\/09\/tennis-4755841_960_720.jpg\",\"width\":960,\"height\":640,\"caption\":\"RHBPUR COURT AC-200 (YEN\u0130LEME KAPLAMA)\"},{\"@type\":\"BreadcrumbList\",\"@id\":\"https:\/\/rhbgrass.com\/voleybol-ekipmanlari\/#breadcrumb\",\"itemListElement\":[{\"@type\":\"ListItem\",\"position\":1,\"name\":\"Suni \u00c7im Hal\u0131 Malzemeleri\",\"item\":\"https:\/\/rhbgrass.com\/\"},{\"@type\":\"ListItem\",\"position\":2,\"name\":\"Voleybol Ekipmanlar\u0131\"}]},{\"@type\":\"WebSite\",\"@id\":\"https:\/\/rhbgrass.com\/#website\",\"url\":\"https:\/\/rhbgrass.com\/\",\"name\":\"RHB Grass\",\"description\":\"Global Suni \u00c7im Hal\u0131 ve Yap\u0131 Malzeme Tedarik\u00e7isi\",\"publisher\":{\"@id\":\"https:\/\/rhbgrass.com\/#organization\"},\"alternateName\":\"Suni \u00c7im Malzemeleri Tedarik\u00e7isi\",\"potentialAction\":[{\"@type\":\"SearchAction\",\"target\":{\"@type\":\"EntryPoint\",\"urlTemplate\":\"https:\/\/rhbgrass.com\/?s={search_term_string}\"},\"query-input\":{\"@type\":\"PropertyValueSpecification\",\"valueRequired\":true,\"valueName\":\"search_term_string\"}}],\"inLanguage\":\"en-US\"},{\"@type\":\"Organization\",\"@id\":\"https:\/\/rhbgrass.com\/#organization\",\"name\":\"RHB Grass - Suni \u00c7im ve Yap\u0131 Malzeme Tedarik\u00e7isi\",\"alternateName\":\"RHB Grass - Artificial Grass and Building Material Supplier\",\"url\":\"https:\/\/rhbgrass.com\/\",\"logo\":{\"@type\":\"ImageObject\",\"inLanguage\":\"en-US\",\"@id\":\"https:\/\/rhbgrass.com\/#\/schema\/logo\/image\/\",\"url\":\"https:\/\/rhbgrass.com\/wp-content\/uploads\/2023\/10\/cropped-rhb-forest-green.png\",\"contentUrl\":\"https:\/\/rhbgrass.com\/wp-content\/uploads\/2023\/10\/cropped-rhb-forest-green.png\",\"width\":512,\"height\":512,\"caption\":\"RHB Grass - Suni \u00c7im ve Yap\u0131 Malzeme Tedarik\u00e7isi\"},\"image\":{\"@id\":\"https:\/\/rhbgrass.com\/#\/schema\/logo\/image\/\"},\"sameAs\":[\"https:\/\/www.instagram.com\/rhbgrass\/\"]}]}<\/script>\n<!-- \/ Yoast SEO plugin. -->","yoast_head_json":{"title":"Voleybol Ekipmanlar\u0131","description":"Voleybol Ekipmanlar\u0131 Voleybol Ekipmanlar\u0131 Gerdirmeli Voleybol Dire\u011fi Voleybol Ekipmanlar\u0131 Kriko Sistemli Voleybol Dire\u011fi Voleybol Ekipmanlar\u0131 Voleybol","robots":{"index":"index","follow":"follow","max-snippet":"max-snippet:-1","max-image-preview":"max-image-preview:large","max-video-preview":"max-video-preview:-1"},"canonical":"https:\/\/rhbgrass.com\/en\/volleyball-equipment\/","og_locale":"en_US","og_type":"article","og_title":"Voleybol Ekipmanlar\u0131","og_description":"Voleybol Ekipmanlar\u0131 Voleybol Ekipmanlar\u0131 Gerdirmeli Voleybol Dire\u011fi Voleybol Ekipmanlar\u0131 Kriko Sistemli Voleybol Dire\u011fi Voleybol Ekipmanlar\u0131 Voleybol","og_url":"https:\/\/rhbgrass.com\/en\/volleyball-equipment\/","og_site_name":"RHB Grass","article_modified_time":"2024-03-05T21:51:16+00:00","og_image":[{"width":960,"height":640,"url":"https:\/\/rhbgrass.com\/wp-content\/uploads\/2020\/09\/tennis-4755841_960_720.jpg","type":"image\/jpeg"}],"twitter_card":"summary_large_image","twitter_misc":{"Est. reading time":"3 minutes"},"schema":{"@context":"https:\/\/schema.org","@graph":[{"@type":"WebPage","@id":"https:\/\/rhbgrass.com\/voleybol-ekipmanlari\/","url":"https:\/\/rhbgrass.com\/voleybol-ekipmanlari\/","name":"Voleybol Ekipmanlar\u0131","isPartOf":{"@id":"https:\/\/rhbgrass.com\/#website"},"primaryImageOfPage":{"@id":"https:\/\/rhbgrass.com\/voleybol-ekipmanlari\/#primaryimage"},"image":{"@id":"https:\/\/rhbgrass.com\/voleybol-ekipmanlari\/#primaryimage"},"thumbnailUrl":"https:\/\/rhbgrass.com\/wp-content\/uploads\/2020\/09\/tennis-4755841_960_720.jpg","datePublished":"2023-12-05T13:08:41+00:00","dateModified":"2024-03-05T21:51:16+00:00","description":"Voleybol Ekipmanlar\u0131 Voleybol Ekipmanlar\u0131 Gerdirmeli Voleybol Dire\u011fi Voleybol Ekipmanlar\u0131 Kriko Sistemli Voleybol Dire\u011fi Voleybol Ekipmanlar\u0131 Voleybol","breadcrumb":{"@id":"https:\/\/rhbgrass.com\/voleybol-ekipmanlari\/#breadcrumb"},"inLanguage":"en-US","potentialAction":[{"@type":"ReadAction","target":["https:\/\/rhbgrass.com\/voleybol-ekipmanlari\/"]}]},{"@type":"ImageObject","inLanguage":"en-US","@id":"https:\/\/rhbgrass.com\/voleybol-ekipmanlari\/#primaryimage","url":"https:\/\/rhbgrass.com\/wp-content\/uploads\/2020\/09\/tennis-4755841_960_720.jpg","contentUrl":"https:\/\/rhbgrass.com\/wp-content\/uploads\/2020\/09\/tennis-4755841_960_720.jpg","width":960,"height":640,"caption":"RHBPUR COURT AC-200 (YEN\u0130LEME KAPLAMA)"},{"@type":"BreadcrumbList","@id":"https:\/\/rhbgrass.com\/voleybol-ekipmanlari\/#breadcrumb","itemListElement":[{"@type":"ListItem","position":1,"name":"Suni \u00c7im Hal\u0131 Malzemeleri","item":"https:\/\/rhbgrass.com\/"},{"@type":"ListItem","position":2,"name":"Voleybol Ekipmanlar\u0131"}]},{"@type":"WebSite","@id":"https:\/\/rhbgrass.com\/#website","url":"https:\/\/rhbgrass.com\/","name":"RHB Grass","description":"Global Suni \u00c7im Hal\u0131 ve Yap\u0131 Malzeme Tedarik\u00e7isi","publisher":{"@id":"https:\/\/rhbgrass.com\/#organization"},"alternateName":"Suni \u00c7im Malzemeleri Tedarik\u00e7isi","potentialAction":[{"@type":"SearchAction","target":{"@type":"EntryPoint","urlTemplate":"https:\/\/rhbgrass.com\/?s={search_term_string}"},"query-input":{"@type":"PropertyValueSpecification","valueRequired":true,"valueName":"search_term_string"}}],"inLanguage":"en-US"},{"@type":"Organization","@id":"https:\/\/rhbgrass.com\/#organization","name":"RHB Grass - Suni \u00c7im ve Yap\u0131 Malzeme Tedarik\u00e7isi","alternateName":"RHB Grass - Artificial Grass and Building Material Supplier","url":"https:\/\/rhbgrass.com\/","logo":{"@type":"ImageObject","inLanguage":"en-US","@id":"https:\/\/rhbgrass.com\/#\/schema\/logo\/image\/","url":"https:\/\/rhbgrass.com\/wp-content\/uploads\/2023\/10\/cropped-rhb-forest-green.png","contentUrl":"https:\/\/rhbgrass.com\/wp-content\/uploads\/2023\/10\/cropped-rhb-forest-green.png","width":512,"height":512,"caption":"RHB Grass - Suni \u00c7im ve Yap\u0131 Malzeme Tedarik\u00e7isi"},"image":{"@id":"https:\/\/rhbgrass.com\/#\/schema\/logo\/image\/"},"sameAs":["https:\/\/www.instagram.com\/rhbgrass\/"]}]}},"_links":{"self":[{"href":"https:\/\/rhbgrass.com\/en\/wp-json\/wp\/v2\/pages\/6168","targetHints":{"allow":["GET"]}}],"collection":[{"href":"https:\/\/rhbgrass.com\/en\/wp-json\/wp\/v2\/pages"}],"about":[{"href":"https:\/\/rhbgrass.com\/en\/wp-json\/wp\/v2\/types\/page"}],"author":[{"embeddable":true,"href":"https:\/\/rhbgrass.com\/en\/wp-json\/wp\/v2\/users\/1"}],"replies":[{"embeddable":true,"href":"https:\/\/rhbgrass.com\/en\/wp-json\/wp\/v2\/comments?post=6168"}],"version-history":[{"count":3,"href":"https:\/\/rhbgrass.com\/en\/wp-json\/wp\/v2\/pages\/6168\/revisions"}],"predecessor-version":[{"id":7043,"href":"https:\/\/rhbgrass.com\/en\/wp-json\/wp\/v2\/pages\/6168\/revisions\/7043"}],"wp:featuredmedia":[{"embeddable":true,"href":"https:\/\/rhbgrass.com\/en\/wp-json\/wp\/v2\/media\/2606"}],"wp:attachment":[{"href":"https:\/\/rhbgrass.com\/en\/wp-json\/wp\/v2\/media?parent=6168"}],"curies":[{"name":"wp","href":"https:\/\/api.w.org\/{rel}","templated":true}]}}