{"id":6156,"date":"2023-12-05T13:04:56","date_gmt":"2023-12-05T13:04:56","guid":{"rendered":"https:\/\/rhbgrass.com\/?page_id=6156"},"modified":"2024-03-05T21:20:11","modified_gmt":"2024-03-05T21:20:11","slug":"peyzaj","status":"publish","type":"page","link":"https:\/\/rhbgrass.com\/en\/sports-turf\/landscape-grass\/","title":{"rendered":"Decorative Grass"},"content":{"rendered":"<div data-elementor-type=\"wp-page\" data-elementor-id=\"6156\" class=\"elementor elementor-6156\">\n\t\t\t\t\t\t<section class=\"elementor-section elementor-top-section elementor-element elementor-element-52b3c17 elementor-section-full_width elementor-section-height-default elementor-section-height-default\" data-id=\"52b3c17\" data-element_type=\"section\">\n\t\t\t\t\t\t<div class=\"elementor-container elementor-column-gap-no\">\n\t\t\t\t\t<div class=\"elementor-column elementor-col-100 elementor-top-column elementor-element elementor-element-bb186ce\" data-id=\"bb186ce\" data-element_type=\"column\">\n\t\t\t<div class=\"elementor-widget-wrap elementor-element-populated\">\n\t\t\t\t\t\t<div class=\"elementor-element elementor-element-b5f60cb elementor-widget elementor-widget-quarty-portfolio\" data-id=\"b5f60cb\" data-element_type=\"widget\" data-widget_type=\"quarty-portfolio.default\">\n\t\t\t\t<div class=\"elementor-widget-container\">\n\t\t\t\t\t\n\t\t<div class=\"qrt-section qrt-section-sf\">\n\t\t\t\t\t\t<div class=\"row\">\n\t\t\t  <div class=\"col-lg-12\">\n\t\t\t    <h3 class=\"qrt-mb-40 qrt-title-h\">\n\t\t\t    \t<span >\n\t\t          \t\tArtificial Grass and Artificial Landscape Products\t\t        \t<\/span>\n\t\t\t    <\/h3>\n\t\t\t  <\/div>\n\t\t\t<\/div>\n\t\t\t\n\t\t\t\n                        <div class=\"qrt-masonry-grid qrt-mb-40 qrt-grid-2-col qrt-gallery qrt-grid-masonry\">\n\n              <div class=\"qrt-grid-sizer\"><\/div>\n\n                           \t\n\n<div class=\"qrt-masonry-grid-item qrt-masonry-grid-item-50 category-dekoratif-cim\">\n  <div class=\"qrt-work-item\">\n        <div class=\"qrt-cursor-scale qrt-work-cover-frame\">\n      <a href=\"https:\/\/rhbgrass.com\/en\/portfolio\/item\/07mm-deko\/\" class=\"qrt-anima-link\">\n        <img decoding=\"async\" src=\"https:\/\/rhbgrass.com\/wp-content\/uploads\/2023\/11\/cim-hali.jpg\" alt=\"07MM DEKO\">\n      <\/a>\n      <div class=\"qrt-item-zoom qrt-cursor-color\"><i class=\"fas fa-expand\"><\/i><\/div>\n      <div class=\"qrt-work-category\"><span>Decorative Grass <\/span><\/div>\n    <\/div>\n        <div class=\"qrt-work-descr\">\n            <h4 class=\"qrt-cursor-color qrt-white\">\n        <a href=\"https:\/\/rhbgrass.com\/en\/portfolio\/item\/07mm-deko\/\" class=\"qrt-anima-link\">07MM DEKO<\/a>\n      <\/h4>\n            <a href=\"https:\/\/rhbgrass.com\/en\/portfolio\/item\/07mm-deko\/\" class=\"qrt-cursor-scale qrt-work-more qrt-anima-link\"><i class=\"fas fa-arrow-right\"><\/i><\/a>\n    <\/div>\n  <\/div>\n<\/div>          \t               \t\n\n<div class=\"qrt-masonry-grid-item qrt-masonry-grid-item-50 category-dekoratif-cim\">\n  <div class=\"qrt-work-item\">\n        <div class=\"qrt-cursor-scale qrt-work-cover-frame\">\n      <a href=\"https:\/\/rhbgrass.com\/en\/portfolio\/item\/09mm-deco\/\" class=\"qrt-anima-link\">\n        <img decoding=\"async\" src=\"https:\/\/rhbgrass.com\/wp-content\/uploads\/2023\/11\/09MM-Duz-suni-cim.jpg\" alt=\"09MM DEKO\">\n      <\/a>\n      <div class=\"qrt-item-zoom qrt-cursor-color\"><i class=\"fas fa-expand\"><\/i><\/div>\n      <div class=\"qrt-work-category\"><span>Decorative Grass <\/span><\/div>\n    <\/div>\n        <div class=\"qrt-work-descr\">\n            <h4 class=\"qrt-cursor-color qrt-white\">\n        <a href=\"https:\/\/rhbgrass.com\/en\/portfolio\/item\/09mm-deco\/\" class=\"qrt-anima-link\">09MM DEKO<\/a>\n      <\/h4>\n            <a href=\"https:\/\/rhbgrass.com\/en\/portfolio\/item\/09mm-deco\/\" class=\"qrt-cursor-scale qrt-work-more qrt-anima-link\"><i class=\"fas fa-arrow-right\"><\/i><\/a>\n    <\/div>\n  <\/div>\n<\/div>          \t               \t\n\n<div class=\"qrt-masonry-grid-item qrt-masonry-grid-item-50 category-dekoratif-cim\">\n  <div class=\"qrt-work-item\">\n        <div class=\"qrt-cursor-scale qrt-work-cover-frame\">\n      <a href=\"https:\/\/rhbgrass.com\/en\/portfolio\/item\/11mm-decoration\/\" class=\"qrt-anima-link\">\n        <img decoding=\"async\" src=\"https:\/\/rhbgrass.com\/wp-content\/uploads\/2023\/11\/11MM-DUZ-SUNI-CIM.jpg\" alt=\"11MM DECORATION\">\n      <\/a>\n      <div class=\"qrt-item-zoom qrt-cursor-color\"><i class=\"fas fa-expand\"><\/i><\/div>\n      <div class=\"qrt-work-category\"><span>Decorative Grass <\/span><\/div>\n    <\/div>\n        <div class=\"qrt-work-descr\">\n            <h4 class=\"qrt-cursor-color qrt-white\">\n        <a href=\"https:\/\/rhbgrass.com\/en\/portfolio\/item\/11mm-decoration\/\" class=\"qrt-anima-link\">11MM DECORATION<\/a>\n      <\/h4>\n            <a href=\"https:\/\/rhbgrass.com\/en\/portfolio\/item\/11mm-decoration\/\" class=\"qrt-cursor-scale qrt-work-more qrt-anima-link\"><i class=\"fas fa-arrow-right\"><\/i><\/a>\n    <\/div>\n  <\/div>\n<\/div>          \t              <\/div>\n            \n\t\t  \t\t\t      <div class=\"pagination qrt-blog-pagination\">\n\t\t    \t\t\t\t\t  <\/div>\n\t\t\t\n\t\t\t        <\/div>\n\n\t\t\t\t\t\t<\/div>\n\t\t\t\t<\/div>\n\t\t\t\t\t<\/div>\n\t\t<\/div>\n\t\t\t\t\t<\/div>\n\t\t<\/section>\n\t\t\t\t<section class=\"elementor-section elementor-top-section elementor-element elementor-element-32e84e2 elementor-section-full_width elementor-section-height-default elementor-section-height-default\" data-id=\"32e84e2\" data-element_type=\"section\">\n\t\t\t\t\t\t<div class=\"elementor-container elementor-column-gap-no\">\n\t\t\t\t\t<div class=\"elementor-column elementor-col-100 elementor-top-column elementor-element elementor-element-b4e362d\" data-id=\"b4e362d\" data-element_type=\"column\">\n\t\t\t<div class=\"elementor-widget-wrap elementor-element-populated\">\n\t\t\t\t\t\t<div class=\"elementor-element elementor-element-cadd8cc elementor-widget elementor-widget-quarty-cta\" data-id=\"cadd8cc\" data-element_type=\"widget\" data-widget_type=\"quarty-cta.default\">\n\t\t\t\t<div class=\"elementor-widget-container\">\n\t\t\t\t\t\n\t\t<div class=\"row\">\n          <div class=\"col-lg-12\">\n            <div class=\"qrt-call-to-action\">\n                            <h4>\n              \t<span >\n\t          \t\tDo you have a special request?\t        \t<\/span>\n              <\/h4>\n                                          <a href=\"\/en\/quarty\/contact\/\" class=\"qrt-btn qrt-btn-sm qrt-btn-color qrt-cursor-scale qrt-anima-link\">\n              \t<span >\n\t          \t\tContact us\t        \t<\/span>\n              <\/a>\n                          <\/div>\n          <\/div>\n        <\/div>\n\n\t\t\t\t\t\t<\/div>\n\t\t\t\t<\/div>\n\t\t\t\t\t<\/div>\n\t\t<\/div>\n\t\t\t\t\t<\/div>\n\t\t<\/section>\n\t\t\t\t<\/div>","protected":false},"excerpt":{"rendered":"<p>Suni \u00c7im ve Suni Peyzaj \u00dcr\u00fcnleri Dekoratif \u00c7im 07MM DEKO Dekoratif \u00c7im 09MM DEKO Dekoratif \u00c7im 11MM DEKORASYON \u00f6zel talebiniz&#8230; <span class=\"qrt-el-more\"><a href=\"https:\/\/rhbgrass.com\/en\/portfolio\/item\/11mm-decoration\/\" class=\"qrt-link qrt-color-link qrt-cursor-scale qrt-w-chevron\">Read more<\/a><\/span><\/p>","protected":false},"author":1,"featured_media":2602,"parent":6144,"menu_order":0,"comment_status":"closed","ping_status":"closed","template":"template-layout-builder.php","meta":{"cybocfi_hide_featured_image":"","footnotes":""},"class_list":["post-6156","page","type-page","status-publish","has-post-thumbnail","hentry"],"acf":[],"yoast_head":"<!-- This site is optimized with the Yoast SEO plugin v24.8.1 - https:\/\/yoast.com\/wordpress\/plugins\/seo\/ -->\n<title>Dekoratif \u00c7im - RHB Grass<\/title>\n<meta name=\"description\" content=\"Suni \u00c7im ve Suni Peyzaj \u00dcr\u00fcnleri Dekoratif \u00c7im 07MM DEKO Dekoratif \u00c7im 09MM DEKO Dekoratif \u00c7im 11MM DEKORASYON \u00f6zel talebiniz mi var ? Bize\" \/>\n<meta name=\"robots\" content=\"index, follow, max-snippet:-1, max-image-preview:large, max-video-preview:-1\" \/>\n<link rel=\"canonical\" href=\"https:\/\/rhbgrass.com\/en\/sports-turf\/landscape-grass\/\" \/>\n<meta property=\"og:locale\" content=\"en_US\" \/>\n<meta property=\"og:type\" content=\"article\" \/>\n<meta property=\"og:title\" content=\"Dekoratif \u00c7im - RHB Grass\" \/>\n<meta property=\"og:description\" content=\"Suni \u00c7im ve Suni Peyzaj \u00dcr\u00fcnleri Dekoratif \u00c7im 07MM DEKO Dekoratif \u00c7im 09MM DEKO Dekoratif \u00c7im 11MM DEKORASYON \u00f6zel talebiniz mi var ? Bize\" \/>\n<meta property=\"og:url\" content=\"https:\/\/rhbgrass.com\/en\/sports-turf\/landscape-grass\/\" \/>\n<meta property=\"og:site_name\" content=\"RHB Grass\" \/>\n<meta property=\"article:modified_time\" content=\"2024-03-05T21:20:11+00:00\" \/>\n<meta property=\"og:image\" content=\"https:\/\/rhbgrass.com\/wp-content\/uploads\/2020\/09\/d0bbmm199awv037emt3mbmujowhn15tz.jpg\" \/>\n\t<meta property=\"og:image:width\" content=\"1500\" \/>\n\t<meta property=\"og:image:height\" content=\"1001\" \/>\n\t<meta property=\"og:image:type\" content=\"image\/jpeg\" \/>\n<meta name=\"twitter:card\" content=\"summary_large_image\" \/>\n<meta name=\"twitter:label1\" content=\"Est. reading time\" \/>\n\t<meta name=\"twitter:data1\" content=\"1 minute\" \/>\n<script type=\"application\/ld+json\" class=\"yoast-schema-graph\">{\"@context\":\"https:\/\/schema.org\",\"@graph\":[{\"@type\":\"WebPage\",\"@id\":\"https:\/\/rhbgrass.com\/suni-cim\/peyzaj\/\",\"url\":\"https:\/\/rhbgrass.com\/suni-cim\/peyzaj\/\",\"name\":\"Dekoratif \u00c7im - RHB Grass\",\"isPartOf\":{\"@id\":\"https:\/\/rhbgrass.com\/#website\"},\"primaryImageOfPage\":{\"@id\":\"https:\/\/rhbgrass.com\/suni-cim\/peyzaj\/#primaryimage\"},\"image\":{\"@id\":\"https:\/\/rhbgrass.com\/suni-cim\/peyzaj\/#primaryimage\"},\"thumbnailUrl\":\"https:\/\/rhbgrass.com\/wp-content\/uploads\/2020\/09\/d0bbmm199awv037emt3mbmujowhn15tz.jpg\",\"datePublished\":\"2023-12-05T13:04:56+00:00\",\"dateModified\":\"2024-03-05T21:20:11+00:00\",\"description\":\"Suni \u00c7im ve Suni Peyzaj \u00dcr\u00fcnleri Dekoratif \u00c7im 07MM DEKO Dekoratif \u00c7im 09MM DEKO Dekoratif \u00c7im 11MM DEKORASYON \u00f6zel talebiniz mi var ? Bize\",\"breadcrumb\":{\"@id\":\"https:\/\/rhbgrass.com\/suni-cim\/peyzaj\/#breadcrumb\"},\"inLanguage\":\"en-US\",\"potentialAction\":[{\"@type\":\"ReadAction\",\"target\":[\"https:\/\/rhbgrass.com\/suni-cim\/peyzaj\/\"]}]},{\"@type\":\"ImageObject\",\"inLanguage\":\"en-US\",\"@id\":\"https:\/\/rhbgrass.com\/suni-cim\/peyzaj\/#primaryimage\",\"url\":\"https:\/\/rhbgrass.com\/wp-content\/uploads\/2020\/09\/d0bbmm199awv037emt3mbmujowhn15tz.jpg\",\"contentUrl\":\"https:\/\/rhbgrass.com\/wp-content\/uploads\/2020\/09\/d0bbmm199awv037emt3mbmujowhn15tz.jpg\",\"width\":1500,\"height\":1001,\"caption\":\"RHB galaxy suni \u00e7im 20 mm\"},{\"@type\":\"BreadcrumbList\",\"@id\":\"https:\/\/rhbgrass.com\/suni-cim\/peyzaj\/#breadcrumb\",\"itemListElement\":[{\"@type\":\"ListItem\",\"position\":1,\"name\":\"Suni \u00c7im Hal\u0131 Malzemeleri\",\"item\":\"https:\/\/rhbgrass.com\/\"},{\"@type\":\"ListItem\",\"position\":2,\"name\":\"Suni \u00c7im \u00dcr\u00fcnleri\",\"item\":\"https:\/\/rhbgrass.com\/suni-cim\/\"},{\"@type\":\"ListItem\",\"position\":3,\"name\":\"Dekoratif \u00c7im\"}]},{\"@type\":\"WebSite\",\"@id\":\"https:\/\/rhbgrass.com\/#website\",\"url\":\"https:\/\/rhbgrass.com\/\",\"name\":\"RHB Grass\",\"description\":\"Global Suni \u00c7im Hal\u0131 ve Yap\u0131 Malzeme Tedarik\u00e7isi\",\"publisher\":{\"@id\":\"https:\/\/rhbgrass.com\/#organization\"},\"alternateName\":\"Suni \u00c7im Malzemeleri Tedarik\u00e7isi\",\"potentialAction\":[{\"@type\":\"SearchAction\",\"target\":{\"@type\":\"EntryPoint\",\"urlTemplate\":\"https:\/\/rhbgrass.com\/?s={search_term_string}\"},\"query-input\":{\"@type\":\"PropertyValueSpecification\",\"valueRequired\":true,\"valueName\":\"search_term_string\"}}],\"inLanguage\":\"en-US\"},{\"@type\":\"Organization\",\"@id\":\"https:\/\/rhbgrass.com\/#organization\",\"name\":\"RHB Grass - Suni \u00c7im ve Yap\u0131 Malzeme Tedarik\u00e7isi\",\"alternateName\":\"RHB Grass - Artificial Grass and Building Material Supplier\",\"url\":\"https:\/\/rhbgrass.com\/\",\"logo\":{\"@type\":\"ImageObject\",\"inLanguage\":\"en-US\",\"@id\":\"https:\/\/rhbgrass.com\/#\/schema\/logo\/image\/\",\"url\":\"https:\/\/rhbgrass.com\/wp-content\/uploads\/2023\/10\/cropped-rhb-forest-green.png\",\"contentUrl\":\"https:\/\/rhbgrass.com\/wp-content\/uploads\/2023\/10\/cropped-rhb-forest-green.png\",\"width\":512,\"height\":512,\"caption\":\"RHB Grass - Suni \u00c7im ve Yap\u0131 Malzeme Tedarik\u00e7isi\"},\"image\":{\"@id\":\"https:\/\/rhbgrass.com\/#\/schema\/logo\/image\/\"},\"sameAs\":[\"https:\/\/www.instagram.com\/rhbgrass\/\"]}]}<\/script>\n<!-- \/ Yoast SEO plugin. -->","yoast_head_json":{"title":"Dekoratif \u00c7im - RHB Grass","description":"Suni \u00c7im ve Suni Peyzaj \u00dcr\u00fcnleri Dekoratif \u00c7im 07MM DEKO Dekoratif \u00c7im 09MM DEKO Dekoratif \u00c7im 11MM DEKORASYON \u00f6zel talebiniz mi var ? Bize","robots":{"index":"index","follow":"follow","max-snippet":"max-snippet:-1","max-image-preview":"max-image-preview:large","max-video-preview":"max-video-preview:-1"},"canonical":"https:\/\/rhbgrass.com\/en\/sports-turf\/landscape-grass\/","og_locale":"en_US","og_type":"article","og_title":"Dekoratif \u00c7im - RHB Grass","og_description":"Suni \u00c7im ve Suni Peyzaj \u00dcr\u00fcnleri Dekoratif \u00c7im 07MM DEKO Dekoratif \u00c7im 09MM DEKO Dekoratif \u00c7im 11MM DEKORASYON \u00f6zel talebiniz mi var ? Bize","og_url":"https:\/\/rhbgrass.com\/en\/sports-turf\/landscape-grass\/","og_site_name":"RHB Grass","article_modified_time":"2024-03-05T21:20:11+00:00","og_image":[{"width":1500,"height":1001,"url":"https:\/\/rhbgrass.com\/wp-content\/uploads\/2020\/09\/d0bbmm199awv037emt3mbmujowhn15tz.jpg","type":"image\/jpeg"}],"twitter_card":"summary_large_image","twitter_misc":{"Est. reading time":"1 minute"},"schema":{"@context":"https:\/\/schema.org","@graph":[{"@type":"WebPage","@id":"https:\/\/rhbgrass.com\/suni-cim\/peyzaj\/","url":"https:\/\/rhbgrass.com\/suni-cim\/peyzaj\/","name":"Dekoratif \u00c7im - RHB Grass","isPartOf":{"@id":"https:\/\/rhbgrass.com\/#website"},"primaryImageOfPage":{"@id":"https:\/\/rhbgrass.com\/suni-cim\/peyzaj\/#primaryimage"},"image":{"@id":"https:\/\/rhbgrass.com\/suni-cim\/peyzaj\/#primaryimage"},"thumbnailUrl":"https:\/\/rhbgrass.com\/wp-content\/uploads\/2020\/09\/d0bbmm199awv037emt3mbmujowhn15tz.jpg","datePublished":"2023-12-05T13:04:56+00:00","dateModified":"2024-03-05T21:20:11+00:00","description":"Suni \u00c7im ve Suni Peyzaj \u00dcr\u00fcnleri Dekoratif \u00c7im 07MM DEKO Dekoratif \u00c7im 09MM DEKO Dekoratif \u00c7im 11MM DEKORASYON \u00f6zel talebiniz mi var ? Bize","breadcrumb":{"@id":"https:\/\/rhbgrass.com\/suni-cim\/peyzaj\/#breadcrumb"},"inLanguage":"en-US","potentialAction":[{"@type":"ReadAction","target":["https:\/\/rhbgrass.com\/suni-cim\/peyzaj\/"]}]},{"@type":"ImageObject","inLanguage":"en-US","@id":"https:\/\/rhbgrass.com\/suni-cim\/peyzaj\/#primaryimage","url":"https:\/\/rhbgrass.com\/wp-content\/uploads\/2020\/09\/d0bbmm199awv037emt3mbmujowhn15tz.jpg","contentUrl":"https:\/\/rhbgrass.com\/wp-content\/uploads\/2020\/09\/d0bbmm199awv037emt3mbmujowhn15tz.jpg","width":1500,"height":1001,"caption":"RHB galaxy suni \u00e7im 20 mm"},{"@type":"BreadcrumbList","@id":"https:\/\/rhbgrass.com\/suni-cim\/peyzaj\/#breadcrumb","itemListElement":[{"@type":"ListItem","position":1,"name":"Suni \u00c7im Hal\u0131 Malzemeleri","item":"https:\/\/rhbgrass.com\/"},{"@type":"ListItem","position":2,"name":"Suni \u00c7im \u00dcr\u00fcnleri","item":"https:\/\/rhbgrass.com\/suni-cim\/"},{"@type":"ListItem","position":3,"name":"Dekoratif \u00c7im"}]},{"@type":"WebSite","@id":"https:\/\/rhbgrass.com\/#website","url":"https:\/\/rhbgrass.com\/","name":"RHB Grass","description":"Global Suni \u00c7im Hal\u0131 ve Yap\u0131 Malzeme Tedarik\u00e7isi","publisher":{"@id":"https:\/\/rhbgrass.com\/#organization"},"alternateName":"Suni \u00c7im Malzemeleri Tedarik\u00e7isi","potentialAction":[{"@type":"SearchAction","target":{"@type":"EntryPoint","urlTemplate":"https:\/\/rhbgrass.com\/?s={search_term_string}"},"query-input":{"@type":"PropertyValueSpecification","valueRequired":true,"valueName":"search_term_string"}}],"inLanguage":"en-US"},{"@type":"Organization","@id":"https:\/\/rhbgrass.com\/#organization","name":"RHB Grass - Suni \u00c7im ve Yap\u0131 Malzeme Tedarik\u00e7isi","alternateName":"RHB Grass - Artificial Grass and Building Material Supplier","url":"https:\/\/rhbgrass.com\/","logo":{"@type":"ImageObject","inLanguage":"en-US","@id":"https:\/\/rhbgrass.com\/#\/schema\/logo\/image\/","url":"https:\/\/rhbgrass.com\/wp-content\/uploads\/2023\/10\/cropped-rhb-forest-green.png","contentUrl":"https:\/\/rhbgrass.com\/wp-content\/uploads\/2023\/10\/cropped-rhb-forest-green.png","width":512,"height":512,"caption":"RHB Grass - Suni \u00c7im ve Yap\u0131 Malzeme Tedarik\u00e7isi"},"image":{"@id":"https:\/\/rhbgrass.com\/#\/schema\/logo\/image\/"},"sameAs":["https:\/\/www.instagram.com\/rhbgrass\/"]}]}},"_links":{"self":[{"href":"https:\/\/rhbgrass.com\/en\/wp-json\/wp\/v2\/pages\/6156","targetHints":{"allow":["GET"]}}],"collection":[{"href":"https:\/\/rhbgrass.com\/en\/wp-json\/wp\/v2\/pages"}],"about":[{"href":"https:\/\/rhbgrass.com\/en\/wp-json\/wp\/v2\/types\/page"}],"author":[{"embeddable":true,"href":"https:\/\/rhbgrass.com\/en\/wp-json\/wp\/v2\/users\/1"}],"replies":[{"embeddable":true,"href":"https:\/\/rhbgrass.com\/en\/wp-json\/wp\/v2\/comments?post=6156"}],"version-history":[{"count":9,"href":"https:\/\/rhbgrass.com\/en\/wp-json\/wp\/v2\/pages\/6156\/revisions"}],"predecessor-version":[{"id":6993,"href":"https:\/\/rhbgrass.com\/en\/wp-json\/wp\/v2\/pages\/6156\/revisions\/6993"}],"up":[{"embeddable":true,"href":"https:\/\/rhbgrass.com\/en\/wp-json\/wp\/v2\/pages\/6144"}],"wp:featuredmedia":[{"embeddable":true,"href":"https:\/\/rhbgrass.com\/en\/wp-json\/wp\/v2\/media\/2602"}],"wp:attachment":[{"href":"https:\/\/rhbgrass.com\/en\/wp-json\/wp\/v2\/media?parent=6156"}],"curies":[{"name":"wp","href":"https:\/\/api.w.org\/{rel}","templated":true}]}}