{"id":6132,"date":"2023-12-05T12:57:11","date_gmt":"2023-12-05T12:57:11","guid":{"rendered":"https:\/\/rhbgrass.com\/?page_id=6132"},"modified":"2024-07-21T19:44:01","modified_gmt":"2024-07-21T19:44:01","slug":"polimer-cakil-tasi-kaplamasi","status":"publish","type":"page","link":"https:\/\/rhbgrass.com\/en\/polymer-pebble-stone-coating\/","title":{"rendered":"Polymer Pebble Coating"},"content":{"rendered":"<div data-elementor-type=\"wp-page\" data-elementor-id=\"6132\" class=\"elementor elementor-6132\">\n\t\t\t\t\t\t<section class=\"elementor-section elementor-top-section elementor-element elementor-element-52b3c17 elementor-section-full_width elementor-section-height-default elementor-section-height-default\" data-id=\"52b3c17\" data-element_type=\"section\">\n\t\t\t\t\t\t<div class=\"elementor-container elementor-column-gap-no\">\n\t\t\t\t\t<div class=\"elementor-column elementor-col-100 elementor-top-column elementor-element elementor-element-bb186ce\" data-id=\"bb186ce\" data-element_type=\"column\">\n\t\t\t<div class=\"elementor-widget-wrap elementor-element-populated\">\n\t\t\t\t\t\t<div class=\"elementor-element elementor-element-b5f60cb elementor-widget elementor-widget-quarty-portfolio\" data-id=\"b5f60cb\" data-element_type=\"widget\" data-widget_type=\"quarty-portfolio.default\">\n\t\t\t\t<div class=\"elementor-widget-container\">\n\t\t\t\t\t\n\t\t<div class=\"qrt-section qrt-section-sf\">\n\t\t\t\t\t\t<div class=\"row\">\n\t\t\t  <div class=\"col-lg-12\">\n\t\t\t    <h3 class=\"qrt-mb-40 qrt-title-h\">\n\t\t\t    \t<span >\n\t\t          \t\tPolymer Pebble Coating \t\t        \t<\/span>\n\t\t\t    <\/h3>\n\t\t\t  <\/div>\n\t\t\t<\/div>\n\t\t\t\n\t\t\t\n                        <div class=\"qrt-masonry-grid qrt-mb-40 qrt-grid-4-col qrt-gallery qrt-grid-masonry qrt-grid-hide-name qrt-grid-hide-link\">\n\n              <div class=\"qrt-grid-sizer\"><\/div>\n\n                           \t\n\n<div class=\"qrt-masonry-grid-item qrt-masonry-grid-item-50 category-cakil-tasi-zemin-kaplamalari\">\n  <div class=\"qrt-work-item\">\n        <div class=\"qrt-cursor-scale qrt-work-cover-frame\">\n      <a href=\"https:\/\/rhbgrass.com\/en\/portfolio\/item\/rhb-stone-primer-pu-1k\/\" class=\"qrt-anima-link\">\n        <img decoding=\"async\" src=\"https:\/\/rhbgrass.com\/wp-content\/uploads\/2023\/11\/Parke-Zemin-KaplamalariBG_4-1.webp\" alt=\"RHB-STONE PRIMER PU-1K\">\n      <\/a>\n      <div class=\"qrt-item-zoom qrt-cursor-color\"><i class=\"fas fa-expand\"><\/i><\/div>\n      <div class=\"qrt-work-category\"><span>Pebble Stone Floor Coverings <\/span><\/div>\n    <\/div>\n        <div class=\"qrt-work-descr\">\n            <h4 class=\"qrt-cursor-color qrt-white\">\n        <a href=\"https:\/\/rhbgrass.com\/en\/portfolio\/item\/rhb-stone-primer-pu-1k\/\" class=\"qrt-anima-link\">RHB-STONE PRIMER PU-1K<\/a>\n      <\/h4>\n            <a href=\"https:\/\/rhbgrass.com\/en\/portfolio\/item\/rhb-stone-primer-pu-1k\/\" class=\"qrt-cursor-scale qrt-work-more qrt-anima-link\"><i class=\"fas fa-arrow-right\"><\/i><\/a>\n    <\/div>\n  <\/div>\n<\/div>          \t               \t\n\n<div class=\"qrt-masonry-grid-item qrt-masonry-grid-item-50 category-cakil-tasi-zemin-kaplamalari\">\n  <div class=\"qrt-work-item\">\n        <div class=\"qrt-cursor-scale qrt-work-cover-frame\">\n      <a href=\"https:\/\/rhbgrass.com\/en\/portfolio\/item\/rhb-stone-uv-resin-1k\/\" class=\"qrt-anima-link\">\n        <img decoding=\"async\" src=\"https:\/\/rhbgrass.com\/wp-content\/uploads\/2023\/11\/Parke-Zemin-KaplamalariBG_4-1.webp\" alt=\"RHB-STONE UV RESIN -1K\">\n      <\/a>\n      <div class=\"qrt-item-zoom qrt-cursor-color\"><i class=\"fas fa-expand\"><\/i><\/div>\n      <div class=\"qrt-work-category\"><span>Pebble Stone Floor Coverings <\/span><\/div>\n    <\/div>\n        <div class=\"qrt-work-descr\">\n            <h4 class=\"qrt-cursor-color qrt-white\">\n        <a href=\"https:\/\/rhbgrass.com\/en\/portfolio\/item\/rhb-stone-uv-resin-1k\/\" class=\"qrt-anima-link\">RHB-STONE UV RESIN -1K<\/a>\n      <\/h4>\n            <a href=\"https:\/\/rhbgrass.com\/en\/portfolio\/item\/rhb-stone-uv-resin-1k\/\" class=\"qrt-cursor-scale qrt-work-more qrt-anima-link\"><i class=\"fas fa-arrow-right\"><\/i><\/a>\n    <\/div>\n  <\/div>\n<\/div>          \t               \t\n\n<div class=\"qrt-masonry-grid-item qrt-masonry-grid-item-50 category-cakil-tasi-zemin-kaplamalari\">\n  <div class=\"qrt-work-item\">\n        <div class=\"qrt-cursor-scale qrt-work-cover-frame\">\n      <a href=\"https:\/\/rhbgrass.com\/en\/portfolio\/item\/rhb-stone-uv-protec-varnish-1k\/\" class=\"qrt-anima-link\">\n        <img decoding=\"async\" src=\"https:\/\/rhbgrass.com\/wp-content\/uploads\/2023\/11\/Parke-Zemin-KaplamalariBG_4-1.webp\" alt=\"RHB-STONE UV PROTEC VARNISH-1K\">\n      <\/a>\n      <div class=\"qrt-item-zoom qrt-cursor-color\"><i class=\"fas fa-expand\"><\/i><\/div>\n      <div class=\"qrt-work-category\"><span>Pebble Stone Floor Coverings <\/span><\/div>\n    <\/div>\n        <div class=\"qrt-work-descr\">\n            <h4 class=\"qrt-cursor-color qrt-white\">\n        <a href=\"https:\/\/rhbgrass.com\/en\/portfolio\/item\/rhb-stone-uv-protec-varnish-1k\/\" class=\"qrt-anima-link\">RHB-STONE UV PROTEC VARNISH-1K<\/a>\n      <\/h4>\n            <a href=\"https:\/\/rhbgrass.com\/en\/portfolio\/item\/rhb-stone-uv-protec-varnish-1k\/\" class=\"qrt-cursor-scale qrt-work-more qrt-anima-link\"><i class=\"fas fa-arrow-right\"><\/i><\/a>\n    <\/div>\n  <\/div>\n<\/div>          \t               \t\n\n<div class=\"qrt-masonry-grid-item qrt-masonry-grid-item-50 category-cakil-tasi-zemin-kaplamalari\">\n  <div class=\"qrt-work-item\">\n        <div class=\"qrt-cursor-scale qrt-work-cover-frame\">\n      <a href=\"https:\/\/rhbgrass.com\/en\/portfolio\/item\/rhb-stone-ep-resin-2k\/\" class=\"qrt-anima-link\">\n        <img decoding=\"async\" src=\"https:\/\/rhbgrass.com\/wp-content\/uploads\/2023\/11\/Parke-Zemin-KaplamalariBG_4-1.webp\" alt=\"RHB-STONE EP RESIN-2K\">\n      <\/a>\n      <div class=\"qrt-item-zoom qrt-cursor-color\"><i class=\"fas fa-expand\"><\/i><\/div>\n      <div class=\"qrt-work-category\"><span>Pebble Stone Floor Coverings <\/span><\/div>\n    <\/div>\n        <div class=\"qrt-work-descr\">\n            <h4 class=\"qrt-cursor-color qrt-white\">\n        <a href=\"https:\/\/rhbgrass.com\/en\/portfolio\/item\/rhb-stone-ep-resin-2k\/\" class=\"qrt-anima-link\">RHB-STONE EP RESIN-2K<\/a>\n      <\/h4>\n            <a href=\"https:\/\/rhbgrass.com\/en\/portfolio\/item\/rhb-stone-ep-resin-2k\/\" class=\"qrt-cursor-scale qrt-work-more qrt-anima-link\"><i class=\"fas fa-arrow-right\"><\/i><\/a>\n    <\/div>\n  <\/div>\n<\/div>          \t               \t\n\n<div class=\"qrt-masonry-grid-item qrt-masonry-grid-item-50 category-cakil-tasi-zemin-kaplamalari\">\n  <div class=\"qrt-work-item\">\n        <div class=\"qrt-cursor-scale qrt-work-cover-frame\">\n      <a href=\"https:\/\/rhbgrass.com\/en\/portfolio\/item\/rhb-stone-pu-resin-2k\/\" class=\"qrt-anima-link\">\n        <img decoding=\"async\" src=\"https:\/\/rhbgrass.com\/wp-content\/uploads\/2023\/11\/Parke-Zemin-KaplamalariBG_4-1.webp\" alt=\"RHB-STONE PU RESIN-2K\">\n      <\/a>\n      <div class=\"qrt-item-zoom qrt-cursor-color\"><i class=\"fas fa-expand\"><\/i><\/div>\n      <div class=\"qrt-work-category\"><span>Pebble Stone Floor Coverings <\/span><\/div>\n    <\/div>\n        <div class=\"qrt-work-descr\">\n            <h4 class=\"qrt-cursor-color qrt-white\">\n        <a href=\"https:\/\/rhbgrass.com\/en\/portfolio\/item\/rhb-stone-pu-resin-2k\/\" class=\"qrt-anima-link\">RHB-STONE PU RESIN-2K<\/a>\n      <\/h4>\n            <a href=\"https:\/\/rhbgrass.com\/en\/portfolio\/item\/rhb-stone-pu-resin-2k\/\" class=\"qrt-cursor-scale qrt-work-more qrt-anima-link\"><i class=\"fas fa-arrow-right\"><\/i><\/a>\n    <\/div>\n  <\/div>\n<\/div>          \t               \t\n\n<div class=\"qrt-masonry-grid-item qrt-masonry-grid-item-50 category-cakil-tasi-zemin-kaplamalari\">\n  <div class=\"qrt-work-item\">\n        <div class=\"qrt-cursor-scale qrt-work-cover-frame\">\n      <a href=\"https:\/\/rhbgrass.com\/en\/portfolio\/item\/rhb-stone-uv-pore-filler-1k\/\" class=\"qrt-anima-link\">\n        <img decoding=\"async\" src=\"https:\/\/rhbgrass.com\/wp-content\/uploads\/2023\/11\/Parke-Zemin-KaplamalariBG_4-1.webp\" alt=\"RHB-STONE UV PORE FILLER-1K\">\n      <\/a>\n      <div class=\"qrt-item-zoom qrt-cursor-color\"><i class=\"fas fa-expand\"><\/i><\/div>\n      <div class=\"qrt-work-category\"><span>Pebble Stone Floor Coverings <\/span><\/div>\n    <\/div>\n        <div class=\"qrt-work-descr\">\n            <h4 class=\"qrt-cursor-color qrt-white\">\n        <a href=\"https:\/\/rhbgrass.com\/en\/portfolio\/item\/rhb-stone-uv-pore-filler-1k\/\" class=\"qrt-anima-link\">RHB-STONE UV PORE FILLER-1K<\/a>\n      <\/h4>\n            <a href=\"https:\/\/rhbgrass.com\/en\/portfolio\/item\/rhb-stone-uv-pore-filler-1k\/\" class=\"qrt-cursor-scale qrt-work-more qrt-anima-link\"><i class=\"fas fa-arrow-right\"><\/i><\/a>\n    <\/div>\n  <\/div>\n<\/div>          \t              <\/div>\n            \n\t\t  \t\t\t      <div class=\"pagination qrt-blog-pagination\">\n\t\t    \t\t\t\t\t  <\/div>\n\t\t\t\n\t\t\t        <\/div>\n\n\t\t\t\t\t\t<\/div>\n\t\t\t\t<\/div>\n\t\t\t\t\t<\/div>\n\t\t<\/div>\n\t\t\t\t\t<\/div>\n\t\t<\/section>\n\t\t\t\t<section class=\"elementor-section elementor-top-section elementor-element elementor-element-833bbe0 elementor-section-full_width elementor-section-height-default elementor-section-height-default\" data-id=\"833bbe0\" data-element_type=\"section\">\n\t\t\t\t\t\t<div class=\"elementor-container elementor-column-gap-no\">\n\t\t\t\t\t<div class=\"elementor-column elementor-col-100 elementor-top-column elementor-element elementor-element-ab61bfb\" data-id=\"ab61bfb\" data-element_type=\"column\">\n\t\t\t<div class=\"elementor-widget-wrap elementor-element-populated\">\n\t\t\t\t\t\t<div class=\"elementor-element elementor-element-74aae78 elementor-widget elementor-widget-quarty-cta\" data-id=\"74aae78\" data-element_type=\"widget\" data-widget_type=\"quarty-cta.default\">\n\t\t\t\t<div class=\"elementor-widget-container\">\n\t\t\t\t\t\n\t\t<div class=\"row\">\n          <div class=\"col-lg-12\">\n            <div class=\"qrt-call-to-action\">\n                            <h4>\n              \t<span >\n\t          \t\tDo you have a special request?\t        \t<\/span>\n              <\/h4>\n                                          <a href=\"\/en\/quarty\/contact\/\" class=\"qrt-btn qrt-btn-sm qrt-btn-color qrt-cursor-scale qrt-anima-link\">\n              \t<span >\n\t          \t\tContact us\t        \t<\/span>\n              <\/a>\n                          <\/div>\n          <\/div>\n        <\/div>\n\n\t\t\t\t\t\t<\/div>\n\t\t\t\t<\/div>\n\t\t\t\t\t<\/div>\n\t\t<\/div>\n\t\t\t\t\t<\/div>\n\t\t<\/section>\n\t\t\t\t<\/div>","protected":false},"excerpt":{"rendered":"<p>Polimer \u00c7ak\u0131l Ta\u015f\u0131 Kaplamas\u0131 \u00c7ak\u0131l Ta\u015f\u0131 Zemin Kaplamalar\u0131 RHB-STONE PRIMER PU-1K \u00c7ak\u0131l Ta\u015f\u0131 Zemin Kaplamalar\u0131 RHB-STONE UV RESIN -1K \u00c7ak\u0131l&#8230; <span class=\"qrt-el-more\"><a href=\"https:\/\/rhbgrass.com\/en\/portfolio\/item\/rhb-stone-uv-pore-filler-1k\/\" class=\"qrt-link qrt-color-link qrt-cursor-scale qrt-w-chevron\">Read more<\/a><\/span><\/p>","protected":false},"author":1,"featured_media":5980,"parent":0,"menu_order":0,"comment_status":"closed","ping_status":"closed","template":"template-layout-builder.php","meta":{"cybocfi_hide_featured_image":"","footnotes":""},"class_list":["post-6132","page","type-page","status-publish","has-post-thumbnail","hentry"],"acf":[],"yoast_head":"<!-- This site is optimized with the Yoast SEO plugin v24.8.1 - https:\/\/yoast.com\/wordpress\/plugins\/seo\/ -->\n<title>Polimer \u00c7ak\u0131l Ta\u015f\u0131 Kaplamas\u0131<\/title>\n<meta name=\"description\" content=\"Polimer \u00c7ak\u0131l Ta\u015f\u0131 Kaplamas\u0131 \u00c7ak\u0131l Ta\u015f\u0131 Zemin Kaplamalar\u0131 RHB-STONE PRIMER PU-1K \u00c7ak\u0131l Ta\u015f\u0131 Zemin Kaplamalar\u0131 RHB-STONE UV RESIN -1K \u00c7ak\u0131l Ta\u015f\u0131 Zemin\" \/>\n<meta name=\"robots\" content=\"index, follow, max-snippet:-1, max-image-preview:large, max-video-preview:-1\" \/>\n<link rel=\"canonical\" href=\"https:\/\/rhbgrass.com\/en\/polymer-pebble-stone-coating\/\" \/>\n<meta property=\"og:locale\" content=\"en_US\" \/>\n<meta property=\"og:type\" content=\"article\" \/>\n<meta property=\"og:title\" content=\"Polimer \u00c7ak\u0131l Ta\u015f\u0131 Kaplamas\u0131\" \/>\n<meta property=\"og:description\" content=\"Polimer \u00c7ak\u0131l Ta\u015f\u0131 Kaplamas\u0131 \u00c7ak\u0131l Ta\u015f\u0131 Zemin Kaplamalar\u0131 RHB-STONE PRIMER PU-1K \u00c7ak\u0131l Ta\u015f\u0131 Zemin Kaplamalar\u0131 RHB-STONE UV RESIN -1K \u00c7ak\u0131l Ta\u015f\u0131 Zemin\" \/>\n<meta property=\"og:url\" content=\"https:\/\/rhbgrass.com\/en\/polymer-pebble-stone-coating\/\" \/>\n<meta property=\"og:site_name\" content=\"RHB Grass\" \/>\n<meta property=\"article:modified_time\" content=\"2024-07-21T19:44:01+00:00\" \/>\n<meta property=\"og:image\" content=\"https:\/\/rhbgrass.com\/wp-content\/uploads\/2023\/11\/Untitled-design-38.png\" \/>\n\t<meta property=\"og:image:width\" content=\"940\" \/>\n\t<meta property=\"og:image:height\" content=\"788\" \/>\n\t<meta property=\"og:image:type\" content=\"image\/png\" \/>\n<meta name=\"twitter:card\" content=\"summary_large_image\" \/>\n<meta name=\"twitter:label1\" content=\"Est. reading time\" \/>\n\t<meta name=\"twitter:data1\" content=\"2 minutes\" \/>\n<script type=\"application\/ld+json\" class=\"yoast-schema-graph\">{\"@context\":\"https:\/\/schema.org\",\"@graph\":[{\"@type\":\"WebPage\",\"@id\":\"https:\/\/rhbgrass.com\/polimer-cakil-tasi-kaplamasi\/\",\"url\":\"https:\/\/rhbgrass.com\/polimer-cakil-tasi-kaplamasi\/\",\"name\":\"Polimer \u00c7ak\u0131l Ta\u015f\u0131 Kaplamas\u0131\",\"isPartOf\":{\"@id\":\"https:\/\/rhbgrass.com\/#website\"},\"primaryImageOfPage\":{\"@id\":\"https:\/\/rhbgrass.com\/polimer-cakil-tasi-kaplamasi\/#primaryimage\"},\"image\":{\"@id\":\"https:\/\/rhbgrass.com\/polimer-cakil-tasi-kaplamasi\/#primaryimage\"},\"thumbnailUrl\":\"https:\/\/rhbgrass.com\/wp-content\/uploads\/2023\/11\/Untitled-design-38.png\",\"datePublished\":\"2023-12-05T12:57:11+00:00\",\"dateModified\":\"2024-07-21T19:44:01+00:00\",\"description\":\"Polimer \u00c7ak\u0131l Ta\u015f\u0131 Kaplamas\u0131 \u00c7ak\u0131l Ta\u015f\u0131 Zemin Kaplamalar\u0131 RHB-STONE PRIMER PU-1K \u00c7ak\u0131l Ta\u015f\u0131 Zemin Kaplamalar\u0131 RHB-STONE UV RESIN -1K \u00c7ak\u0131l Ta\u015f\u0131 Zemin\",\"breadcrumb\":{\"@id\":\"https:\/\/rhbgrass.com\/polimer-cakil-tasi-kaplamasi\/#breadcrumb\"},\"inLanguage\":\"en-US\",\"potentialAction\":[{\"@type\":\"ReadAction\",\"target\":[\"https:\/\/rhbgrass.com\/polimer-cakil-tasi-kaplamasi\/\"]}]},{\"@type\":\"ImageObject\",\"inLanguage\":\"en-US\",\"@id\":\"https:\/\/rhbgrass.com\/polimer-cakil-tasi-kaplamasi\/#primaryimage\",\"url\":\"https:\/\/rhbgrass.com\/wp-content\/uploads\/2023\/11\/Untitled-design-38.png\",\"contentUrl\":\"https:\/\/rhbgrass.com\/wp-content\/uploads\/2023\/11\/Untitled-design-38.png\",\"width\":940,\"height\":788},{\"@type\":\"BreadcrumbList\",\"@id\":\"https:\/\/rhbgrass.com\/polimer-cakil-tasi-kaplamasi\/#breadcrumb\",\"itemListElement\":[{\"@type\":\"ListItem\",\"position\":1,\"name\":\"Suni \u00c7im Hal\u0131 Malzemeleri\",\"item\":\"https:\/\/rhbgrass.com\/\"},{\"@type\":\"ListItem\",\"position\":2,\"name\":\"Polimer \u00c7ak\u0131l Ta\u015f\u0131 Kaplamas\u0131\"}]},{\"@type\":\"WebSite\",\"@id\":\"https:\/\/rhbgrass.com\/#website\",\"url\":\"https:\/\/rhbgrass.com\/\",\"name\":\"RHB Grass\",\"description\":\"Global Suni \u00c7im Hal\u0131 ve Yap\u0131 Malzeme Tedarik\u00e7isi\",\"publisher\":{\"@id\":\"https:\/\/rhbgrass.com\/#organization\"},\"alternateName\":\"Suni \u00c7im Malzemeleri Tedarik\u00e7isi\",\"potentialAction\":[{\"@type\":\"SearchAction\",\"target\":{\"@type\":\"EntryPoint\",\"urlTemplate\":\"https:\/\/rhbgrass.com\/?s={search_term_string}\"},\"query-input\":{\"@type\":\"PropertyValueSpecification\",\"valueRequired\":true,\"valueName\":\"search_term_string\"}}],\"inLanguage\":\"en-US\"},{\"@type\":\"Organization\",\"@id\":\"https:\/\/rhbgrass.com\/#organization\",\"name\":\"RHB Grass - Suni \u00c7im ve Yap\u0131 Malzeme Tedarik\u00e7isi\",\"alternateName\":\"RHB Grass - Artificial Grass and Building Material Supplier\",\"url\":\"https:\/\/rhbgrass.com\/\",\"logo\":{\"@type\":\"ImageObject\",\"inLanguage\":\"en-US\",\"@id\":\"https:\/\/rhbgrass.com\/#\/schema\/logo\/image\/\",\"url\":\"https:\/\/rhbgrass.com\/wp-content\/uploads\/2023\/10\/cropped-rhb-forest-green.png\",\"contentUrl\":\"https:\/\/rhbgrass.com\/wp-content\/uploads\/2023\/10\/cropped-rhb-forest-green.png\",\"width\":512,\"height\":512,\"caption\":\"RHB Grass - Suni \u00c7im ve Yap\u0131 Malzeme Tedarik\u00e7isi\"},\"image\":{\"@id\":\"https:\/\/rhbgrass.com\/#\/schema\/logo\/image\/\"},\"sameAs\":[\"https:\/\/www.instagram.com\/rhbgrass\/\"]}]}<\/script>\n<!-- \/ Yoast SEO plugin. -->","yoast_head_json":{"title":"Polimer \u00c7ak\u0131l Ta\u015f\u0131 Kaplamas\u0131","description":"Polimer \u00c7ak\u0131l Ta\u015f\u0131 Kaplamas\u0131 \u00c7ak\u0131l Ta\u015f\u0131 Zemin Kaplamalar\u0131 RHB-STONE PRIMER PU-1K \u00c7ak\u0131l Ta\u015f\u0131 Zemin Kaplamalar\u0131 RHB-STONE UV RESIN -1K \u00c7ak\u0131l Ta\u015f\u0131 Zemin","robots":{"index":"index","follow":"follow","max-snippet":"max-snippet:-1","max-image-preview":"max-image-preview:large","max-video-preview":"max-video-preview:-1"},"canonical":"https:\/\/rhbgrass.com\/en\/polymer-pebble-stone-coating\/","og_locale":"en_US","og_type":"article","og_title":"Polimer \u00c7ak\u0131l Ta\u015f\u0131 Kaplamas\u0131","og_description":"Polimer \u00c7ak\u0131l Ta\u015f\u0131 Kaplamas\u0131 \u00c7ak\u0131l Ta\u015f\u0131 Zemin Kaplamalar\u0131 RHB-STONE PRIMER PU-1K \u00c7ak\u0131l Ta\u015f\u0131 Zemin Kaplamalar\u0131 RHB-STONE UV RESIN -1K \u00c7ak\u0131l Ta\u015f\u0131 Zemin","og_url":"https:\/\/rhbgrass.com\/en\/polymer-pebble-stone-coating\/","og_site_name":"RHB Grass","article_modified_time":"2024-07-21T19:44:01+00:00","og_image":[{"width":940,"height":788,"url":"https:\/\/rhbgrass.com\/wp-content\/uploads\/2023\/11\/Untitled-design-38.png","type":"image\/png"}],"twitter_card":"summary_large_image","twitter_misc":{"Est. reading time":"2 minutes"},"schema":{"@context":"https:\/\/schema.org","@graph":[{"@type":"WebPage","@id":"https:\/\/rhbgrass.com\/polimer-cakil-tasi-kaplamasi\/","url":"https:\/\/rhbgrass.com\/polimer-cakil-tasi-kaplamasi\/","name":"Polimer \u00c7ak\u0131l Ta\u015f\u0131 Kaplamas\u0131","isPartOf":{"@id":"https:\/\/rhbgrass.com\/#website"},"primaryImageOfPage":{"@id":"https:\/\/rhbgrass.com\/polimer-cakil-tasi-kaplamasi\/#primaryimage"},"image":{"@id":"https:\/\/rhbgrass.com\/polimer-cakil-tasi-kaplamasi\/#primaryimage"},"thumbnailUrl":"https:\/\/rhbgrass.com\/wp-content\/uploads\/2023\/11\/Untitled-design-38.png","datePublished":"2023-12-05T12:57:11+00:00","dateModified":"2024-07-21T19:44:01+00:00","description":"Polimer \u00c7ak\u0131l Ta\u015f\u0131 Kaplamas\u0131 \u00c7ak\u0131l Ta\u015f\u0131 Zemin Kaplamalar\u0131 RHB-STONE PRIMER PU-1K \u00c7ak\u0131l Ta\u015f\u0131 Zemin Kaplamalar\u0131 RHB-STONE UV RESIN -1K \u00c7ak\u0131l Ta\u015f\u0131 Zemin","breadcrumb":{"@id":"https:\/\/rhbgrass.com\/polimer-cakil-tasi-kaplamasi\/#breadcrumb"},"inLanguage":"en-US","potentialAction":[{"@type":"ReadAction","target":["https:\/\/rhbgrass.com\/polimer-cakil-tasi-kaplamasi\/"]}]},{"@type":"ImageObject","inLanguage":"en-US","@id":"https:\/\/rhbgrass.com\/polimer-cakil-tasi-kaplamasi\/#primaryimage","url":"https:\/\/rhbgrass.com\/wp-content\/uploads\/2023\/11\/Untitled-design-38.png","contentUrl":"https:\/\/rhbgrass.com\/wp-content\/uploads\/2023\/11\/Untitled-design-38.png","width":940,"height":788},{"@type":"BreadcrumbList","@id":"https:\/\/rhbgrass.com\/polimer-cakil-tasi-kaplamasi\/#breadcrumb","itemListElement":[{"@type":"ListItem","position":1,"name":"Suni \u00c7im Hal\u0131 Malzemeleri","item":"https:\/\/rhbgrass.com\/"},{"@type":"ListItem","position":2,"name":"Polimer \u00c7ak\u0131l Ta\u015f\u0131 Kaplamas\u0131"}]},{"@type":"WebSite","@id":"https:\/\/rhbgrass.com\/#website","url":"https:\/\/rhbgrass.com\/","name":"RHB Grass","description":"Global Suni \u00c7im Hal\u0131 ve Yap\u0131 Malzeme Tedarik\u00e7isi","publisher":{"@id":"https:\/\/rhbgrass.com\/#organization"},"alternateName":"Suni \u00c7im Malzemeleri Tedarik\u00e7isi","potentialAction":[{"@type":"SearchAction","target":{"@type":"EntryPoint","urlTemplate":"https:\/\/rhbgrass.com\/?s={search_term_string}"},"query-input":{"@type":"PropertyValueSpecification","valueRequired":true,"valueName":"search_term_string"}}],"inLanguage":"en-US"},{"@type":"Organization","@id":"https:\/\/rhbgrass.com\/#organization","name":"RHB Grass - Suni \u00c7im ve Yap\u0131 Malzeme Tedarik\u00e7isi","alternateName":"RHB Grass - Artificial Grass and Building Material Supplier","url":"https:\/\/rhbgrass.com\/","logo":{"@type":"ImageObject","inLanguage":"en-US","@id":"https:\/\/rhbgrass.com\/#\/schema\/logo\/image\/","url":"https:\/\/rhbgrass.com\/wp-content\/uploads\/2023\/10\/cropped-rhb-forest-green.png","contentUrl":"https:\/\/rhbgrass.com\/wp-content\/uploads\/2023\/10\/cropped-rhb-forest-green.png","width":512,"height":512,"caption":"RHB Grass - Suni \u00c7im ve Yap\u0131 Malzeme Tedarik\u00e7isi"},"image":{"@id":"https:\/\/rhbgrass.com\/#\/schema\/logo\/image\/"},"sameAs":["https:\/\/www.instagram.com\/rhbgrass\/"]}]}},"_links":{"self":[{"href":"https:\/\/rhbgrass.com\/en\/wp-json\/wp\/v2\/pages\/6132","targetHints":{"allow":["GET"]}}],"collection":[{"href":"https:\/\/rhbgrass.com\/en\/wp-json\/wp\/v2\/pages"}],"about":[{"href":"https:\/\/rhbgrass.com\/en\/wp-json\/wp\/v2\/types\/page"}],"author":[{"embeddable":true,"href":"https:\/\/rhbgrass.com\/en\/wp-json\/wp\/v2\/users\/1"}],"replies":[{"embeddable":true,"href":"https:\/\/rhbgrass.com\/en\/wp-json\/wp\/v2\/comments?post=6132"}],"version-history":[{"count":6,"href":"https:\/\/rhbgrass.com\/en\/wp-json\/wp\/v2\/pages\/6132\/revisions"}],"predecessor-version":[{"id":7244,"href":"https:\/\/rhbgrass.com\/en\/wp-json\/wp\/v2\/pages\/6132\/revisions\/7244"}],"wp:featuredmedia":[{"embeddable":true,"href":"https:\/\/rhbgrass.com\/en\/wp-json\/wp\/v2\/media\/5980"}],"wp:attachment":[{"href":"https:\/\/rhbgrass.com\/en\/wp-json\/wp\/v2\/media?parent=6132"}],"curies":[{"name":"wp","href":"https:\/\/api.w.org\/{rel}","templated":true}]}}