{"id":561,"date":"2021-02-01T17:24:50","date_gmt":"2021-02-01T17:24:50","guid":{"rendered":"https:\/\/quarty-demo.bslthemes.com\/?page_id=561"},"modified":"2024-07-30T11:45:42","modified_gmt":"2024-07-30T11:45:42","slug":"ana-sayfa","status":"publish","type":"page","link":"https:\/\/rhbgrass.com\/en\/","title":{"rendered":"Artificial Grass and Building Material Supplier"},"content":{"rendered":"<div data-elementor-type=\"wp-page\" data-elementor-id=\"561\" class=\"elementor elementor-561\">\n\t\t\t\t\t\t<section class=\"elementor-section elementor-top-section elementor-element elementor-element-de55224 elementor-section-full_width elementor-section-height-default elementor-section-height-default\" data-id=\"de55224\" data-element_type=\"section\">\n\t\t\t\t\t\t<div class=\"elementor-container elementor-column-gap-no\">\n\t\t\t\t\t<div class=\"elementor-column elementor-col-100 elementor-top-column elementor-element elementor-element-9deb41a\" data-id=\"9deb41a\" data-element_type=\"column\">\n\t\t\t<div class=\"elementor-widget-wrap elementor-element-populated\">\n\t\t\t\t\t\t<div class=\"elementor-element elementor-element-4780505 elementor-widget elementor-widget-quarty-hero-slider\" data-id=\"4780505\" data-element_type=\"widget\" data-widget_type=\"quarty-hero-slider.default\">\n\t\t\t\t<div class=\"elementor-widget-container\">\n\t\t\t\t\t\n\t\t\t\t<div class=\"qrt-body\">\n\t\t<div class=\"swiper-container qrt-main-slider\">\n        \t<div class=\"qrt-slider-pagination\">\n        \t\t<div class=\"swiper-pagination swiper-main-pagination\"><\/div>\n        \t<\/div>\n        \t<div class=\"qrt-slider-navigation qrt-absolute\">\n            \t<div class=\"qrt-slider-nav-btn qrt-main-prev qrt-cursor-scale qrt-cursor-color\">\n            \t\t<i class=\"fas fa-arrow-left\"><\/i>\n            \t\t<span>prev<\/span>\n            \t<\/div>\n        \t\t<div class=\"qrt-slider-nav-btn qrt-main-next qrt-cursor-scale qrt-cursor-color\">\n        \t\t\t<span>next<\/span>\n        \t\t\t<i class=\"fas fa-arrow-right\"><\/i>\n        \t\t<\/div>\n        \t<\/div>\n        \t<div class=\"swiper-wrapper\">\n                        <div class=\"swiper-slide\">\n              \t<div class=\"qrt-project-cover\">\n\n                \t<div class=\"qrt-image-frame\">\n                  \t\t                  \t\t\t                  \t\t\t<img decoding=\"async\" src=\"https:\/\/rhbgrass.com\/wp-content\/uploads\/2023\/11\/football-field-background-pqn06selw0z8lv0h.jpg\" data-swiper-parallax=\"400\" data-swiper-parallax-scale=\"1.4\" alt=\"\">\n                  \t\t\t                  \t\t                \t<\/div>\n\n\n                \t<div class=\"qrt-overlay\">\n                  \t\t<div class=\"qrt-parallax-fix\" data-swiper-parallax-x=\"-400\" data-swiper-parallax-duration=\"1000\">\n                    \t\t<div class=\"qrt-banner-title\">\n\t\t                    \t\t\t                    \t<h1 class=\"qrt-white qrt-mb-30 title--h1\">\n\t\t                    \t\t<span >\n\t\t\t\t\t\t\t\t\t\tSustainable Solutions for the Future of Sports\n\t\t\t\t\t\t\t\t\t<\/span>\n\t\t                    \t<\/h1>\n\t\t                    \t<div class=\"qrt-divider-2\"><\/div>\n\t\t                    \t\t\t                    \t\t\t                    \t<div class=\"qrt-text qrt-white qrt-mb-20\">\n\t\t                    \t\t<span >\n\t\t\t\t\t\t\t\t\t\tStrengthen the future of your sport with sustainable innovation. Quality materials come together with environmentally friendly solutions.\t\t\t\t\t\t\t\t\t<\/span>\n\t\t                    \t<\/div>\n\t\t                    \t\t\t                     \t\t\t                     \t<a href=\"https:\/\/rhbgrass.com\/en\/urunler\/\" class=\"qrt-btn qrt-btn-md qrt-btn-color qrt-cursor-scale qrt-anima-link qrt-mb-20\">\n\t\t                     \t\t<span >\n\t\t\t\t\t\t\t\t\t\tEco-friendly products.\t\t\t\t\t\t\t\t\t<\/span>\n\t\t                     \t\t<i class=\"fas fa-arrow-right\"><\/i>\n\t\t                     \t<\/a>\n\t\t                     \t\t\t                    \t                \t\t\t<\/div>\n                \t\t<\/div>\n                \t<\/div>\n            \t<\/div>\n            <\/div>\n                        <div class=\"swiper-slide\">\n              \t<div class=\"qrt-project-cover\">\n\n                \t<div class=\"qrt-image-frame\">\n                  \t\t                  \t\t\t                  \t\t\t<img decoding=\"async\" src=\"https:\/\/rhbgrass.com\/wp-content\/uploads\/2023\/11\/photo-1558904541-efa843a96f01.jpg\" data-swiper-parallax=\"400\" data-swiper-parallax-scale=\"1.4\" alt=\"\">\n                  \t\t\t                  \t\t                \t<\/div>\n\n\n                \t<div class=\"qrt-overlay\">\n                  \t\t<div class=\"qrt-parallax-fix\" data-swiper-parallax-x=\"-400\" data-swiper-parallax-duration=\"1000\">\n                    \t\t<div class=\"qrt-banner-title\">\n\t\t                    \t\t\t                    \t<h2 class=\"qrt-white qrt-mb-30 title--h1\">\n\t\t                    \t\t<span >\n\t\t\t\t\t\t\t\t\t\tSports Turf and Ground World\t\t\t\t\t\t\t\t\t<\/span>\n\t\t                    \t<\/h2>\n\t\t                    \t<div class=\"qrt-divider-2\"><\/div>\n\t\t                    \t\t\t                    \t\t\t                    \t<div class=\"qrt-text qrt-white qrt-mb-20\">\n\t\t                    \t\t<span >\n\t\t\t\t\t\t\t\t\t\tWe add a special touch to your artificial turf fields and landscape areas with our artificial grass products. Our expert team offers an experience that is as good as natural grass, equipped with the latest technology. Sports and aesthetics come together.\n\t\t\t\t\t\t\t\t\t<\/span>\n\t\t                    \t<\/div>\n\t\t                    \t\t\t                     \t\t\t                     \t<a href=\"https:\/\/rhbgrass.com\/en\/urunler\/\" class=\"qrt-btn qrt-btn-md qrt-btn-color qrt-cursor-scale qrt-anima-link qrt-mb-20\">\n\t\t                     \t\t<span >\n\t\t\t\t\t\t\t\t\t\tFloor Products\t\t\t\t\t\t\t\t\t<\/span>\n\t\t                     \t\t<i class=\"fas fa-arrow-right\"><\/i>\n\t\t                     \t<\/a>\n\t\t                     \t\t\t                    \t                \t\t\t<\/div>\n                \t\t<\/div>\n                \t<\/div>\n            \t<\/div>\n            <\/div>\n                        <div class=\"swiper-slide\">\n              \t<div class=\"qrt-project-cover\">\n\n                \t<div class=\"qrt-image-frame\">\n                  \t\t                  \t\t\t                  \t\t\t<img decoding=\"async\" src=\"https:\/\/rhbgrass.com\/wp-content\/uploads\/2023\/12\/1637749442_383412.jpeg\" data-swiper-parallax=\"400\" data-swiper-parallax-scale=\"1.4\" alt=\"\">\n                  \t\t\t                  \t\t                \t<\/div>\n\n\n                \t<div class=\"qrt-overlay\">\n                  \t\t<div class=\"qrt-parallax-fix\" data-swiper-parallax-x=\"-400\" data-swiper-parallax-duration=\"1000\">\n                    \t\t<div class=\"qrt-banner-title\">\n\t\t                    \t\t\t                    \t<h3 class=\"qrt-white qrt-mb-30 title--h1\">\n\t\t                    \t\t<span >\n\t\t\t\t\t\t\t\t\t\tSports Grass Carpet and Facility Infrastructure Materials\t\t\t\t\t\t\t\t\t<\/span>\n\t\t                    \t<\/h3>\n\t\t                    \t<div class=\"qrt-divider-2\"><\/div>\n\t\t                    \t\t\t                    \t\t\t                    \t<div class=\"qrt-text qrt-white qrt-mb-20\">\n\t\t                    \t\t<span >\n\t\t\t\t\t\t\t\t\t\tThe materials you need for a strong infrastructure. We support your sports facilities with high quality, durability and reliable solutions.\t\t\t\t\t\t\t\t\t<\/span>\n\t\t                    \t<\/div>\n\t\t                    \t\t\t                     \t\t\t                     \t<a href=\"https:\/\/rhbgrass.com\/en\/urunler\/\" class=\"qrt-btn qrt-btn-md qrt-btn-color qrt-cursor-scale qrt-anima-link qrt-mb-20\">\n\t\t                     \t\t<span >\n\t\t\t\t\t\t\t\t\t\tAll Products\t\t\t\t\t\t\t\t\t<\/span>\n\t\t                     \t\t<i class=\"fas fa-arrow-right\"><\/i>\n\t\t                     \t<\/a>\n\t\t                     \t\t\t                    \t                \t\t\t<\/div>\n                \t\t<\/div>\n                \t<\/div>\n            \t<\/div>\n            <\/div>\n            \n          \t<\/div>\n        <\/div>\n    \t<\/div>\n        \n\t\t\t\t\t\t<\/div>\n\t\t\t\t<\/div>\n\t\t\t\t\t<\/div>\n\t\t<\/div>\n\t\t\t\t\t<\/div>\n\t\t<\/section>\n\t\t\t\t<section class=\"elementor-section elementor-top-section elementor-element elementor-element-2efc846 elementor-section-boxed elementor-section-height-default elementor-section-height-default\" data-id=\"2efc846\" data-element_type=\"section\">\n\t\t\t\t\t\t<div class=\"elementor-container elementor-column-gap-default\">\n\t\t\t\t\t<div class=\"elementor-column elementor-col-100 elementor-top-column elementor-element elementor-element-5b475fd\" data-id=\"5b475fd\" data-element_type=\"column\">\n\t\t\t<div class=\"elementor-widget-wrap elementor-element-populated\">\n\t\t\t\t\t\t<div class=\"elementor-element elementor-element-6628e51 elementor-widget elementor-widget-video\" data-id=\"6628e51\" data-element_type=\"widget\" data-settings=\"{&quot;video_type&quot;:&quot;videopress&quot;,&quot;mute&quot;:&quot;yes&quot;,&quot;controls&quot;:&quot;yes&quot;}\" data-widget_type=\"video.default\">\n\t\t\t\t<div class=\"elementor-widget-container\">\n\t\t\t\t\thttps:\/\/rhbgrass.com\/wp-content\/uploads\/2024\/04\/04232.mp4\t\t\t\t<\/div>\n\t\t\t\t<\/div>\n\t\t\t\t\t<\/div>\n\t\t<\/div>\n\t\t\t\t\t<\/div>\n\t\t<\/section>\n\t\t\t\t<section class=\"elementor-section elementor-top-section elementor-element elementor-element-2e3c6f0 elementor-section-boxed elementor-section-height-default elementor-section-height-default\" data-id=\"2e3c6f0\" data-element_type=\"section\">\n\t\t\t\t\t\t<div class=\"elementor-container elementor-column-gap-default\">\n\t\t\t\t\t<div class=\"elementor-column elementor-col-100 elementor-top-column elementor-element elementor-element-c7ef980\" data-id=\"c7ef980\" data-element_type=\"column\">\n\t\t\t<div class=\"elementor-widget-wrap elementor-element-populated\">\n\t\t\t\t\t\t<div class=\"elementor-element elementor-element-83beeb9 elementor-widget__width-initial elementor-widget elementor-widget-video\" data-id=\"83beeb9\" data-element_type=\"widget\" data-settings=\"{&quot;youtube_url&quot;:&quot;https:\\\/\\\/www.youtube.com\\\/watch?v=R0pFxgal408&quot;,&quot;autoplay&quot;:&quot;yes&quot;,&quot;play_on_mobile&quot;:&quot;yes&quot;,&quot;mute&quot;:&quot;yes&quot;,&quot;video_type&quot;:&quot;youtube&quot;,&quot;controls&quot;:&quot;yes&quot;}\" data-widget_type=\"video.default\">\n\t\t\t\t<div class=\"elementor-widget-container\">\n\t\t\t\t\t\t\t<div class=\"elementor-wrapper elementor-open-inline\">\n\t\t\t<div class=\"elementor-video\"><\/div>\t\t<\/div>\n\t\t\t\t\t\t<\/div>\n\t\t\t\t<\/div>\n\t\t\t\t\t<\/div>\n\t\t<\/div>\n\t\t\t\t\t<\/div>\n\t\t<\/section>\n\t\t\t\t<\/div>","protected":false},"excerpt":{"rendered":"<p>prev next Spor Geli\u015fimi \u0130\u00e7in S\u00fcrd\u00fcr\u00fclebilir \u00c7\u00f6z\u00fcmler S\u00fcrd\u00fcr\u00fclebilir inovasyonla sporunuzun gelece\u011fini g\u00fc\u00e7lendirin. Kaliteli malzemeler, \u00e7evre dostu \u00e7\u00f6z\u00fcmlerle bir araya geliyor.&#8221;&#8230; <span class=\"qrt-el-more\"><a href=\"https:\/\/rhbgrass.com\/en\/\" class=\"qrt-link qrt-color-link qrt-cursor-scale qrt-w-chevron\">Read more<\/a><\/span><\/p>","protected":false},"author":1,"featured_media":2507,"parent":6144,"menu_order":0,"comment_status":"closed","ping_status":"closed","template":"template-layout-builder.php","meta":{"cybocfi_hide_featured_image":"yes","footnotes":""},"class_list":["post-561","page","type-page","status-publish","has-post-thumbnail","hentry"],"acf":[],"yoast_head":"<!-- This site is optimized with the Yoast SEO plugin v24.8.1 - https:\/\/yoast.com\/wordpress\/plugins\/seo\/ -->\n<title>Suni \u00c7im ve Yap\u0131 Malzeme Tedarik\u00e7isi<\/title>\n<meta name=\"description\" content=\"S\u00fcrd\u00fcr\u00fclebilir inovasyonla sporunuzun gelece\u011fini g\u00fc\u00e7lendirin. Kaliteli suni \u00e7im, spor malzemeleri, \u00e7evre dostu \u00e7\u00f6z\u00fcmlerle bir araya geliyor.\" \/>\n<meta name=\"robots\" content=\"index, follow, max-snippet:-1, max-image-preview:large, max-video-preview:-1\" \/>\n<link rel=\"canonical\" href=\"https:\/\/rhbgrass.com\/en\/\" \/>\n<meta property=\"og:locale\" content=\"en_US\" \/>\n<meta property=\"og:type\" content=\"article\" \/>\n<meta property=\"og:title\" content=\"Suni \u00c7im ve Yap\u0131 Malzeme Tedarik\u00e7isi\" \/>\n<meta property=\"og:description\" content=\"S\u00fcrd\u00fcr\u00fclebilir inovasyonla sporunuzun gelece\u011fini g\u00fc\u00e7lendirin. Kaliteli suni \u00e7im, spor malzemeleri, \u00e7evre dostu \u00e7\u00f6z\u00fcmlerle bir araya geliyor.\" \/>\n<meta property=\"og:url\" content=\"https:\/\/rhbgrass.com\/en\/\" \/>\n<meta property=\"og:site_name\" content=\"RHB Grass\" \/>\n<meta property=\"article:modified_time\" content=\"2024-07-30T11:45:42+00:00\" \/>\n<meta property=\"og:image\" content=\"https:\/\/rhbgrass.com\/wp-content\/uploads\/2023\/10\/cropped-rhb-forest-green.png\" \/>\n\t<meta property=\"og:image:width\" content=\"512\" \/>\n\t<meta property=\"og:image:height\" content=\"512\" \/>\n\t<meta property=\"og:image:type\" content=\"image\/png\" \/>\n<meta name=\"twitter:card\" content=\"summary_large_image\" \/>\n<meta name=\"twitter:label1\" content=\"Est. reading time\" \/>\n\t<meta name=\"twitter:data1\" content=\"2 minutes\" \/>\n<script type=\"application\/ld+json\" class=\"yoast-schema-graph\">{\"@context\":\"https:\/\/schema.org\",\"@graph\":[{\"@type\":\"WebPage\",\"@id\":\"https:\/\/rhbgrass.com\/\",\"url\":\"https:\/\/rhbgrass.com\/\",\"name\":\"Suni \u00c7im ve Yap\u0131 Malzeme Tedarik\u00e7isi\",\"isPartOf\":{\"@id\":\"https:\/\/rhbgrass.com\/#website\"},\"primaryImageOfPage\":{\"@id\":\"https:\/\/rhbgrass.com\/#primaryimage\"},\"image\":{\"@id\":\"https:\/\/rhbgrass.com\/#primaryimage\"},\"thumbnailUrl\":\"https:\/\/rhbgrass.com\/wp-content\/uploads\/2023\/10\/cropped-rhb-forest-green.png\",\"datePublished\":\"2021-02-01T17:24:50+00:00\",\"dateModified\":\"2024-07-30T11:45:42+00:00\",\"description\":\"S\u00fcrd\u00fcr\u00fclebilir inovasyonla sporunuzun gelece\u011fini g\u00fc\u00e7lendirin. Kaliteli suni \u00e7im, spor malzemeleri, \u00e7evre dostu \u00e7\u00f6z\u00fcmlerle bir araya geliyor.\",\"breadcrumb\":{\"@id\":\"https:\/\/rhbgrass.com\/#breadcrumb\"},\"inLanguage\":\"en-US\",\"potentialAction\":[{\"@type\":\"ReadAction\",\"target\":[\"https:\/\/rhbgrass.com\/\"]}]},{\"@type\":\"BreadcrumbList\",\"@id\":\"https:\/\/rhbgrass.com\/#breadcrumb\",\"itemListElement\":[{\"@type\":\"ListItem\",\"position\":1,\"name\":\"Suni \u00c7im Hal\u0131 Malzemeleri\",\"item\":\"https:\/\/rhbgrass.com\/\"},{\"@type\":\"ListItem\",\"position\":2,\"name\":\"Suni \u00c7im \u00dcr\u00fcnleri\",\"item\":\"https:\/\/rhbgrass.com\/suni-cim\/\"},{\"@type\":\"ListItem\",\"position\":3,\"name\":\"Suni \u00c7im ve Yap\u0131 Malzeme Tedarik\u00e7isi\"}]},{\"@type\":\"WebSite\",\"@id\":\"https:\/\/rhbgrass.com\/#website\",\"url\":\"https:\/\/rhbgrass.com\/\",\"name\":\"RHB Grass\",\"description\":\"Global Suni \u00c7im Hal\u0131 ve Yap\u0131 Malzeme Tedarik\u00e7isi\",\"publisher\":{\"@id\":\"https:\/\/rhbgrass.com\/#organization\"},\"alternateName\":\"Suni \u00c7im Malzemeleri Tedarik\u00e7isi\",\"potentialAction\":[{\"@type\":\"SearchAction\",\"target\":{\"@type\":\"EntryPoint\",\"urlTemplate\":\"https:\/\/rhbgrass.com\/?s={search_term_string}\"},\"query-input\":{\"@type\":\"PropertyValueSpecification\",\"valueRequired\":true,\"valueName\":\"search_term_string\"}}],\"inLanguage\":\"en-US\"},{\"@type\":\"Organization\",\"@id\":\"https:\/\/rhbgrass.com\/#organization\",\"name\":\"RHB Grass - Suni \u00c7im ve Yap\u0131 Malzeme Tedarik\u00e7isi\",\"alternateName\":\"RHB Grass - Artificial Grass and Building Material Supplier\",\"url\":\"https:\/\/rhbgrass.com\/\",\"logo\":{\"@type\":\"ImageObject\",\"inLanguage\":\"en-US\",\"@id\":\"https:\/\/rhbgrass.com\/#\/schema\/logo\/image\/\",\"url\":\"https:\/\/rhbgrass.com\/wp-content\/uploads\/2023\/10\/cropped-rhb-forest-green.png\",\"contentUrl\":\"https:\/\/rhbgrass.com\/wp-content\/uploads\/2023\/10\/cropped-rhb-forest-green.png\",\"width\":512,\"height\":512,\"caption\":\"RHB Grass - Suni \u00c7im ve Yap\u0131 Malzeme Tedarik\u00e7isi\"},\"image\":{\"@id\":\"https:\/\/rhbgrass.com\/#\/schema\/logo\/image\/\"},\"sameAs\":[\"https:\/\/www.instagram.com\/rhbgrass\/\"]}]}<\/script>\n<!-- \/ Yoast SEO plugin. -->","yoast_head_json":{"title":"Suni \u00c7im ve Yap\u0131 Malzeme Tedarik\u00e7isi","description":"S\u00fcrd\u00fcr\u00fclebilir inovasyonla sporunuzun gelece\u011fini g\u00fc\u00e7lendirin. Kaliteli suni \u00e7im, spor malzemeleri, \u00e7evre dostu \u00e7\u00f6z\u00fcmlerle bir araya geliyor.","robots":{"index":"index","follow":"follow","max-snippet":"max-snippet:-1","max-image-preview":"max-image-preview:large","max-video-preview":"max-video-preview:-1"},"canonical":"https:\/\/rhbgrass.com\/en\/","og_locale":"en_US","og_type":"article","og_title":"Suni \u00c7im ve Yap\u0131 Malzeme Tedarik\u00e7isi","og_description":"S\u00fcrd\u00fcr\u00fclebilir inovasyonla sporunuzun gelece\u011fini g\u00fc\u00e7lendirin. Kaliteli suni \u00e7im, spor malzemeleri, \u00e7evre dostu \u00e7\u00f6z\u00fcmlerle bir araya geliyor.","og_url":"https:\/\/rhbgrass.com\/en\/","og_site_name":"RHB Grass","article_modified_time":"2024-07-30T11:45:42+00:00","og_image":[{"width":512,"height":512,"url":"https:\/\/rhbgrass.com\/wp-content\/uploads\/2023\/10\/cropped-rhb-forest-green.png","type":"image\/png"}],"twitter_card":"summary_large_image","twitter_misc":{"Est. reading time":"2 minutes"},"schema":{"@context":"https:\/\/schema.org","@graph":[{"@type":"WebPage","@id":"https:\/\/rhbgrass.com\/","url":"https:\/\/rhbgrass.com\/","name":"Suni \u00c7im ve Yap\u0131 Malzeme Tedarik\u00e7isi","isPartOf":{"@id":"https:\/\/rhbgrass.com\/#website"},"primaryImageOfPage":{"@id":"https:\/\/rhbgrass.com\/#primaryimage"},"image":{"@id":"https:\/\/rhbgrass.com\/#primaryimage"},"thumbnailUrl":"https:\/\/rhbgrass.com\/wp-content\/uploads\/2023\/10\/cropped-rhb-forest-green.png","datePublished":"2021-02-01T17:24:50+00:00","dateModified":"2024-07-30T11:45:42+00:00","description":"S\u00fcrd\u00fcr\u00fclebilir inovasyonla sporunuzun gelece\u011fini g\u00fc\u00e7lendirin. Kaliteli suni \u00e7im, spor malzemeleri, \u00e7evre dostu \u00e7\u00f6z\u00fcmlerle bir araya geliyor.","breadcrumb":{"@id":"https:\/\/rhbgrass.com\/#breadcrumb"},"inLanguage":"en-US","potentialAction":[{"@type":"ReadAction","target":["https:\/\/rhbgrass.com\/"]}]},{"@type":"BreadcrumbList","@id":"https:\/\/rhbgrass.com\/#breadcrumb","itemListElement":[{"@type":"ListItem","position":1,"name":"Suni \u00c7im Hal\u0131 Malzemeleri","item":"https:\/\/rhbgrass.com\/"},{"@type":"ListItem","position":2,"name":"Suni \u00c7im \u00dcr\u00fcnleri","item":"https:\/\/rhbgrass.com\/suni-cim\/"},{"@type":"ListItem","position":3,"name":"Suni \u00c7im ve Yap\u0131 Malzeme Tedarik\u00e7isi"}]},{"@type":"WebSite","@id":"https:\/\/rhbgrass.com\/#website","url":"https:\/\/rhbgrass.com\/","name":"RHB Grass","description":"Global Suni \u00c7im Hal\u0131 ve Yap\u0131 Malzeme Tedarik\u00e7isi","publisher":{"@id":"https:\/\/rhbgrass.com\/#organization"},"alternateName":"Suni \u00c7im Malzemeleri Tedarik\u00e7isi","potentialAction":[{"@type":"SearchAction","target":{"@type":"EntryPoint","urlTemplate":"https:\/\/rhbgrass.com\/?s={search_term_string}"},"query-input":{"@type":"PropertyValueSpecification","valueRequired":true,"valueName":"search_term_string"}}],"inLanguage":"en-US"},{"@type":"Organization","@id":"https:\/\/rhbgrass.com\/#organization","name":"RHB Grass - Suni \u00c7im ve Yap\u0131 Malzeme Tedarik\u00e7isi","alternateName":"RHB Grass - Artificial Grass and Building Material Supplier","url":"https:\/\/rhbgrass.com\/","logo":{"@type":"ImageObject","inLanguage":"en-US","@id":"https:\/\/rhbgrass.com\/#\/schema\/logo\/image\/","url":"https:\/\/rhbgrass.com\/wp-content\/uploads\/2023\/10\/cropped-rhb-forest-green.png","contentUrl":"https:\/\/rhbgrass.com\/wp-content\/uploads\/2023\/10\/cropped-rhb-forest-green.png","width":512,"height":512,"caption":"RHB Grass - Suni \u00c7im ve Yap\u0131 Malzeme Tedarik\u00e7isi"},"image":{"@id":"https:\/\/rhbgrass.com\/#\/schema\/logo\/image\/"},"sameAs":["https:\/\/www.instagram.com\/rhbgrass\/"]}]}},"_links":{"self":[{"href":"https:\/\/rhbgrass.com\/en\/wp-json\/wp\/v2\/pages\/561","targetHints":{"allow":["GET"]}}],"collection":[{"href":"https:\/\/rhbgrass.com\/en\/wp-json\/wp\/v2\/pages"}],"about":[{"href":"https:\/\/rhbgrass.com\/en\/wp-json\/wp\/v2\/types\/page"}],"author":[{"embeddable":true,"href":"https:\/\/rhbgrass.com\/en\/wp-json\/wp\/v2\/users\/1"}],"replies":[{"embeddable":true,"href":"https:\/\/rhbgrass.com\/en\/wp-json\/wp\/v2\/comments?post=561"}],"version-history":[{"count":51,"href":"https:\/\/rhbgrass.com\/en\/wp-json\/wp\/v2\/pages\/561\/revisions"}],"predecessor-version":[{"id":7290,"href":"https:\/\/rhbgrass.com\/en\/wp-json\/wp\/v2\/pages\/561\/revisions\/7290"}],"up":[{"embeddable":true,"href":"https:\/\/rhbgrass.com\/en\/wp-json\/wp\/v2\/pages\/6144"}],"wp:featuredmedia":[{"embeddable":true,"href":"https:\/\/rhbgrass.com\/en\/wp-json\/wp\/v2\/media\/2507"}],"wp:attachment":[{"href":"https:\/\/rhbgrass.com\/en\/wp-json\/wp\/v2\/media?parent=561"}],"curies":[{"name":"wp","href":"https:\/\/api.w.org\/{rel}","templated":true}]}}