{"id":406,"date":"2020-09-24T13:58:30","date_gmt":"2020-09-24T13:58:30","guid":{"rendered":"https:\/\/quarty-demo.bslthemes.com-demo\/?page_id=76"},"modified":"2024-07-21T19:48:13","modified_gmt":"2024-07-21T19:48:13","slug":"talep","status":"publish","type":"page","link":"https:\/\/rhbgrass.com\/en\/request\/","title":{"rendered":"Landing"},"content":{"rendered":"<div data-elementor-type=\"wp-page\" data-elementor-id=\"406\" class=\"elementor elementor-406\">\n\t\t\t\t\t\t<section class=\"elementor-section elementor-top-section elementor-element elementor-element-312a7ae elementor-section-boxed elementor-section-height-default elementor-section-height-default\" data-id=\"312a7ae\" data-element_type=\"section\">\n\t\t\t\t\t\t<div class=\"elementor-container elementor-column-gap-default\">\n\t\t\t\t\t<div class=\"elementor-column elementor-col-50 elementor-top-column elementor-element elementor-element-fb58aea\" data-id=\"fb58aea\" data-element_type=\"column\">\n\t\t\t<div class=\"elementor-widget-wrap elementor-element-populated\">\n\t\t\t\t\t\t<section class=\"elementor-section elementor-inner-section elementor-element elementor-element-0d7a306 elementor-section-boxed elementor-section-height-default elementor-section-height-default\" data-id=\"0d7a306\" data-element_type=\"section\">\n\t\t\t\t\t\t<div class=\"elementor-container elementor-column-gap-default\">\n\t\t\t\t\t<div class=\"elementor-column elementor-col-100 elementor-inner-column elementor-element elementor-element-07b9a19\" data-id=\"07b9a19\" data-element_type=\"column\">\n\t\t\t<div class=\"elementor-widget-wrap elementor-element-populated\">\n\t\t\t\t\t\t<div class=\"elementor-element elementor-element-8571ff9 elementor-widget elementor-widget-spacer\" data-id=\"8571ff9\" data-element_type=\"widget\" data-widget_type=\"spacer.default\">\n\t\t\t\t<div class=\"elementor-widget-container\">\n\t\t\t\t\t\t\t<div class=\"elementor-spacer\">\n\t\t\t<div class=\"elementor-spacer-inner\"><\/div>\n\t\t<\/div>\n\t\t\t\t\t\t<\/div>\n\t\t\t\t<\/div>\n\t\t\t\t<div class=\"elementor-element elementor-element-4e2b9ee elementor-widget elementor-widget-heading\" data-id=\"4e2b9ee\" data-element_type=\"widget\" data-widget_type=\"heading.default\">\n\t\t\t\t<div class=\"elementor-widget-container\">\n\t\t\t\t\t<h2 class=\"elementor-heading-title elementor-size-default\">Create a Custom Request<\/h2>\t\t\t\t<\/div>\n\t\t\t\t<\/div>\n\t\t\t\t<div class=\"elementor-element elementor-element-edc3e80 elementor-widget elementor-widget-text-editor\" data-id=\"edc3e80\" data-element_type=\"widget\" data-widget_type=\"text-editor.default\">\n\t\t\t\t<div class=\"elementor-widget-container\">\n\t\t\t\t\t\t\t\t\t<p>We are here to answer your questions or request information. Contact us for all your communication and information needs.<\/p>\t\t\t\t\t\t\t\t<\/div>\n\t\t\t\t<\/div>\n\t\t\t\t\t<\/div>\n\t\t<\/div>\n\t\t\t\t\t<\/div>\n\t\t<\/section>\n\t\t\t\t<div class=\"elementor-element elementor-element-d40b6fc elementor-widget__width-initial elementor-widget elementor-widget-quarty-contact-info\" data-id=\"d40b6fc\" data-element_type=\"widget\" data-widget_type=\"quarty-contact-info.default\">\n\t\t\t\t<div class=\"elementor-widget-container\">\n\t\t\t\t\t\n\t\t<div class=\"qrt-section qrt-section-sf\">\n\t\t\t<div class=\"row\">\n\t\t\t\t\t\t\t\t<div class=\"col-lg-12\">\n\t\t\t\t\t<h3 class=\"qrt-mb-40 qrt-title-h\">\n\t\t\t\t\t\t<span >\n\t\t          \t\t\tFast communication \t\t         \t\t<\/span>\n\t\t\t\t\t<\/h3>\n\t\t\t\t<\/div>\n\t\t\t\t\n\t\t\t\t\t\t\t\t\t\t\t\t<div class=\"col-lg-4\">\n\t\t\t\t\t<div class=\"qrt-icon-box\">\n\t\t\t\t\t\t\t\t\t\t\t\t<!-- icon -->\n\t\t\t\t\t\t<img decoding=\"async\" class=\"mb-20\" src=\"https:\/\/rhbgrass.com\/wp-content\/uploads\/2023\/10\/whatsapp-512x512.png\" alt=\"Request on WhatsApp\">\n\t\t\t\t\t\t\t\t\t\t\t\t\t\t\t\t\t\t<!-- title -->\n\t\t\t\t\t\t<h4 class=\"mb-20\">\n\t\t\t\t\t\t\t<span >\n\t        \t\t\t\t\tRequest on WhatsApp\t        \t\t\t\t<\/span>\n\t\t\t\t\t\t<\/h4>\n\t\t\t\t\t\t\t\t\t\t\t\t\t\t\t\t\t\t<!-- description -->\n\t\t\t\t\t\t<div >\n\t        \t\t\t\t<p><a href=\"https:\/\/wa.me\/905352769708\">+90 535 276 97 08<\/a><\/p>\t        \t\t\t<\/div>\n\t        \t\t\t\t\t\t\t\t<\/div>\n\t\t\t\t<\/div>\n\t\t\t\t\t\t\t\t<div class=\"col-lg-4\">\n\t\t\t\t\t<div class=\"qrt-icon-box\">\n\t\t\t\t\t\t\t\t\t\t\t\t<!-- icon -->\n\t\t\t\t\t\t<img decoding=\"async\" class=\"mb-20\" src=\"https:\/\/rhbgrass.com\/wp-content\/uploads\/2021\/03\/icon-5.png\" alt=\"Email\">\n\t\t\t\t\t\t\t\t\t\t\t\t\t\t\t\t\t\t<!-- title -->\n\t\t\t\t\t\t<h4 class=\"mb-20\">\n\t\t\t\t\t\t\t<span >\n\t        \t\t\t\t\tEmail\t        \t\t\t\t<\/span>\n\t\t\t\t\t\t<\/h4>\n\t\t\t\t\t\t\t\t\t\t\t\t\t\t\t\t\t\t<!-- description -->\n\t\t\t\t\t\t<div >\n\t        \t\t\t\t<p><a href=\"mailto:info@rhbgrass.com\">info@rhbgrass.com<\/a><\/p>\t        \t\t\t<\/div>\n\t        \t\t\t\t\t\t\t\t<\/div>\n\t\t\t\t<\/div>\n\t\t\t\t\t\t  \t\t\t\t\t<\/div>\n\t\t<\/div>\n\n\t\t\t\t\t\t<\/div>\n\t\t\t\t<\/div>\n\t\t\t\t\t<\/div>\n\t\t<\/div>\n\t\t\t\t<div class=\"elementor-column elementor-col-50 elementor-top-column elementor-element elementor-element-a6352f3\" data-id=\"a6352f3\" data-element_type=\"column\">\n\t\t\t<div class=\"elementor-widget-wrap elementor-element-populated\">\n\t\t\t\t\t\t<div class=\"elementor-element elementor-element-01b88fc elementor-widget elementor-widget-quarty-contact-form\" data-id=\"01b88fc\" data-element_type=\"widget\" data-widget_type=\"quarty-contact-form.default\">\n\t\t\t\t<div class=\"elementor-widget-container\">\n\t\t\t\t\t\n\t\t<div class=\"qrt-section qrt-section-sf\">\n\t\t\t<div class=\"row\">\n              \n                            <div class=\"col-lg-12\">\n              \t\n<div class=\"wpcf7 no-js\" id=\"wpcf7-f80-o1\" lang=\"en-US\" dir=\"ltr\" data-wpcf7-id=\"80\">\n<div class=\"screen-reader-response\"><p role=\"status\" aria-live=\"polite\" aria-atomic=\"true\"><\/p> <ul><\/ul><\/div>\n<form action=\"\/en\/wp-json\/wp\/v2\/pages\/406#wpcf7-f80-o1\" method=\"post\" class=\"wpcf7-form init\" aria-label=\"Contact form\" novalidate=\"novalidate\" data-status=\"init\" data-trp-original-action=\"\/en\/wp-json\/wp\/v2\/pages\/406#wpcf7-f80-o1\">\n<div style=\"display: none;\">\n<input type=\"hidden\" name=\"_wpcf7\" value=\"80\" \/>\n<input type=\"hidden\" name=\"_wpcf7_version\" value=\"6.0.5\" \/>\n<input type=\"hidden\" name=\"_wpcf7_locale\" value=\"en_US\" \/>\n<input type=\"hidden\" name=\"_wpcf7_unit_tag\" value=\"wpcf7-f80-o1\" \/>\n<input type=\"hidden\" name=\"_wpcf7_container_post\" value=\"0\" \/>\n<input type=\"hidden\" name=\"_wpcf7_posted_data_hash\" value=\"\" \/>\n<\/div>\n<div class=\"iletisim-formu\">\n    <label for=\"adiniz\">Your Name<\/label>\n    <span class=\"wpcf7-form-control-wrap\" data-name=\"adiniz\"><input size=\"40\" maxlength=\"400\" class=\"wpcf7-form-control wpcf7-text wpcf7-validates-as-required form-kontrol\" id=\"adiniz\" aria-required=\"true\" aria-invalid=\"false\" value=\"\" type=\"text\" name=\"adiniz\" \/><\/span>\n\n    <label for=\"emailiniz\">Your Email Address<\/label>\n    <span class=\"wpcf7-form-control-wrap\" data-name=\"emailiniz\"><input size=\"40\" maxlength=\"400\" class=\"wpcf7-form-control wpcf7-email wpcf7-validates-as-required wpcf7-text wpcf7-validates-as-email form-kontrol\" id=\"emailiniz\" aria-required=\"true\" aria-invalid=\"false\" value=\"\" type=\"email\" name=\"emailiniz\" \/><\/span>\n\n    <label for=\"telefonunuz\">Telephone<\/label>\n    <span class=\"wpcf7-form-control-wrap\" data-name=\"telefonunuz\"><input size=\"40\" maxlength=\"400\" class=\"wpcf7-form-control wpcf7-tel wpcf7-validates-as-required wpcf7-text wpcf7-validates-as-tel form-kontrol\" id=\"telefonunuz\" aria-required=\"true\" aria-invalid=\"false\" value=\"\" type=\"tel\" name=\"telefonunuz\" \/><\/span>\n\n    <label for=\"ulkeniz\">Country<\/label>\n    <span class=\"wpcf7-form-control-wrap\" data-name=\"ulkeniz\"><input size=\"40\" maxlength=\"400\" class=\"wpcf7-form-control wpcf7-text form-kontrol\" id=\"ulkeniz\" aria-invalid=\"false\" value=\"\" type=\"text\" name=\"ulkeniz\" \/><\/span>\n\n\n    <label for=\"mesajiniz\">Your message (optional)<\/label>\n    <span class=\"wpcf7-form-control-wrap\" data-name=\"mesajiniz\"><textarea cols=\"40\" rows=\"10\" maxlength=\"2000\" class=\"wpcf7-form-control wpcf7-textarea form-kontrol\" id=\"mesajiniz\" aria-invalid=\"false\" name=\"mesajiniz\"><\/textarea><\/span>\n\n    <input class=\"wpcf7-form-control wpcf7-submit has-spinner\" type=\"submit\" value=\"Create a request\" \/>\n<\/div><div class=\"wpcf7-response-output\" aria-hidden=\"true\"><\/div>\n<input type=\"hidden\" name=\"trp-form-language\" value=\"en\"\/><\/form>\n<\/div>\n              <\/div>\n                          <\/div>\n        <\/div>\n\n\t\t\t\t\t\t<\/div>\n\t\t\t\t<\/div>\n\t\t\t\t\t<\/div>\n\t\t<\/div>\n\t\t\t\t\t<\/div>\n\t\t<\/section>\n\t\t\t\t<section class=\"elementor-section elementor-top-section elementor-element elementor-element-409d73f elementor-section-full_width elementor-section-height-default elementor-section-height-default\" data-id=\"409d73f\" data-element_type=\"section\">\n\t\t\t\t\t\t<div class=\"elementor-container elementor-column-gap-no\">\n\t\t\t\t\t<div class=\"elementor-column elementor-col-100 elementor-top-column elementor-element elementor-element-9ef157e\" data-id=\"9ef157e\" data-element_type=\"column\">\n\t\t\t<div class=\"elementor-widget-wrap elementor-element-populated\">\n\t\t\t\t\t\t<div class=\"elementor-element elementor-element-6ab1fa8 elementor-widget elementor-widget-quarty-contact-info\" data-id=\"6ab1fa8\" data-element_type=\"widget\" data-widget_type=\"quarty-contact-info.default\">\n\t\t\t\t<div class=\"elementor-widget-container\">\n\t\t\t\t\t\n\t\t<div class=\"qrt-section qrt-section-sf\">\n\t\t\t<div class=\"row\">\n\t\t\t\t\t\t\t\t<div class=\"col-lg-12\">\n\t\t\t\t\t<h3 class=\"qrt-mb-40 qrt-title-h\">\n\t\t\t\t\t\t<span >\n\t\t          \t\t\tVisit us\t\t         \t\t<\/span>\n\t\t\t\t\t<\/h3>\n\t\t\t\t<\/div>\n\t\t\t\t\n\t\t\t\t\t\t\t\t\t\t\t\t<div class=\"col-lg-4\">\n\t\t\t\t\t<div class=\"qrt-icon-box\">\n\t\t\t\t\t\t\t\t\t\t\t\t<!-- icon -->\n\t\t\t\t\t\t<img decoding=\"async\" class=\"mb-20\" src=\"https:\/\/rhbgrass.com\/wp-content\/uploads\/2021\/03\/icon-6.png\" alt=\"Office\">\n\t\t\t\t\t\t\t\t\t\t\t\t\t\t\t\t\t\t<!-- title -->\n\t\t\t\t\t\t<h4 class=\"mb-20\">\n\t\t\t\t\t\t\t<span >\n\t        \t\t\t\t\tOffice\t        \t\t\t\t<\/span>\n\t\t\t\t\t\t<\/h4>\n\t\t\t\t\t\t\t\t\t\t\t\t\t\t\t\t\t\t<!-- description -->\n\t\t\t\t\t\t<div >\n\t        \t\t\t\t<p class=\"p1\"><a href=\"https:\/\/maps.app.goo.gl\/8kNN6frrUDEgwKcy9\">Kayaba\u015f\u0131 Mahallesi Kaya\u015fehir bulvar\u0131 Nida kule No:45 Kat 16 No:111 Ba\u015fak\u015fehir \/ \u0130STANBUL-T\u00dcRK\u0130YE<\/a><\/p>\t        \t\t\t<\/div>\n\t        \t\t\t\t\t\t\t\t<\/div>\n\t\t\t\t<\/div>\n\t\t\t\t\t\t  \t\t\t\t\t<\/div>\n\t\t<\/div>\n\n\t\t\t\t\t\t<\/div>\n\t\t\t\t<\/div>\n\t\t\t\t\t<\/div>\n\t\t<\/div>\n\t\t\t\t\t<\/div>\n\t\t<\/section>\n\t\t\t\t<\/div>","protected":false},"excerpt":{"rendered":"<p>\u00d6zel bir Talep Olu\u015fturun Sorular\u0131n\u0131z\u0131 sormak veya bilgi talebinde bulunmak i\u00e7in buraday\u0131z. Her t\u00fcrl\u00fc ileti\u015fim ve bilgi ihtiyac\u0131n\u0131z i\u00e7in bize&#8230; <span class=\"qrt-el-more\"><a href=\"https:\/\/rhbgrass.com\/en\/request\/\" class=\"qrt-link qrt-color-link qrt-cursor-scale qrt-w-chevron\">Read more<\/a><\/span><\/p>","protected":false},"author":1,"featured_media":0,"parent":0,"menu_order":0,"comment_status":"closed","ping_status":"closed","template":"template-layout-builder.php","meta":{"cybocfi_hide_featured_image":"","footnotes":""},"class_list":["post-406","page","type-page","status-publish","hentry"],"acf":[],"yoast_head":"<!-- This site is optimized with the Yoast SEO plugin v24.8.1 - https:\/\/yoast.com\/wordpress\/plugins\/seo\/ -->\n<title>Landing<\/title>\n<meta name=\"description\" content=\"\u00d6zel bir Talep Olu\u015fturun Sorular\u0131n\u0131z\u0131 sormak veya bilgi talebinde bulunmak i\u00e7in buraday\u0131z. Her t\u00fcrl\u00fc ileti\u015fim ve bilgi ihtiyac\u0131n\u0131z i\u00e7in bize ula\u015f\u0131n. H\u0131zl\u0131\" \/>\n<meta name=\"robots\" content=\"index, follow, max-snippet:-1, max-image-preview:large, max-video-preview:-1\" \/>\n<link rel=\"canonical\" href=\"https:\/\/rhbgrass.com\/en\/request\/\" \/>\n<meta property=\"og:locale\" content=\"en_US\" \/>\n<meta property=\"og:type\" content=\"article\" \/>\n<meta property=\"og:title\" content=\"Landing\" \/>\n<meta property=\"og:description\" content=\"\u00d6zel bir Talep Olu\u015fturun Sorular\u0131n\u0131z\u0131 sormak veya bilgi talebinde bulunmak i\u00e7in buraday\u0131z. Her t\u00fcrl\u00fc ileti\u015fim ve bilgi ihtiyac\u0131n\u0131z i\u00e7in bize ula\u015f\u0131n. H\u0131zl\u0131\" \/>\n<meta property=\"og:url\" content=\"https:\/\/rhbgrass.com\/en\/request\/\" \/>\n<meta property=\"og:site_name\" content=\"RHB Grass\" \/>\n<meta property=\"article:modified_time\" content=\"2024-07-21T19:48:13+00:00\" \/>\n<meta property=\"og:image\" content=\"https:\/\/rhbgrass.com\/wp-content\/uploads\/2023\/10\/whatsapp-512x512.png\" \/>\n<meta name=\"twitter:card\" content=\"summary_large_image\" \/>\n<meta name=\"twitter:label1\" content=\"Est. reading time\" \/>\n\t<meta name=\"twitter:data1\" content=\"1 minute\" \/>\n<script type=\"application\/ld+json\" class=\"yoast-schema-graph\">{\"@context\":\"https:\/\/schema.org\",\"@graph\":[{\"@type\":\"WebPage\",\"@id\":\"https:\/\/rhbgrass.com\/talep\/\",\"url\":\"https:\/\/rhbgrass.com\/talep\/\",\"name\":\"Landing\",\"isPartOf\":{\"@id\":\"https:\/\/rhbgrass.com\/#website\"},\"primaryImageOfPage\":{\"@id\":\"https:\/\/rhbgrass.com\/talep\/#primaryimage\"},\"image\":{\"@id\":\"https:\/\/rhbgrass.com\/talep\/#primaryimage\"},\"thumbnailUrl\":\"https:\/\/rhbgrass.com\/wp-content\/uploads\/2023\/10\/whatsapp-512x512.png\",\"datePublished\":\"2020-09-24T13:58:30+00:00\",\"dateModified\":\"2024-07-21T19:48:13+00:00\",\"description\":\"\u00d6zel bir Talep Olu\u015fturun Sorular\u0131n\u0131z\u0131 sormak veya bilgi talebinde bulunmak i\u00e7in buraday\u0131z. Her t\u00fcrl\u00fc ileti\u015fim ve bilgi ihtiyac\u0131n\u0131z i\u00e7in bize ula\u015f\u0131n. H\u0131zl\u0131\",\"breadcrumb\":{\"@id\":\"https:\/\/rhbgrass.com\/talep\/#breadcrumb\"},\"inLanguage\":\"en-US\",\"potentialAction\":[{\"@type\":\"ReadAction\",\"target\":[\"https:\/\/rhbgrass.com\/talep\/\"]}]},{\"@type\":\"ImageObject\",\"inLanguage\":\"en-US\",\"@id\":\"https:\/\/rhbgrass.com\/talep\/#primaryimage\",\"url\":\"https:\/\/rhbgrass.com\/wp-content\/uploads\/2023\/10\/whatsapp-512x512.png\",\"contentUrl\":\"https:\/\/rhbgrass.com\/wp-content\/uploads\/2023\/10\/whatsapp-512x512.png\"},{\"@type\":\"BreadcrumbList\",\"@id\":\"https:\/\/rhbgrass.com\/talep\/#breadcrumb\",\"itemListElement\":[{\"@type\":\"ListItem\",\"position\":1,\"name\":\"Suni \u00c7im Hal\u0131 Malzemeleri\",\"item\":\"https:\/\/rhbgrass.com\/\"},{\"@type\":\"ListItem\",\"position\":2,\"name\":\"Landing\"}]},{\"@type\":\"WebSite\",\"@id\":\"https:\/\/rhbgrass.com\/#website\",\"url\":\"https:\/\/rhbgrass.com\/\",\"name\":\"RHB Grass\",\"description\":\"Global Suni \u00c7im Hal\u0131 ve Yap\u0131 Malzeme Tedarik\u00e7isi\",\"publisher\":{\"@id\":\"https:\/\/rhbgrass.com\/#organization\"},\"alternateName\":\"Suni \u00c7im Malzemeleri Tedarik\u00e7isi\",\"potentialAction\":[{\"@type\":\"SearchAction\",\"target\":{\"@type\":\"EntryPoint\",\"urlTemplate\":\"https:\/\/rhbgrass.com\/?s={search_term_string}\"},\"query-input\":{\"@type\":\"PropertyValueSpecification\",\"valueRequired\":true,\"valueName\":\"search_term_string\"}}],\"inLanguage\":\"en-US\"},{\"@type\":\"Organization\",\"@id\":\"https:\/\/rhbgrass.com\/#organization\",\"name\":\"RHB Grass - Suni \u00c7im ve Yap\u0131 Malzeme Tedarik\u00e7isi\",\"alternateName\":\"RHB Grass - Artificial Grass and Building Material Supplier\",\"url\":\"https:\/\/rhbgrass.com\/\",\"logo\":{\"@type\":\"ImageObject\",\"inLanguage\":\"en-US\",\"@id\":\"https:\/\/rhbgrass.com\/#\/schema\/logo\/image\/\",\"url\":\"https:\/\/rhbgrass.com\/wp-content\/uploads\/2023\/10\/cropped-rhb-forest-green.png\",\"contentUrl\":\"https:\/\/rhbgrass.com\/wp-content\/uploads\/2023\/10\/cropped-rhb-forest-green.png\",\"width\":512,\"height\":512,\"caption\":\"RHB Grass - Suni \u00c7im ve Yap\u0131 Malzeme Tedarik\u00e7isi\"},\"image\":{\"@id\":\"https:\/\/rhbgrass.com\/#\/schema\/logo\/image\/\"},\"sameAs\":[\"https:\/\/www.instagram.com\/rhbgrass\/\"]}]}<\/script>\n<!-- \/ Yoast SEO plugin. -->","yoast_head_json":{"title":"Landing","description":"\u00d6zel bir Talep Olu\u015fturun Sorular\u0131n\u0131z\u0131 sormak veya bilgi talebinde bulunmak i\u00e7in buraday\u0131z. Her t\u00fcrl\u00fc ileti\u015fim ve bilgi ihtiyac\u0131n\u0131z i\u00e7in bize ula\u015f\u0131n. H\u0131zl\u0131","robots":{"index":"index","follow":"follow","max-snippet":"max-snippet:-1","max-image-preview":"max-image-preview:large","max-video-preview":"max-video-preview:-1"},"canonical":"https:\/\/rhbgrass.com\/en\/request\/","og_locale":"en_US","og_type":"article","og_title":"Landing","og_description":"\u00d6zel bir Talep Olu\u015fturun Sorular\u0131n\u0131z\u0131 sormak veya bilgi talebinde bulunmak i\u00e7in buraday\u0131z. Her t\u00fcrl\u00fc ileti\u015fim ve bilgi ihtiyac\u0131n\u0131z i\u00e7in bize ula\u015f\u0131n. H\u0131zl\u0131","og_url":"https:\/\/rhbgrass.com\/en\/request\/","og_site_name":"RHB Grass","article_modified_time":"2024-07-21T19:48:13+00:00","og_image":[{"url":"https:\/\/rhbgrass.com\/wp-content\/uploads\/2023\/10\/whatsapp-512x512.png","type":"","width":"","height":""}],"twitter_card":"summary_large_image","twitter_misc":{"Est. reading time":"1 minute"},"schema":{"@context":"https:\/\/schema.org","@graph":[{"@type":"WebPage","@id":"https:\/\/rhbgrass.com\/talep\/","url":"https:\/\/rhbgrass.com\/talep\/","name":"Landing","isPartOf":{"@id":"https:\/\/rhbgrass.com\/#website"},"primaryImageOfPage":{"@id":"https:\/\/rhbgrass.com\/talep\/#primaryimage"},"image":{"@id":"https:\/\/rhbgrass.com\/talep\/#primaryimage"},"thumbnailUrl":"https:\/\/rhbgrass.com\/wp-content\/uploads\/2023\/10\/whatsapp-512x512.png","datePublished":"2020-09-24T13:58:30+00:00","dateModified":"2024-07-21T19:48:13+00:00","description":"\u00d6zel bir Talep Olu\u015fturun Sorular\u0131n\u0131z\u0131 sormak veya bilgi talebinde bulunmak i\u00e7in buraday\u0131z. Her t\u00fcrl\u00fc ileti\u015fim ve bilgi ihtiyac\u0131n\u0131z i\u00e7in bize ula\u015f\u0131n. H\u0131zl\u0131","breadcrumb":{"@id":"https:\/\/rhbgrass.com\/talep\/#breadcrumb"},"inLanguage":"en-US","potentialAction":[{"@type":"ReadAction","target":["https:\/\/rhbgrass.com\/talep\/"]}]},{"@type":"ImageObject","inLanguage":"en-US","@id":"https:\/\/rhbgrass.com\/talep\/#primaryimage","url":"https:\/\/rhbgrass.com\/wp-content\/uploads\/2023\/10\/whatsapp-512x512.png","contentUrl":"https:\/\/rhbgrass.com\/wp-content\/uploads\/2023\/10\/whatsapp-512x512.png"},{"@type":"BreadcrumbList","@id":"https:\/\/rhbgrass.com\/talep\/#breadcrumb","itemListElement":[{"@type":"ListItem","position":1,"name":"Suni \u00c7im Hal\u0131 Malzemeleri","item":"https:\/\/rhbgrass.com\/"},{"@type":"ListItem","position":2,"name":"Landing"}]},{"@type":"WebSite","@id":"https:\/\/rhbgrass.com\/#website","url":"https:\/\/rhbgrass.com\/","name":"RHB Grass","description":"Global Suni \u00c7im Hal\u0131 ve Yap\u0131 Malzeme Tedarik\u00e7isi","publisher":{"@id":"https:\/\/rhbgrass.com\/#organization"},"alternateName":"Suni \u00c7im Malzemeleri Tedarik\u00e7isi","potentialAction":[{"@type":"SearchAction","target":{"@type":"EntryPoint","urlTemplate":"https:\/\/rhbgrass.com\/?s={search_term_string}"},"query-input":{"@type":"PropertyValueSpecification","valueRequired":true,"valueName":"search_term_string"}}],"inLanguage":"en-US"},{"@type":"Organization","@id":"https:\/\/rhbgrass.com\/#organization","name":"RHB Grass - Suni \u00c7im ve Yap\u0131 Malzeme Tedarik\u00e7isi","alternateName":"RHB Grass - Artificial Grass and Building Material Supplier","url":"https:\/\/rhbgrass.com\/","logo":{"@type":"ImageObject","inLanguage":"en-US","@id":"https:\/\/rhbgrass.com\/#\/schema\/logo\/image\/","url":"https:\/\/rhbgrass.com\/wp-content\/uploads\/2023\/10\/cropped-rhb-forest-green.png","contentUrl":"https:\/\/rhbgrass.com\/wp-content\/uploads\/2023\/10\/cropped-rhb-forest-green.png","width":512,"height":512,"caption":"RHB Grass - Suni \u00c7im ve Yap\u0131 Malzeme Tedarik\u00e7isi"},"image":{"@id":"https:\/\/rhbgrass.com\/#\/schema\/logo\/image\/"},"sameAs":["https:\/\/www.instagram.com\/rhbgrass\/"]}]}},"_links":{"self":[{"href":"https:\/\/rhbgrass.com\/en\/wp-json\/wp\/v2\/pages\/406","targetHints":{"allow":["GET"]}}],"collection":[{"href":"https:\/\/rhbgrass.com\/en\/wp-json\/wp\/v2\/pages"}],"about":[{"href":"https:\/\/rhbgrass.com\/en\/wp-json\/wp\/v2\/types\/page"}],"author":[{"embeddable":true,"href":"https:\/\/rhbgrass.com\/en\/wp-json\/wp\/v2\/users\/1"}],"replies":[{"embeddable":true,"href":"https:\/\/rhbgrass.com\/en\/wp-json\/wp\/v2\/comments?post=406"}],"version-history":[{"count":3,"href":"https:\/\/rhbgrass.com\/en\/wp-json\/wp\/v2\/pages\/406\/revisions"}],"predecessor-version":[{"id":7254,"href":"https:\/\/rhbgrass.com\/en\/wp-json\/wp\/v2\/pages\/406\/revisions\/7254"}],"wp:attachment":[{"href":"https:\/\/rhbgrass.com\/en\/wp-json\/wp\/v2\/media?parent=406"}],"curies":[{"name":"wp","href":"https:\/\/api.w.org\/{rel}","templated":true}]}}