{"id":405,"date":"2024-02-29T13:23:29","date_gmt":"2024-02-29T13:23:29","guid":{"rendered":"https:\/\/quarty-demo.bslthemes.com-demo\/?page_id=66"},"modified":"2024-04-24T21:23:41","modified_gmt":"2024-04-24T21:23:41","slug":"hakkimizda","status":"publish","type":"page","link":"https:\/\/rhbgrass.com\/en\/hakkimizda\/","title":{"rendered":"About US"},"content":{"rendered":"<div data-elementor-type=\"wp-page\" data-elementor-id=\"405\" class=\"elementor elementor-405\">\n\t\t\t\t\t\t<section class=\"elementor-section elementor-top-section elementor-element elementor-element-7732bfd elementor-section-boxed elementor-section-height-default elementor-section-height-default\" data-id=\"7732bfd\" data-element_type=\"section\">\n\t\t\t\t\t\t<div class=\"elementor-container elementor-column-gap-default\">\n\t\t\t\t\t<div class=\"elementor-column elementor-col-100 elementor-top-column elementor-element elementor-element-ca33be1\" data-id=\"ca33be1\" data-element_type=\"column\">\n\t\t\t<div class=\"elementor-widget-wrap elementor-element-populated\">\n\t\t\t\t\t\t<div class=\"elementor-element elementor-element-874e4f4 elementor-widget elementor-widget-image\" data-id=\"874e4f4\" data-element_type=\"widget\" data-widget_type=\"image.default\">\n\t\t\t\t<div class=\"elementor-widget-container\">\n\t\t\t\t\t\t\t\t\t\t\t\t\t\t\t<img fetchpriority=\"high\" decoding=\"async\" width=\"900\" height=\"225\" src=\"https:\/\/rhbgrass.com\/wp-content\/uploads\/2023\/11\/rhb-grass-new-logo_-1024x256.png\" class=\"attachment-large size-large wp-image-3717\" alt=\"rhb grass brand logo\" srcset=\"https:\/\/rhbgrass.com\/wp-content\/uploads\/2023\/11\/rhb-grass-new-logo_-1024x256.png 1024w, https:\/\/rhbgrass.com\/wp-content\/uploads\/2023\/11\/rhb-grass-new-logo_-300x75.png 300w, https:\/\/rhbgrass.com\/wp-content\/uploads\/2023\/11\/rhb-grass-new-logo_-768x192.png 768w, https:\/\/rhbgrass.com\/wp-content\/uploads\/2023\/11\/rhb-grass-new-logo_-1536x384.png 1536w, https:\/\/rhbgrass.com\/wp-content\/uploads\/2023\/11\/rhb-grass-new-logo_-2048x512.png 2048w, https:\/\/rhbgrass.com\/wp-content\/uploads\/2023\/11\/rhb-grass-new-logo_-18x5.png 18w, https:\/\/rhbgrass.com\/wp-content\/uploads\/2023\/11\/rhb-grass-new-logo_-512x128.png 512w, https:\/\/rhbgrass.com\/wp-content\/uploads\/2023\/11\/rhb-grass-new-logo_-950x238.png 950w, https:\/\/rhbgrass.com\/wp-content\/uploads\/2023\/11\/rhb-grass-new-logo_-1920x480.png 1920w\" sizes=\"(max-width: 900px) 100vw, 900px\" \/>\t\t\t\t\t\t\t\t\t\t\t\t\t\t\t<\/div>\n\t\t\t\t<\/div>\n\t\t\t\t\t<\/div>\n\t\t<\/div>\n\t\t\t\t\t<\/div>\n\t\t<\/section>\n\t\t\t\t<section class=\"elementor-section elementor-top-section elementor-element elementor-element-ee945af elementor-section-boxed elementor-section-height-default elementor-section-height-default\" data-id=\"ee945af\" data-element_type=\"section\">\n\t\t\t\t\t\t<div class=\"elementor-container elementor-column-gap-default\">\n\t\t\t\t\t<div class=\"elementor-column elementor-col-100 elementor-top-column elementor-element elementor-element-71a44dd\" data-id=\"71a44dd\" data-element_type=\"column\">\n\t\t\t<div class=\"elementor-widget-wrap elementor-element-populated\">\n\t\t\t\t\t\t<div class=\"elementor-element elementor-element-74412a5 elementor-widget elementor-widget-video\" data-id=\"74412a5\" data-element_type=\"widget\" data-settings=\"{&quot;video_type&quot;:&quot;hosted&quot;,&quot;controls&quot;:&quot;yes&quot;}\" data-widget_type=\"video.default\">\n\t\t\t\t<div class=\"elementor-widget-container\">\n\t\t\t\t\t\t\t<div class=\"e-hosted-video elementor-wrapper elementor-open-inline\">\n\t\t\t\t\t<video class=\"elementor-video\" src=\"https:\/\/rhbgrass.com\/wp-content\/uploads\/2024\/04\/04232.mp4\" controls=\"\" preload=\"metadata\" controlslist=\"nodownload\"><\/video>\n\t\t\t\t<\/div>\n\t\t\t\t\t\t<\/div>\n\t\t\t\t<\/div>\n\t\t\t\t\t<\/div>\n\t\t<\/div>\n\t\t\t\t\t<\/div>\n\t\t<\/section>\n\t\t\t\t<section class=\"elementor-section elementor-top-section elementor-element elementor-element-b13de92 elementor-section-full_width elementor-section-height-default elementor-section-height-default\" data-id=\"b13de92\" data-element_type=\"section\">\n\t\t\t\t\t\t<div class=\"elementor-container elementor-column-gap-no\">\n\t\t\t\t\t<div class=\"elementor-column elementor-col-100 elementor-top-column elementor-element elementor-element-2a40d7b\" data-id=\"2a40d7b\" data-element_type=\"column\">\n\t\t\t<div class=\"elementor-widget-wrap elementor-element-populated\">\n\t\t\t\t\t\t<div class=\"elementor-element elementor-element-5831ef8 elementor-widget elementor-widget-quarty-about-us\" data-id=\"5831ef8\" data-element_type=\"widget\" data-widget_type=\"quarty-about-us.default\">\n\t\t\t\t<div class=\"elementor-widget-container\">\n\t\t\t\t\t\n\t\t<div class=\"qrt-section\">\n\t\t\t<div class=\"row\">\n\t          \t          <div class=\"col-lg-4\">\n\t            <h3 class=\"qrt-section-title\">\n\t            \t<span >\n\t          \t\t\tThe Future of International Trade\n\t         \t\t<\/span>\n\t            <\/h3>\n\t          <\/div>\n\t          \t          \t          <div class=\"col-lg-8 qrt-section-description\">\n\t            \t<div >\n\t          \t\t\t<p>RHB Group, established in Istanbul in 2021, operates in the artificial turf, turf field applications, and turf construction materials sectors. The founders of the company consist of an experienced team with many years of experience in the industry. RHB Group focuses its efforts on the Middle East and North African countries and engages in export activities.<\/p><p>The company's vision aims to play a leading role in technological advancements and quality standards in the artificial turf market. RHB Group prioritizes customer satisfaction and aims to continually improve its customer-centric approach. Additionally, it exhibits an approach focused on preserving nature and the environment, while embracing renewable energy sources.<\/p><p>RHB Group prioritizes providing services that align with the requirements of the times and places importance on quality. Therefore, it continually strives to enhance the quality of its products and customer services. RHB Group aims to offer its customers reliable, high-quality, and up-to-date solutions, and works towards this goal at all times.<\/p>\t         \t\t<\/div>\n\t          <\/div>\n\t          \t        <\/div>\n\t    <\/div>\n\n\t\t\t\t\t\t<\/div>\n\t\t\t\t<\/div>\n\t\t\t\t\t<\/div>\n\t\t<\/div>\n\t\t\t\t\t<\/div>\n\t\t<\/section>\n\t\t\t\t<section class=\"elementor-section elementor-top-section elementor-element elementor-element-09fb1b8 elementor-section-full_width elementor-section-height-default elementor-section-height-default\" data-id=\"09fb1b8\" data-element_type=\"section\">\n\t\t\t\t\t\t<div class=\"elementor-container elementor-column-gap-no\">\n\t\t\t\t\t<div class=\"elementor-column elementor-col-100 elementor-top-column elementor-element elementor-element-a7ea650\" data-id=\"a7ea650\" data-element_type=\"column\">\n\t\t\t<div class=\"elementor-widget-wrap elementor-element-populated\">\n\t\t\t\t\t\t<div class=\"elementor-element elementor-element-0bf795e elementor-widget elementor-widget-quarty-banner\" data-id=\"0bf795e\" data-element_type=\"widget\" data-widget_type=\"quarty-banner.default\">\n\t\t\t\t<div class=\"elementor-widget-container\">\n\t\t\t\t\t\n\t\t<div class=\"row qrt-p-0-40\">\n          <div class=\"col-lg-12\">\n            <div class=\"qrt-page-cover\">\n                            <img decoding=\"async\" src=\"https:\/\/rhbgrass.com\/wp-content\/uploads\/2022\/11\/top-down-aerial-view-of-green-football-sports-fiel-2022-04-07-00-12-55-utc-scaled.jpg\" alt=\"\" \/>\n                                          <div class=\"qrt-hint-frame\">\n                <div class=\"qrt-scroll-hint\">\n                  <span><\/span>\n                <\/div>\n              <\/div>\n          \t                              <div class=\"qrt-about-info\">\n                <div class=\"qrt-cover-info\">\n\t\t\t\t  <ul class=\"qrt-table\">\n\t\t\t\t\t                    <li>\n                      <h5 class=\"qrt-white\">\n                      \t<span >\n\t        \t\t\t\tCountry\t        \t\t\t<\/span>\n                      <\/h5>\n                      <span >\n\t\t\t\t\t\tTurkey\t\t\t\t\t  <\/span>\n\t\t\t\t\t<\/li>\n                                        <li>\n                      <h5 class=\"qrt-white\">\n                      \t<span >\n\t        \t\t\t\tCity\t        \t\t\t<\/span>\n                      <\/h5>\n                      <span >\n\t\t\t\t\t\t\u0130stanbul\t\t\t\t\t  <\/span>\n\t\t\t\t\t<\/li>\n                                        <li>\n                      <h5 class=\"qrt-white\">\n                      \t<span >\n\t        \t\t\t\tSince\t        \t\t\t<\/span>\n                      <\/h5>\n                      <span >\n\t\t\t\t\t\tMay, 2012\t\t\t\t\t  <\/span>\n\t\t\t\t\t<\/li>\n                    \t\t\t\t  <\/ul>\n                <\/div>\n              <\/div>\n         \t              <\/div>\n          <\/div>\n        <\/div>\n\n\t\t\t\t\t\t<\/div>\n\t\t\t\t<\/div>\n\t\t\t\t\t<\/div>\n\t\t<\/div>\n\t\t\t\t\t<\/div>\n\t\t<\/section>\n\t\t\t\t<section class=\"elementor-section elementor-top-section elementor-element elementor-element-aa38a97 elementor-section-full_width elementor-section-height-default elementor-section-height-default\" data-id=\"aa38a97\" data-element_type=\"section\">\n\t\t\t\t\t\t<div class=\"elementor-container elementor-column-gap-no\">\n\t\t\t\t\t<div class=\"elementor-column elementor-col-100 elementor-top-column elementor-element elementor-element-9d70e0a\" data-id=\"9d70e0a\" data-element_type=\"column\">\n\t\t\t<div class=\"elementor-widget-wrap elementor-element-populated\">\n\t\t\t\t\t\t<div class=\"elementor-element elementor-element-b42eaf0 elementor-widget elementor-widget-quarty-cta\" data-id=\"b42eaf0\" data-element_type=\"widget\" data-widget_type=\"quarty-cta.default\">\n\t\t\t\t<div class=\"elementor-widget-container\">\n\t\t\t\t\t\n\t\t<div class=\"row\">\n          <div class=\"col-lg-12\">\n            <div class=\"qrt-call-to-action\">\n                            <h4>\n              \t<span >\n\t          \t\tFor further information, please feel free to contact us.\t        \t<\/span>\n              <\/h4>\n                                          <a href=\"https:\/\/rhbgroups.com\/iletisim\/\" class=\"qrt-btn qrt-btn-sm qrt-btn-color qrt-cursor-scale qrt-anima-link broken_link\">\n              \t<span >\n\t          \t\tContact\t        \t<\/span>\n              <\/a>\n                          <\/div>\n          <\/div>\n        <\/div>\n\n\t\t\t\t\t\t<\/div>\n\t\t\t\t<\/div>\n\t\t\t\t\t<\/div>\n\t\t<\/div>\n\t\t\t\t\t<\/div>\n\t\t<\/section>\n\t\t\t\t<\/div>","protected":false},"excerpt":{"rendered":"<p>https:\/\/rhbgrass.com\/wp-content\/uploads\/2024\/04\/04232.mp4 Uluslararas\u0131 Ticaretin Gelece\u011fi RHB Group, 2021 y\u0131l\u0131nda \u0130stanbul\u2019da kurulmu\u015f bir \u015firket olarak, suni \u00e7im, hal\u0131 saha uygulamalar\u0131 ve \u00e7im&#8230; <span class=\"qrt-el-more\"><a href=\"https:\/\/rhbgrass.com\/en\/hakkimizda\/\" class=\"qrt-link qrt-color-link qrt-cursor-scale qrt-w-chevron\">Read more<\/a><\/span><\/p>","protected":false},"author":1,"featured_media":0,"parent":0,"menu_order":0,"comment_status":"closed","ping_status":"closed","template":"template-layout-builder.php","meta":{"cybocfi_hide_featured_image":"","footnotes":""},"class_list":["post-405","page","type-page","status-publish","hentry"],"acf":[],"yoast_head":"<!-- This site is optimized with the Yoast SEO plugin v24.8.1 - https:\/\/yoast.com\/wordpress\/plugins\/seo\/ -->\n<title>Hakk\u0131m\u0131zda<\/title>\n<meta name=\"description\" content=\"https:\/\/rhbgrass.com\/wp-content\/uploads\/2024\/04\/04232.mp4 Uluslararas\u0131 Ticaretin Gelece\u011fi RHB Group, 2021 y\u0131l\u0131nda \u0130stanbul\u2019da kurulmu\u015f bir \u015firket olarak,\" \/>\n<meta name=\"robots\" content=\"index, follow, max-snippet:-1, max-image-preview:large, max-video-preview:-1\" \/>\n<link rel=\"canonical\" href=\"https:\/\/rhbgrass.com\/en\/hakkimizda\/\" \/>\n<meta property=\"og:locale\" content=\"en_US\" \/>\n<meta property=\"og:type\" content=\"article\" \/>\n<meta property=\"og:title\" content=\"Hakk\u0131m\u0131zda\" \/>\n<meta property=\"og:description\" content=\"https:\/\/rhbgrass.com\/wp-content\/uploads\/2024\/04\/04232.mp4 Uluslararas\u0131 Ticaretin Gelece\u011fi RHB Group, 2021 y\u0131l\u0131nda \u0130stanbul\u2019da kurulmu\u015f bir \u015firket olarak,\" \/>\n<meta property=\"og:url\" content=\"https:\/\/rhbgrass.com\/en\/hakkimizda\/\" \/>\n<meta property=\"og:site_name\" content=\"RHB Grass\" \/>\n<meta property=\"article:modified_time\" content=\"2024-04-24T21:23:41+00:00\" \/>\n<meta property=\"og:image\" content=\"https:\/\/rhbgrass.com\/wp-content\/uploads\/2023\/11\/rhb-grass-new-logo_-1024x256.png\" \/>\n<meta name=\"twitter:card\" content=\"summary_large_image\" \/>\n<meta name=\"twitter:label1\" content=\"Est. reading time\" \/>\n\t<meta name=\"twitter:data1\" content=\"2 minutes\" \/>\n<script type=\"application\/ld+json\" class=\"yoast-schema-graph\">{\"@context\":\"https:\/\/schema.org\",\"@graph\":[{\"@type\":\"WebPage\",\"@id\":\"https:\/\/rhbgrass.com\/hakkimizda\/\",\"url\":\"https:\/\/rhbgrass.com\/hakkimizda\/\",\"name\":\"Hakk\u0131m\u0131zda\",\"isPartOf\":{\"@id\":\"https:\/\/rhbgrass.com\/#website\"},\"primaryImageOfPage\":{\"@id\":\"https:\/\/rhbgrass.com\/hakkimizda\/#primaryimage\"},\"image\":{\"@id\":\"https:\/\/rhbgrass.com\/hakkimizda\/#primaryimage\"},\"thumbnailUrl\":\"https:\/\/rhbgrass.com\/wp-content\/uploads\/2023\/11\/rhb-grass-new-logo_-1024x256.png\",\"datePublished\":\"2024-02-29T13:23:29+00:00\",\"dateModified\":\"2024-04-24T21:23:41+00:00\",\"description\":\"https:\/\/rhbgrass.com\/wp-content\/uploads\/2024\/04\/04232.mp4 Uluslararas\u0131 Ticaretin Gelece\u011fi RHB Group, 2021 y\u0131l\u0131nda \u0130stanbul\u2019da kurulmu\u015f bir \u015firket olarak,\",\"breadcrumb\":{\"@id\":\"https:\/\/rhbgrass.com\/hakkimizda\/#breadcrumb\"},\"inLanguage\":\"en-US\",\"potentialAction\":[{\"@type\":\"ReadAction\",\"target\":[\"https:\/\/rhbgrass.com\/hakkimizda\/\"]}]},{\"@type\":\"ImageObject\",\"inLanguage\":\"en-US\",\"@id\":\"https:\/\/rhbgrass.com\/hakkimizda\/#primaryimage\",\"url\":\"https:\/\/rhbgrass.com\/wp-content\/uploads\/2023\/11\/rhb-grass-new-logo_-1024x256.png\",\"contentUrl\":\"https:\/\/rhbgrass.com\/wp-content\/uploads\/2023\/11\/rhb-grass-new-logo_-1024x256.png\"},{\"@type\":\"BreadcrumbList\",\"@id\":\"https:\/\/rhbgrass.com\/hakkimizda\/#breadcrumb\",\"itemListElement\":[{\"@type\":\"ListItem\",\"position\":1,\"name\":\"Suni \u00c7im Hal\u0131 Malzemeleri\",\"item\":\"https:\/\/rhbgrass.com\/\"},{\"@type\":\"ListItem\",\"position\":2,\"name\":\"Hakk\u0131m\u0131zda\"}]},{\"@type\":\"WebSite\",\"@id\":\"https:\/\/rhbgrass.com\/#website\",\"url\":\"https:\/\/rhbgrass.com\/\",\"name\":\"RHB Grass\",\"description\":\"Global Suni \u00c7im Hal\u0131 ve Yap\u0131 Malzeme Tedarik\u00e7isi\",\"publisher\":{\"@id\":\"https:\/\/rhbgrass.com\/#organization\"},\"alternateName\":\"Suni \u00c7im Malzemeleri Tedarik\u00e7isi\",\"potentialAction\":[{\"@type\":\"SearchAction\",\"target\":{\"@type\":\"EntryPoint\",\"urlTemplate\":\"https:\/\/rhbgrass.com\/?s={search_term_string}\"},\"query-input\":{\"@type\":\"PropertyValueSpecification\",\"valueRequired\":true,\"valueName\":\"search_term_string\"}}],\"inLanguage\":\"en-US\"},{\"@type\":\"Organization\",\"@id\":\"https:\/\/rhbgrass.com\/#organization\",\"name\":\"RHB Grass - Suni \u00c7im ve Yap\u0131 Malzeme Tedarik\u00e7isi\",\"alternateName\":\"RHB Grass - Artificial Grass and Building Material Supplier\",\"url\":\"https:\/\/rhbgrass.com\/\",\"logo\":{\"@type\":\"ImageObject\",\"inLanguage\":\"en-US\",\"@id\":\"https:\/\/rhbgrass.com\/#\/schema\/logo\/image\/\",\"url\":\"https:\/\/rhbgrass.com\/wp-content\/uploads\/2023\/10\/cropped-rhb-forest-green.png\",\"contentUrl\":\"https:\/\/rhbgrass.com\/wp-content\/uploads\/2023\/10\/cropped-rhb-forest-green.png\",\"width\":512,\"height\":512,\"caption\":\"RHB Grass - Suni \u00c7im ve Yap\u0131 Malzeme Tedarik\u00e7isi\"},\"image\":{\"@id\":\"https:\/\/rhbgrass.com\/#\/schema\/logo\/image\/\"},\"sameAs\":[\"https:\/\/www.instagram.com\/rhbgrass\/\"]}]}<\/script>\n<!-- \/ Yoast SEO plugin. -->","yoast_head_json":{"title":"Hakk\u0131m\u0131zda","description":"https:\/\/rhbgrass.com\/wp-content\/uploads\/2024\/04\/04232.mp4 Uluslararas\u0131 Ticaretin Gelece\u011fi RHB Group, 2021 y\u0131l\u0131nda \u0130stanbul\u2019da kurulmu\u015f bir \u015firket olarak,","robots":{"index":"index","follow":"follow","max-snippet":"max-snippet:-1","max-image-preview":"max-image-preview:large","max-video-preview":"max-video-preview:-1"},"canonical":"https:\/\/rhbgrass.com\/en\/hakkimizda\/","og_locale":"en_US","og_type":"article","og_title":"Hakk\u0131m\u0131zda","og_description":"https:\/\/rhbgrass.com\/wp-content\/uploads\/2024\/04\/04232.mp4 Uluslararas\u0131 Ticaretin Gelece\u011fi RHB Group, 2021 y\u0131l\u0131nda \u0130stanbul\u2019da kurulmu\u015f bir \u015firket olarak,","og_url":"https:\/\/rhbgrass.com\/en\/hakkimizda\/","og_site_name":"RHB Grass","article_modified_time":"2024-04-24T21:23:41+00:00","og_image":[{"url":"https:\/\/rhbgrass.com\/wp-content\/uploads\/2023\/11\/rhb-grass-new-logo_-1024x256.png","type":"","width":"","height":""}],"twitter_card":"summary_large_image","twitter_misc":{"Est. reading time":"2 minutes"},"schema":{"@context":"https:\/\/schema.org","@graph":[{"@type":"WebPage","@id":"https:\/\/rhbgrass.com\/hakkimizda\/","url":"https:\/\/rhbgrass.com\/hakkimizda\/","name":"Hakk\u0131m\u0131zda","isPartOf":{"@id":"https:\/\/rhbgrass.com\/#website"},"primaryImageOfPage":{"@id":"https:\/\/rhbgrass.com\/hakkimizda\/#primaryimage"},"image":{"@id":"https:\/\/rhbgrass.com\/hakkimizda\/#primaryimage"},"thumbnailUrl":"https:\/\/rhbgrass.com\/wp-content\/uploads\/2023\/11\/rhb-grass-new-logo_-1024x256.png","datePublished":"2024-02-29T13:23:29+00:00","dateModified":"2024-04-24T21:23:41+00:00","description":"https:\/\/rhbgrass.com\/wp-content\/uploads\/2024\/04\/04232.mp4 Uluslararas\u0131 Ticaretin Gelece\u011fi RHB Group, 2021 y\u0131l\u0131nda \u0130stanbul\u2019da kurulmu\u015f bir \u015firket olarak,","breadcrumb":{"@id":"https:\/\/rhbgrass.com\/hakkimizda\/#breadcrumb"},"inLanguage":"en-US","potentialAction":[{"@type":"ReadAction","target":["https:\/\/rhbgrass.com\/hakkimizda\/"]}]},{"@type":"ImageObject","inLanguage":"en-US","@id":"https:\/\/rhbgrass.com\/hakkimizda\/#primaryimage","url":"https:\/\/rhbgrass.com\/wp-content\/uploads\/2023\/11\/rhb-grass-new-logo_-1024x256.png","contentUrl":"https:\/\/rhbgrass.com\/wp-content\/uploads\/2023\/11\/rhb-grass-new-logo_-1024x256.png"},{"@type":"BreadcrumbList","@id":"https:\/\/rhbgrass.com\/hakkimizda\/#breadcrumb","itemListElement":[{"@type":"ListItem","position":1,"name":"Suni \u00c7im Hal\u0131 Malzemeleri","item":"https:\/\/rhbgrass.com\/"},{"@type":"ListItem","position":2,"name":"Hakk\u0131m\u0131zda"}]},{"@type":"WebSite","@id":"https:\/\/rhbgrass.com\/#website","url":"https:\/\/rhbgrass.com\/","name":"RHB Grass","description":"Global Suni \u00c7im Hal\u0131 ve Yap\u0131 Malzeme Tedarik\u00e7isi","publisher":{"@id":"https:\/\/rhbgrass.com\/#organization"},"alternateName":"Suni \u00c7im Malzemeleri Tedarik\u00e7isi","potentialAction":[{"@type":"SearchAction","target":{"@type":"EntryPoint","urlTemplate":"https:\/\/rhbgrass.com\/?s={search_term_string}"},"query-input":{"@type":"PropertyValueSpecification","valueRequired":true,"valueName":"search_term_string"}}],"inLanguage":"en-US"},{"@type":"Organization","@id":"https:\/\/rhbgrass.com\/#organization","name":"RHB Grass - Suni \u00c7im ve Yap\u0131 Malzeme Tedarik\u00e7isi","alternateName":"RHB Grass - Artificial Grass and Building Material Supplier","url":"https:\/\/rhbgrass.com\/","logo":{"@type":"ImageObject","inLanguage":"en-US","@id":"https:\/\/rhbgrass.com\/#\/schema\/logo\/image\/","url":"https:\/\/rhbgrass.com\/wp-content\/uploads\/2023\/10\/cropped-rhb-forest-green.png","contentUrl":"https:\/\/rhbgrass.com\/wp-content\/uploads\/2023\/10\/cropped-rhb-forest-green.png","width":512,"height":512,"caption":"RHB Grass - Suni \u00c7im ve Yap\u0131 Malzeme Tedarik\u00e7isi"},"image":{"@id":"https:\/\/rhbgrass.com\/#\/schema\/logo\/image\/"},"sameAs":["https:\/\/www.instagram.com\/rhbgrass\/"]}]}},"_links":{"self":[{"href":"https:\/\/rhbgrass.com\/en\/wp-json\/wp\/v2\/pages\/405","targetHints":{"allow":["GET"]}}],"collection":[{"href":"https:\/\/rhbgrass.com\/en\/wp-json\/wp\/v2\/pages"}],"about":[{"href":"https:\/\/rhbgrass.com\/en\/wp-json\/wp\/v2\/types\/page"}],"author":[{"embeddable":true,"href":"https:\/\/rhbgrass.com\/en\/wp-json\/wp\/v2\/users\/1"}],"replies":[{"embeddable":true,"href":"https:\/\/rhbgrass.com\/en\/wp-json\/wp\/v2\/comments?post=405"}],"version-history":[{"count":9,"href":"https:\/\/rhbgrass.com\/en\/wp-json\/wp\/v2\/pages\/405\/revisions"}],"predecessor-version":[{"id":7202,"href":"https:\/\/rhbgrass.com\/en\/wp-json\/wp\/v2\/pages\/405\/revisions\/7202"}],"wp:attachment":[{"href":"https:\/\/rhbgrass.com\/en\/wp-json\/wp\/v2\/media?parent=405"}],"curies":[{"name":"wp","href":"https:\/\/api.w.org\/{rel}","templated":true}]}}