{"id":2628,"date":"2023-10-19T12:49:15","date_gmt":"2023-10-19T12:49:15","guid":{"rendered":"https:\/\/rhbgrass.com\/?page_id=2628"},"modified":"2024-07-21T19:43:26","modified_gmt":"2024-07-21T19:43:26","slug":"iletisim","status":"publish","type":"page","link":"https:\/\/rhbgrass.com\/en\/contact\/","title":{"rendered":"Bizimle ileti\u015fime ge\u00e7in"},"content":{"rendered":"<h3>\n\t\t          \t\t\tContact details<br \/>\n\t\t\t\t\t<\/h3>\n<p>\t\t\t\t\t\t\t\t\t\t\t\t<!-- icon --><br \/>\n\t\t\t\t\t\t<img decoding=\"async\" src=\"https:\/\/rhbgrass.com\/wp-content\/uploads\/2023\/10\/whatsapp-512x512.png\" alt=\"Request on WhatsApp\"><br \/>\n\t\t\t\t\t\t\t\t\t\t\t\t\t\t\t\t\t\t<!-- title --><\/p>\n<h4>\n\t        \t\t\t\t\tRequest on WhatsApp<br \/>\n\t\t\t\t\t\t<\/h4>\n<p>\t\t\t\t\t\t\t\t\t\t\t\t\t\t\t\t\t\t<!-- description --><\/p>\n<p><a href=\"https:\/\/wa.me\/905352769708\">+90 535 276 97 08<\/a><\/p>\n<p>\u00a0<\/p>\n<p>\t\t\t\t\t\t\t\t\t\t\t\t<!-- icon --><br \/>\n\t\t\t\t\t\t<img decoding=\"async\" src=\"https:\/\/rhbgrass.com\/wp-content\/uploads\/2021\/03\/icon-5.png\" alt=\"E-Mail\"><br \/>\n\t\t\t\t\t\t\t\t\t\t\t\t\t\t\t\t\t\t<!-- title --><\/p>\n<h4>\n\t        \t\t\t\t\tE-Mail<br \/>\n\t\t\t\t\t\t<\/h4>\n<p>\t\t\t\t\t\t\t\t\t\t\t\t\t\t\t\t\t\t<!-- description --><\/p>\n<p><a href=\"mailto:info@rhbgrass.com\">info@rhbgrass.com<\/a><\/p>\n<p>\t\t\t\t\t\t\t\t\t\t\t\t<!-- icon --><br \/>\n\t\t\t\t\t\t<img decoding=\"async\" src=\"https:\/\/rhbgrass.com\/wp-content\/uploads\/2021\/03\/icon-6.png\" alt=\"Location\"><br \/>\n\t\t\t\t\t\t\t\t\t\t\t\t\t\t\t\t\t\t<!-- title --><\/p>\n<h4>\n\t        \t\t\t\t\tLocation<br \/>\n\t\t\t\t\t\t<\/h4>\n<p>\t\t\t\t\t\t\t\t\t\t\t\t\t\t\t\t\t\t<!-- description --><\/p>\n<p><a href=\"https:\/\/maps.app.goo.gl\/8kNN6frrUDEgwKcy9\">Kayaba\u015f\u0131 Mahallesi Kaya\u015fehir bulvar\u0131 Nida kule No:45 Kat 16 No:111 Ba\u015fak\u015fehir \/ \u0130STANBUL-T\u00dcRK\u0130YE<\/a><\/p>\n<h4>\n\t\t          \t\tContact forum<br \/>\n            \t<\/h4>\n<p role=\"status\" aria-live=\"polite\" aria-atomic=\"true\">\n<ul><\/ul>\n<form action=\"\/wp-admin\/admin-ajax.php#wpcf7-f80-o3\" method=\"post\" aria-label=\"Contact form\" novalidate=\"novalidate\" data-status=\"init\" data-trp-original-action=\"\/wp-admin\/admin-ajax.php#wpcf7-f80-o3\">\n<input type=\"hidden\" name=\"_wpcf7\" value=\"80\" \/><br \/>\n<input type=\"hidden\" name=\"_wpcf7_version\" value=\"5.9\" \/><br \/>\n<input type=\"hidden\" name=\"_wpcf7_locale\" value=\"en_US\" \/><br \/>\n<input type=\"hidden\" name=\"_wpcf7_unit_tag\" value=\"wpcf7-f80-o3\" \/><br \/>\n<input type=\"hidden\" name=\"_wpcf7_container_post\" value=\"0\" \/><br \/>\n<input type=\"hidden\" name=\"_wpcf7_posted_data_hash\" value=\"\" \/><br \/>\n    <label for=\"adiniz\">Your Name<\/label><br \/>\n    <input size=\"40\" aria-required=\"true\" aria-invalid=\"false\" value=\"\" type=\"text\" name=\"adiniz\" \/><br \/>\n    <label for=\"emailiniz\">Your Email Address<\/label><br \/>\n    <input size=\"40\" aria-required=\"true\" aria-invalid=\"false\" value=\"\" type=\"email\" name=\"emailiniz\" \/><br \/>\n    <label for=\"telefonunuz\">Telephone<\/label><br \/>\n    <input size=\"40\" aria-required=\"true\" aria-invalid=\"false\" value=\"\" type=\"tel\" name=\"telefonunuz\" \/><br \/>\n    <label for=\"ulkeniz\">Country<\/label><br \/>\n    <input size=\"40\" aria-invalid=\"false\" value=\"\" type=\"text\" name=\"ulkeniz\" \/><br \/>\n    <label for=\"mesajiniz\">Your message (optional)<\/label><br \/>\n    <textarea cols=\"40\" rows=\"10\" aria-invalid=\"false\" name=\"mesajiniz\"><\/textarea><br \/>\n    <input type=\"submit\" value=\"Create a request\" \/><br \/>\n<input type=\"hidden\" name=\"trp-form-language\" value=\"en\"\/><\/form>\n<p>\t\t\t<iframe loading=\"lazy\"\n\t\t\t\t\tsrc=\"https:\/\/maps.google.com\/maps?q=Kayaba%C5%9F%C4%B1%20Mahallesi%20Kaya%C5%9Fehir%20bulvar%C4%B1%20Nida%20kule%20No%3A45%20Kat%2016%20No%3A111%20Ba%C5%9Fak%C5%9Fehir%20%2F%20%C4%B0STANBUL-T%C3%9CRK%C4%B0YE&#038;t=m&#038;z=11&#038;output=embed&#038;iwloc=near\"\n\t\t\t\t\ttitle=\"Kayaba\u015f\u0131 Mahallesi Kaya\u015fehir bulvar\u0131 Nida kule No:45 Kat 16 No:111 Ba\u015fak\u015fehir \/ \u0130STANBUL-T\u00dcRK\u0130YE\"\n\t\t\t\t\taria-label=\"Kayaba\u015f\u0131 Mahallesi Kaya\u015fehir bulvar\u0131 Nida kule No:45 Kat 16 No:111 Ba\u015fak\u015fehir \/ \u0130STANBUL-T\u00dcRK\u0130YE\"\n\t\t\t><\/iframe><\/p>","protected":false},"excerpt":{"rendered":"<p>\u0130leti\u015fim bilgileri Whatsapp +90 535 276 97 08 \u00a0 E-Posta info@rhbgrass.com Lokasyon Kayaba\u015f\u0131 Mahallesi Kaya\u015fehir bulvar\u0131 Nida kule No:45 Kat&#8230; <span class=\"qrt-el-more\"><a href=\"https:\/\/rhbgrass.com\/en\/contact\/\" class=\"qrt-link qrt-color-link qrt-cursor-scale qrt-w-chevron\">Read more<\/a><\/span><\/p>","protected":false},"author":1,"featured_media":0,"parent":0,"menu_order":0,"comment_status":"closed","ping_status":"closed","template":"template-layout-builder.php","meta":{"cybocfi_hide_featured_image":"","footnotes":""},"class_list":["post-2628","page","type-page","status-publish","hentry"],"acf":[],"yoast_head":"<!-- This site is optimized with the Yoast SEO plugin v24.8.1 - https:\/\/yoast.com\/wordpress\/plugins\/seo\/ -->\n<title>Bizimle ileti\u015fime ge\u00e7in<\/title>\n<meta name=\"description\" content=\"\u0130leti\u015fim bilgileri Whatsapp +90 535 276 97 08\u00a0 E-Posta info@rhbgrass.com Lokasyon Kayaba\u015f\u0131 Mahallesi Kaya\u015fehir bulvar\u0131 Nida kule No:45 Kat 16 No:111\" \/>\n<meta name=\"robots\" content=\"index, follow, max-snippet:-1, max-image-preview:large, max-video-preview:-1\" \/>\n<link rel=\"canonical\" href=\"https:\/\/rhbgrass.com\/en\/contact\/\" \/>\n<meta property=\"og:locale\" content=\"en_US\" \/>\n<meta property=\"og:type\" content=\"article\" \/>\n<meta property=\"og:title\" content=\"Bizimle ileti\u015fime ge\u00e7in\" \/>\n<meta property=\"og:description\" content=\"\u0130leti\u015fim bilgileri Whatsapp +90 535 276 97 08\u00a0 E-Posta info@rhbgrass.com Lokasyon Kayaba\u015f\u0131 Mahallesi Kaya\u015fehir bulvar\u0131 Nida kule No:45 Kat 16 No:111\" \/>\n<meta property=\"og:url\" content=\"https:\/\/rhbgrass.com\/en\/contact\/\" \/>\n<meta property=\"og:site_name\" content=\"RHB Grass\" \/>\n<meta property=\"article:modified_time\" content=\"2024-07-21T19:43:26+00:00\" \/>\n<meta property=\"og:image\" content=\"https:\/\/rhbgrass.com\/wp-content\/uploads\/2023\/10\/whatsapp-512x512.png\" \/>\n<meta name=\"twitter:card\" content=\"summary_large_image\" \/>\n<meta name=\"twitter:label1\" content=\"Est. reading time\" \/>\n\t<meta name=\"twitter:data1\" content=\"1 minute\" \/>\n<script type=\"application\/ld+json\" class=\"yoast-schema-graph\">{\"@context\":\"https:\/\/schema.org\",\"@graph\":[{\"@type\":\"WebPage\",\"@id\":\"https:\/\/rhbgrass.com\/iletisim\/\",\"url\":\"https:\/\/rhbgrass.com\/iletisim\/\",\"name\":\"Bizimle ileti\u015fime ge\u00e7in\",\"isPartOf\":{\"@id\":\"https:\/\/rhbgrass.com\/#website\"},\"primaryImageOfPage\":{\"@id\":\"https:\/\/rhbgrass.com\/iletisim\/#primaryimage\"},\"image\":{\"@id\":\"https:\/\/rhbgrass.com\/iletisim\/#primaryimage\"},\"thumbnailUrl\":\"https:\/\/rhbgrass.com\/wp-content\/uploads\/2023\/10\/whatsapp-512x512.png\",\"datePublished\":\"2023-10-19T12:49:15+00:00\",\"dateModified\":\"2024-07-21T19:43:26+00:00\",\"description\":\"\u0130leti\u015fim bilgileri Whatsapp +90 535 276 97 08\u00a0 E-Posta info@rhbgrass.com Lokasyon Kayaba\u015f\u0131 Mahallesi Kaya\u015fehir bulvar\u0131 Nida kule No:45 Kat 16 No:111\",\"breadcrumb\":{\"@id\":\"https:\/\/rhbgrass.com\/iletisim\/#breadcrumb\"},\"inLanguage\":\"en-US\",\"potentialAction\":[{\"@type\":\"ReadAction\",\"target\":[\"https:\/\/rhbgrass.com\/iletisim\/\"]}]},{\"@type\":\"ImageObject\",\"inLanguage\":\"en-US\",\"@id\":\"https:\/\/rhbgrass.com\/iletisim\/#primaryimage\",\"url\":\"https:\/\/rhbgrass.com\/wp-content\/uploads\/2023\/10\/whatsapp-512x512.png\",\"contentUrl\":\"https:\/\/rhbgrass.com\/wp-content\/uploads\/2023\/10\/whatsapp-512x512.png\"},{\"@type\":\"BreadcrumbList\",\"@id\":\"https:\/\/rhbgrass.com\/iletisim\/#breadcrumb\",\"itemListElement\":[{\"@type\":\"ListItem\",\"position\":1,\"name\":\"Suni \u00c7im Hal\u0131 Malzemeleri\",\"item\":\"https:\/\/rhbgrass.com\/\"},{\"@type\":\"ListItem\",\"position\":2,\"name\":\"Bizimle ileti\u015fime ge\u00e7in\"}]},{\"@type\":\"WebSite\",\"@id\":\"https:\/\/rhbgrass.com\/#website\",\"url\":\"https:\/\/rhbgrass.com\/\",\"name\":\"RHB Grass\",\"description\":\"Global Suni \u00c7im Hal\u0131 ve Yap\u0131 Malzeme Tedarik\u00e7isi\",\"publisher\":{\"@id\":\"https:\/\/rhbgrass.com\/#organization\"},\"alternateName\":\"Suni \u00c7im Malzemeleri Tedarik\u00e7isi\",\"potentialAction\":[{\"@type\":\"SearchAction\",\"target\":{\"@type\":\"EntryPoint\",\"urlTemplate\":\"https:\/\/rhbgrass.com\/?s={search_term_string}\"},\"query-input\":{\"@type\":\"PropertyValueSpecification\",\"valueRequired\":true,\"valueName\":\"search_term_string\"}}],\"inLanguage\":\"en-US\"},{\"@type\":\"Organization\",\"@id\":\"https:\/\/rhbgrass.com\/#organization\",\"name\":\"RHB Grass - Suni \u00c7im ve Yap\u0131 Malzeme Tedarik\u00e7isi\",\"alternateName\":\"RHB Grass - Artificial Grass and Building Material Supplier\",\"url\":\"https:\/\/rhbgrass.com\/\",\"logo\":{\"@type\":\"ImageObject\",\"inLanguage\":\"en-US\",\"@id\":\"https:\/\/rhbgrass.com\/#\/schema\/logo\/image\/\",\"url\":\"https:\/\/rhbgrass.com\/wp-content\/uploads\/2023\/10\/cropped-rhb-forest-green.png\",\"contentUrl\":\"https:\/\/rhbgrass.com\/wp-content\/uploads\/2023\/10\/cropped-rhb-forest-green.png\",\"width\":512,\"height\":512,\"caption\":\"RHB Grass - Suni \u00c7im ve Yap\u0131 Malzeme Tedarik\u00e7isi\"},\"image\":{\"@id\":\"https:\/\/rhbgrass.com\/#\/schema\/logo\/image\/\"},\"sameAs\":[\"https:\/\/www.instagram.com\/rhbgrass\/\"]}]}<\/script>\n<!-- \/ Yoast SEO plugin. -->","yoast_head_json":{"title":"Bizimle ileti\u015fime ge\u00e7in","description":"\u0130leti\u015fim bilgileri Whatsapp +90 535 276 97 08\u00a0 E-Posta info@rhbgrass.com Lokasyon Kayaba\u015f\u0131 Mahallesi Kaya\u015fehir bulvar\u0131 Nida kule No:45 Kat 16 No:111","robots":{"index":"index","follow":"follow","max-snippet":"max-snippet:-1","max-image-preview":"max-image-preview:large","max-video-preview":"max-video-preview:-1"},"canonical":"https:\/\/rhbgrass.com\/en\/contact\/","og_locale":"en_US","og_type":"article","og_title":"Bizimle ileti\u015fime ge\u00e7in","og_description":"\u0130leti\u015fim bilgileri Whatsapp +90 535 276 97 08\u00a0 E-Posta info@rhbgrass.com Lokasyon Kayaba\u015f\u0131 Mahallesi Kaya\u015fehir bulvar\u0131 Nida kule No:45 Kat 16 No:111","og_url":"https:\/\/rhbgrass.com\/en\/contact\/","og_site_name":"RHB Grass","article_modified_time":"2024-07-21T19:43:26+00:00","og_image":[{"url":"https:\/\/rhbgrass.com\/wp-content\/uploads\/2023\/10\/whatsapp-512x512.png","type":"","width":"","height":""}],"twitter_card":"summary_large_image","twitter_misc":{"Est. reading time":"1 minute"},"schema":{"@context":"https:\/\/schema.org","@graph":[{"@type":"WebPage","@id":"https:\/\/rhbgrass.com\/iletisim\/","url":"https:\/\/rhbgrass.com\/iletisim\/","name":"Bizimle ileti\u015fime ge\u00e7in","isPartOf":{"@id":"https:\/\/rhbgrass.com\/#website"},"primaryImageOfPage":{"@id":"https:\/\/rhbgrass.com\/iletisim\/#primaryimage"},"image":{"@id":"https:\/\/rhbgrass.com\/iletisim\/#primaryimage"},"thumbnailUrl":"https:\/\/rhbgrass.com\/wp-content\/uploads\/2023\/10\/whatsapp-512x512.png","datePublished":"2023-10-19T12:49:15+00:00","dateModified":"2024-07-21T19:43:26+00:00","description":"\u0130leti\u015fim bilgileri Whatsapp +90 535 276 97 08\u00a0 E-Posta info@rhbgrass.com Lokasyon Kayaba\u015f\u0131 Mahallesi Kaya\u015fehir bulvar\u0131 Nida kule No:45 Kat 16 No:111","breadcrumb":{"@id":"https:\/\/rhbgrass.com\/iletisim\/#breadcrumb"},"inLanguage":"en-US","potentialAction":[{"@type":"ReadAction","target":["https:\/\/rhbgrass.com\/iletisim\/"]}]},{"@type":"ImageObject","inLanguage":"en-US","@id":"https:\/\/rhbgrass.com\/iletisim\/#primaryimage","url":"https:\/\/rhbgrass.com\/wp-content\/uploads\/2023\/10\/whatsapp-512x512.png","contentUrl":"https:\/\/rhbgrass.com\/wp-content\/uploads\/2023\/10\/whatsapp-512x512.png"},{"@type":"BreadcrumbList","@id":"https:\/\/rhbgrass.com\/iletisim\/#breadcrumb","itemListElement":[{"@type":"ListItem","position":1,"name":"Suni \u00c7im Hal\u0131 Malzemeleri","item":"https:\/\/rhbgrass.com\/"},{"@type":"ListItem","position":2,"name":"Bizimle ileti\u015fime ge\u00e7in"}]},{"@type":"WebSite","@id":"https:\/\/rhbgrass.com\/#website","url":"https:\/\/rhbgrass.com\/","name":"RHB Grass","description":"Global Suni \u00c7im Hal\u0131 ve Yap\u0131 Malzeme Tedarik\u00e7isi","publisher":{"@id":"https:\/\/rhbgrass.com\/#organization"},"alternateName":"Suni \u00c7im Malzemeleri Tedarik\u00e7isi","potentialAction":[{"@type":"SearchAction","target":{"@type":"EntryPoint","urlTemplate":"https:\/\/rhbgrass.com\/?s={search_term_string}"},"query-input":{"@type":"PropertyValueSpecification","valueRequired":true,"valueName":"search_term_string"}}],"inLanguage":"en-US"},{"@type":"Organization","@id":"https:\/\/rhbgrass.com\/#organization","name":"RHB Grass - Suni \u00c7im ve Yap\u0131 Malzeme Tedarik\u00e7isi","alternateName":"RHB Grass - Artificial Grass and Building Material Supplier","url":"https:\/\/rhbgrass.com\/","logo":{"@type":"ImageObject","inLanguage":"en-US","@id":"https:\/\/rhbgrass.com\/#\/schema\/logo\/image\/","url":"https:\/\/rhbgrass.com\/wp-content\/uploads\/2023\/10\/cropped-rhb-forest-green.png","contentUrl":"https:\/\/rhbgrass.com\/wp-content\/uploads\/2023\/10\/cropped-rhb-forest-green.png","width":512,"height":512,"caption":"RHB Grass - Suni \u00c7im ve Yap\u0131 Malzeme Tedarik\u00e7isi"},"image":{"@id":"https:\/\/rhbgrass.com\/#\/schema\/logo\/image\/"},"sameAs":["https:\/\/www.instagram.com\/rhbgrass\/"]}]}},"_links":{"self":[{"href":"https:\/\/rhbgrass.com\/en\/wp-json\/wp\/v2\/pages\/2628","targetHints":{"allow":["GET"]}}],"collection":[{"href":"https:\/\/rhbgrass.com\/en\/wp-json\/wp\/v2\/pages"}],"about":[{"href":"https:\/\/rhbgrass.com\/en\/wp-json\/wp\/v2\/types\/page"}],"author":[{"embeddable":true,"href":"https:\/\/rhbgrass.com\/en\/wp-json\/wp\/v2\/users\/1"}],"replies":[{"embeddable":true,"href":"https:\/\/rhbgrass.com\/en\/wp-json\/wp\/v2\/comments?post=2628"}],"version-history":[{"count":9,"href":"https:\/\/rhbgrass.com\/en\/wp-json\/wp\/v2\/pages\/2628\/revisions"}],"predecessor-version":[{"id":7248,"href":"https:\/\/rhbgrass.com\/en\/wp-json\/wp\/v2\/pages\/2628\/revisions\/7248"}],"wp:attachment":[{"href":"https:\/\/rhbgrass.com\/en\/wp-json\/wp\/v2\/media?parent=2628"}],"curies":[{"name":"wp","href":"https:\/\/api.w.org\/{rel}","templated":true}]}}